{"id":8601,"date":"2024-06-23T14:11:58","date_gmt":"2024-06-23T12:11:58","guid":{"rendered":"http:\/\/213.157.24.122\/wordpress\/?page_id=8601"},"modified":"2024-07-07T14:36:33","modified_gmt":"2024-07-07T12:36:33","slug":"gastangler-bedingungen","status":"publish","type":"page","link":"https:\/\/angelverein-griesheim.de\/?page_id=8601","title":{"rendered":"Gastangler &#8211; Bedingungen"},"content":{"rendered":"\t\t<div data-elementor-type=\"wp-page\" data-elementor-id=\"8601\" class=\"elementor elementor-8601\">\n\t\t\t\t<div class=\"elementor-element elementor-element-29650c8 e-flex e-con-boxed e-con e-parent\" data-id=\"29650c8\" data-element_type=\"container\">\n\t\t\t\t\t<div class=\"e-con-inner\">\n\t\t\t\t<div class=\"elementor-element elementor-element-6d543d9 elementor-widget elementor-widget-text-editor\" data-id=\"6d543d9\" data-element_type=\"widget\" data-widget_type=\"text-editor.default\">\n\t\t\t\t<div class=\"elementor-widget-container\">\n\t\t\t<style>\/*! elementor - v3.21.0 - 26-05-2024 *\/\n.elementor-widget-text-editor.elementor-drop-cap-view-stacked .elementor-drop-cap{background-color:#69727d;color:#fff}.elementor-widget-text-editor.elementor-drop-cap-view-framed .elementor-drop-cap{color:#69727d;border:3px solid;background-color:transparent}.elementor-widget-text-editor:not(.elementor-drop-cap-view-default) .elementor-drop-cap{margin-top:8px}.elementor-widget-text-editor:not(.elementor-drop-cap-view-default) .elementor-drop-cap-letter{width:1em;height:1em}.elementor-widget-text-editor .elementor-drop-cap{float:left;text-align:center;line-height:1;font-size:50px}.elementor-widget-text-editor .elementor-drop-cap-letter{display:inline-block}<\/style>\t\t\t\t<ul><li>Jedes Mitglied kann im Jahr zwei Gastangler mit an das Vereinsgew\u00e4sser bringen.<\/li><li>Der gleiche Gastangler darf aber nur zweimal im Jahr am Vereinsgew\u00e4sser angeln.<\/li><li>Das Mitglied, das einen Gastangler mitbringt, hat sofort nach H\u00fctten\u00f6ffnung beim H\u00fcttenwirt zu melden.<\/li><\/ul><p>Zwecks:\u00a0 \u00a0 \u00a0 \u00a0<strong>Kontrolle des g\u00fcltigen Jahresfischereischeins des Gastanglers<\/strong><\/p><p><strong>\u00a0\u00a0\u00a0\u00a0\u00a0\u00a0\u00a0\u00a0\u00a0\u00a0\u00a0\u00a0\u00a0\u00a0\u00a0\u00a0\u00a0\u00a0\u00a0\u00a0\u00a0\u00a0\u00a0 Entrichtung einer Geb\u00fchr von \u20ac 10<\/strong><\/p><p><strong>\u00a0\u00a0\u00a0\u00a0\u00a0\u00a0\u00a0\u00a0\u00a0\u00a0\u00a0\u00a0\u00a0\u00a0\u00a0\u00a0\u00a0\u00a0\u00a0\u00a0\u00a0\u00a0\u00a0 Erfassung in einer Gastanglerliste<\/strong><\/p><ul><li>Die Zeit des Gastangelns ist auf 24 Stunden beschr\u00e4nkt.<\/li><li>F\u00fcr den Gast sind ein Raubfisch und ein Friedfisch oder zwei Friedfische frei. Wei\u00dffische sind unbeschr\u00e4nkt.<\/li><li>Der Gast darf mit zwei Ruten fischen und hat sich an die Gew\u00e4sserordnung zu halten. Es darf mit einer Rute auf Raub und einer Rute auf Friedfisch oder mit zwei Ruten auf Friedfisch geangelt werden.<\/li><li>Verantwortlich f\u00fcr das Verhalten des Gastes ist das einladende Vereinsmitglied.<\/li><\/ul><h6><strong>Die \u00d6ffnungszeiten sind an der Anglerh\u00fctte zu ersehen.<\/strong><\/h6><h6><strong> Falls die H\u00fctte nicht besetzt sein sollte, ist der Vorstand zu informieren.<\/strong><\/h6><h6><strong> (Bei Nacht oder Fr\u00fchangeln bitte bereits am Vortag)!<\/strong><\/h6>\t\t\t\t\t\t<\/div>\n\t\t\t\t<\/div>\n\t\t\t\t\t<\/div>\n\t\t\t\t<\/div>\n\t\t\t\t<\/div>\n\t\t","protected":false},"excerpt":{"rendered":"<p>Jedes Mitglied kann im Jahr zwei Gastangler mit an das Vereinsgew\u00e4sser bringen. Der gleiche Gastangler darf aber nur zweimal im Jahr am Vereinsgew\u00e4sser angeln. Das Mitglied, das einen Gastangler mitbringt, hat sofort nach H\u00fctten\u00f6ffnung beim H\u00fcttenwirt zu melden. Zwecks:\u00a0 \u00a0 \u00a0 \u00a0Kontrolle des g\u00fcltigen Jahresfischereischeins des Gastanglers \u00a0\u00a0\u00a0\u00a0\u00a0\u00a0\u00a0\u00a0\u00a0\u00a0\u00a0\u00a0\u00a0\u00a0\u00a0\u00a0\u00a0\u00a0\u00a0\u00a0\u00a0\u00a0\u00a0 Entrichtung einer Geb\u00fchr von \u20ac 10 \u00a0\u00a0\u00a0\u00a0\u00a0\u00a0\u00a0\u00a0\u00a0\u00a0\u00a0\u00a0\u00a0\u00a0\u00a0\u00a0\u00a0\u00a0\u00a0\u00a0\u00a0\u00a0\u00a0 [&hellip;]<\/p>\n","protected":false},"author":3,"featured_media":0,"parent":0,"menu_order":0,"comment_status":"closed","ping_status":"closed","template":"elementor_header_footer","meta":{"inline_featured_image":false,"footnotes":""},"class_list":["post-8601","page","type-page","status-publish","hentry"],"yoast_head":"<!-- This site is optimized with the Yoast SEO plugin v22.8 - https:\/\/yoast.com\/wordpress\/plugins\/seo\/ -->\n<title>Gastangler - Bedingungen - Angelsportverein<\/title>\n<meta name=\"robots\" content=\"index, follow, max-snippet:-1, max-image-preview:large, max-video-preview:-1\" \/>\n<link rel=\"canonical\" href=\"https:\/\/angelverein-griesheim.de\/?page_id=8601\" \/>\n<meta property=\"og:locale\" content=\"de_DE\" \/>\n<meta property=\"og:type\" content=\"article\" \/>\n<meta property=\"og:title\" content=\"Gastangler - Bedingungen - Angelsportverein\" \/>\n<meta property=\"og:description\" content=\"Jedes Mitglied kann im Jahr zwei Gastangler mit an das Vereinsgew\u00e4sser bringen. Der gleiche Gastangler darf aber nur zweimal im Jahr am Vereinsgew\u00e4sser angeln. Das Mitglied, das einen Gastangler mitbringt, hat sofort nach H\u00fctten\u00f6ffnung beim H\u00fcttenwirt zu melden. Zwecks:\u00a0 \u00a0 \u00a0 \u00a0Kontrolle des g\u00fcltigen Jahresfischereischeins des Gastanglers \u00a0\u00a0\u00a0\u00a0\u00a0\u00a0\u00a0\u00a0\u00a0\u00a0\u00a0\u00a0\u00a0\u00a0\u00a0\u00a0\u00a0\u00a0\u00a0\u00a0\u00a0\u00a0\u00a0 Entrichtung einer Geb\u00fchr von \u20ac 10 \u00a0\u00a0\u00a0\u00a0\u00a0\u00a0\u00a0\u00a0\u00a0\u00a0\u00a0\u00a0\u00a0\u00a0\u00a0\u00a0\u00a0\u00a0\u00a0\u00a0\u00a0\u00a0\u00a0 [&hellip;]\" \/>\n<meta property=\"og:url\" content=\"https:\/\/angelverein-griesheim.de\/?page_id=8601\" \/>\n<meta property=\"og:site_name\" content=\"Angelsportverein\" \/>\n<meta property=\"article:modified_time\" content=\"2024-07-07T12:36:33+00:00\" \/>\n<meta name=\"twitter:card\" content=\"summary_large_image\" \/>\n<meta name=\"twitter:label1\" content=\"Gesch\u00e4tzte Lesezeit\" \/>\n\t<meta name=\"twitter:data1\" content=\"1\u00a0Minute\" \/>\n<script type=\"application\/ld+json\" class=\"yoast-schema-graph\">{\"@context\":\"https:\/\/schema.org\",\"@graph\":[{\"@type\":\"WebPage\",\"@id\":\"https:\/\/angelverein-griesheim.de\/?page_id=8601\",\"url\":\"https:\/\/angelverein-griesheim.de\/?page_id=8601\",\"name\":\"Gastangler - Bedingungen - Angelsportverein\",\"isPartOf\":{\"@id\":\"https:\/\/angelverein-griesheim.de\/#website\"},\"datePublished\":\"2024-06-23T12:11:58+00:00\",\"dateModified\":\"2024-07-07T12:36:33+00:00\",\"breadcrumb\":{\"@id\":\"https:\/\/angelverein-griesheim.de\/?page_id=8601#breadcrumb\"},\"inLanguage\":\"de\",\"potentialAction\":[{\"@type\":\"ReadAction\",\"target\":[\"https:\/\/angelverein-griesheim.de\/?page_id=8601\"]}]},{\"@type\":\"BreadcrumbList\",\"@id\":\"https:\/\/angelverein-griesheim.de\/?page_id=8601#breadcrumb\",\"itemListElement\":[{\"@type\":\"ListItem\",\"position\":1,\"name\":\"Startseite\",\"item\":\"https:\/\/angelverein-griesheim.de\/\"},{\"@type\":\"ListItem\",\"position\":2,\"name\":\"Gastangler &#8211; Bedingungen\"}]},{\"@type\":\"WebSite\",\"@id\":\"https:\/\/angelverein-griesheim.de\/#website\",\"url\":\"https:\/\/angelverein-griesheim.de\/\",\"name\":\"Angelsportverein\",\"description\":\"Angelsportverein\",\"publisher\":{\"@id\":\"https:\/\/angelverein-griesheim.de\/#organization\"},\"potentialAction\":[{\"@type\":\"SearchAction\",\"target\":{\"@type\":\"EntryPoint\",\"urlTemplate\":\"https:\/\/angelverein-griesheim.de\/?s={search_term_string}\"},\"query-input\":\"required name=search_term_string\"}],\"inLanguage\":\"de\"},{\"@type\":\"Organization\",\"@id\":\"https:\/\/angelverein-griesheim.de\/#organization\",\"name\":\"Angelsportverein\",\"url\":\"https:\/\/angelverein-griesheim.de\/\",\"logo\":{\"@type\":\"ImageObject\",\"inLanguage\":\"de\",\"@id\":\"https:\/\/angelverein-griesheim.de\/#\/schema\/logo\/image\/\",\"url\":\"https:\/\/angelverein-griesheim.de\/wp-content\/uploads\/2024\/06\/logo_angelverein.png\",\"contentUrl\":\"https:\/\/angelverein-griesheim.de\/wp-content\/uploads\/2024\/06\/logo_angelverein.png\",\"width\":1200,\"height\":1200,\"caption\":\"Angelsportverein\"},\"image\":{\"@id\":\"https:\/\/angelverein-griesheim.de\/#\/schema\/logo\/image\/\"}}]}<\/script>\n<!-- \/ Yoast SEO plugin. -->","yoast_head_json":{"title":"Gastangler - Bedingungen - Angelsportverein","robots":{"index":"index","follow":"follow","max-snippet":"max-snippet:-1","max-image-preview":"max-image-preview:large","max-video-preview":"max-video-preview:-1"},"canonical":"https:\/\/angelverein-griesheim.de\/?page_id=8601","og_locale":"de_DE","og_type":"article","og_title":"Gastangler - Bedingungen - Angelsportverein","og_description":"Jedes Mitglied kann im Jahr zwei Gastangler mit an das Vereinsgew\u00e4sser bringen. Der gleiche Gastangler darf aber nur zweimal im Jahr am Vereinsgew\u00e4sser angeln. Das Mitglied, das einen Gastangler mitbringt, hat sofort nach H\u00fctten\u00f6ffnung beim H\u00fcttenwirt zu melden. Zwecks:\u00a0 \u00a0 \u00a0 \u00a0Kontrolle des g\u00fcltigen Jahresfischereischeins des Gastanglers \u00a0\u00a0\u00a0\u00a0\u00a0\u00a0\u00a0\u00a0\u00a0\u00a0\u00a0\u00a0\u00a0\u00a0\u00a0\u00a0\u00a0\u00a0\u00a0\u00a0\u00a0\u00a0\u00a0 Entrichtung einer Geb\u00fchr von \u20ac 10 \u00a0\u00a0\u00a0\u00a0\u00a0\u00a0\u00a0\u00a0\u00a0\u00a0\u00a0\u00a0\u00a0\u00a0\u00a0\u00a0\u00a0\u00a0\u00a0\u00a0\u00a0\u00a0\u00a0 [&hellip;]","og_url":"https:\/\/angelverein-griesheim.de\/?page_id=8601","og_site_name":"Angelsportverein","article_modified_time":"2024-07-07T12:36:33+00:00","twitter_card":"summary_large_image","twitter_misc":{"Gesch\u00e4tzte Lesezeit":"1\u00a0Minute"},"schema":{"@context":"https:\/\/schema.org","@graph":[{"@type":"WebPage","@id":"https:\/\/angelverein-griesheim.de\/?page_id=8601","url":"https:\/\/angelverein-griesheim.de\/?page_id=8601","name":"Gastangler - Bedingungen - Angelsportverein","isPartOf":{"@id":"https:\/\/angelverein-griesheim.de\/#website"},"datePublished":"2024-06-23T12:11:58+00:00","dateModified":"2024-07-07T12:36:33+00:00","breadcrumb":{"@id":"https:\/\/angelverein-griesheim.de\/?page_id=8601#breadcrumb"},"inLanguage":"de","potentialAction":[{"@type":"ReadAction","target":["https:\/\/angelverein-griesheim.de\/?page_id=8601"]}]},{"@type":"BreadcrumbList","@id":"https:\/\/angelverein-griesheim.de\/?page_id=8601#breadcrumb","itemListElement":[{"@type":"ListItem","position":1,"name":"Startseite","item":"https:\/\/angelverein-griesheim.de\/"},{"@type":"ListItem","position":2,"name":"Gastangler &#8211; Bedingungen"}]},{"@type":"WebSite","@id":"https:\/\/angelverein-griesheim.de\/#website","url":"https:\/\/angelverein-griesheim.de\/","name":"Angelsportverein","description":"Angelsportverein","publisher":{"@id":"https:\/\/angelverein-griesheim.de\/#organization"},"potentialAction":[{"@type":"SearchAction","target":{"@type":"EntryPoint","urlTemplate":"https:\/\/angelverein-griesheim.de\/?s={search_term_string}"},"query-input":"required name=search_term_string"}],"inLanguage":"de"},{"@type":"Organization","@id":"https:\/\/angelverein-griesheim.de\/#organization","name":"Angelsportverein","url":"https:\/\/angelverein-griesheim.de\/","logo":{"@type":"ImageObject","inLanguage":"de","@id":"https:\/\/angelverein-griesheim.de\/#\/schema\/logo\/image\/","url":"https:\/\/angelverein-griesheim.de\/wp-content\/uploads\/2024\/06\/logo_angelverein.png","contentUrl":"https:\/\/angelverein-griesheim.de\/wp-content\/uploads\/2024\/06\/logo_angelverein.png","width":1200,"height":1200,"caption":"Angelsportverein"},"image":{"@id":"https:\/\/angelverein-griesheim.de\/#\/schema\/logo\/image\/"}}]}},"_links":{"self":[{"href":"https:\/\/angelverein-griesheim.de\/index.php?rest_route=\/wp\/v2\/pages\/8601","targetHints":{"allow":["GET"]}}],"collection":[{"href":"https:\/\/angelverein-griesheim.de\/index.php?rest_route=\/wp\/v2\/pages"}],"about":[{"href":"https:\/\/angelverein-griesheim.de\/index.php?rest_route=\/wp\/v2\/types\/page"}],"author":[{"embeddable":true,"href":"https:\/\/angelverein-griesheim.de\/index.php?rest_route=\/wp\/v2\/users\/3"}],"replies":[{"embeddable":true,"href":"https:\/\/angelverein-griesheim.de\/index.php?rest_route=%2Fwp%2Fv2%2Fcomments&post=8601"}],"version-history":[{"count":13,"href":"https:\/\/angelverein-griesheim.de\/index.php?rest_route=\/wp\/v2\/pages\/8601\/revisions"}],"predecessor-version":[{"id":9103,"href":"https:\/\/angelverein-griesheim.de\/index.php?rest_route=\/wp\/v2\/pages\/8601\/revisions\/9103"}],"wp:attachment":[{"href":"https:\/\/angelverein-griesheim.de\/index.php?rest_route=%2Fwp%2Fv2%2Fmedia&parent=8601"}],"curies":[{"name":"wp","href":"https:\/\/api.w.org\/{rel}","templated":true}]}}