{"id":8445,"date":"2024-06-21T09:57:14","date_gmt":"2024-06-21T07:57:14","guid":{"rendered":"http:\/\/213.157.24.122\/wordpress\/?page_id=8445"},"modified":"2024-06-23T14:23:33","modified_gmt":"2024-06-23T12:23:33","slug":"jugendordnung","status":"publish","type":"page","link":"https:\/\/angelverein-griesheim.de\/?page_id=8445","title":{"rendered":"Jugendordnung"},"content":{"rendered":"\t\t<div data-elementor-type=\"wp-page\" data-elementor-id=\"8445\" class=\"elementor elementor-8445\">\n\t\t\t\t<div class=\"elementor-element elementor-element-3ab870d e-flex e-con-boxed e-con e-parent\" data-id=\"3ab870d\" data-element_type=\"container\">\n\t\t\t\t\t<div class=\"e-con-inner\">\n\t\t\t\t<div class=\"elementor-element elementor-element-d0adcab elementor-widget elementor-widget-text-editor\" data-id=\"d0adcab\" data-element_type=\"widget\" data-widget_type=\"text-editor.default\">\n\t\t\t\t<div class=\"elementor-widget-container\">\n\t\t\t<style>\/*! elementor - v3.21.0 - 26-05-2024 *\/\n.elementor-widget-text-editor.elementor-drop-cap-view-stacked .elementor-drop-cap{background-color:#69727d;color:#fff}.elementor-widget-text-editor.elementor-drop-cap-view-framed .elementor-drop-cap{color:#69727d;border:3px solid;background-color:transparent}.elementor-widget-text-editor:not(.elementor-drop-cap-view-default) .elementor-drop-cap{margin-top:8px}.elementor-widget-text-editor:not(.elementor-drop-cap-view-default) .elementor-drop-cap-letter{width:1em;height:1em}.elementor-widget-text-editor .elementor-drop-cap{float:left;text-align:center;line-height:1;font-size:50px}.elementor-widget-text-editor .elementor-drop-cap-letter{display:inline-block}<\/style>\t\t\t\t<p><strong>Jugendordnung des Angelsportverein Griesheim 62 e. V.<\/strong><\/p><p><strong>\u00a7 1<\/strong><br \/>Der Angelsportverein Griesheim 62 e.V. unterh\u00e4lt eine Jugendgruppe, der Jugendliche von 10 bis 18 Jahren angeh\u00f6ren k\u00f6nnen.<\/p><p><strong>\u00a72<\/strong><br \/>Die Jugendgruppe wird von dem von der Mitgliederversammlung gew\u00e4hlten Jugendwart und seinem Stellvertreter unter Mithilfe des gesamten Vorstandes geleitet. Sie f\u00fchrt im Rahmen der Vereinssatzung und der weiteren g\u00fcltigen Vereinsordnungen ihr Vereinsjugendleben nach eigenen Entschl\u00fcssen.<\/p><p><strong>\u00a73<\/strong><br \/>Von den Jugendlichen wird erwartet. dass sie mit Interesse und Regelm\u00e4\u00dfigkeit an den Veranstaltungen der Jugendgruppe und des Vereins teilnehmen. Sie sind verpflichtet, den Anordnungen des Jugendwartes w\u00e4hrend der Veranstaltungen Folge zu leisten.<\/p><p><strong>\u00a7 4<\/strong><br \/>Sinn und Zweck der Jugendgruppenarbeit ist es, die Jugendlichen zu waidgerechten Angelfischern hinzuf\u00fchren, im jugendpflegerischen Sinne zu betreuen und zum Verst\u00e4ndnis f\u00fcr die Notwendigkeit eines umfassenden Umweltschutzes zu f\u00fchren.<\/p><p><strong>\u00a7 5<\/strong><br \/>Die Jugendarbeit wird vom Verein finanziell gef\u00f6rdert.<\/p><p><strong>\u00a76<\/strong><br \/>Die Jugendgruppe vertritt sich durch einen aus ihren Reihen gew\u00e4hlten Jugendsprecher.<\/p><p><strong>\u00a77<\/strong><br \/>Bei der Aufnahme in den Verein und die Jugendgruppe hat der Jugendliche eine Einverst\u00e4ndniserkl\u00e4rung eines Erziehungsberechtigten vorzulegen.<\/p><p><strong>\u00a7 8<\/strong><br \/>Bei Nichtbeachtung der Verpflichtungen und Gebote aus dieser Jugendordnung, der Satzung und der jeweils g\u00fcltigen Vereinsordnungen kann der Jugendwart im Einvernehmen mit Vorstand und nach R\u00fccksprache mit den Erziehungsberechtigten des Jugendlichen den Ausschluss aus der Jugendgruppe bestimmen.<\/p><p><strong>\u00a79<\/strong><br \/>Diese Jugendordnung wurde beschlossen in der Mitgliederversammlung am 19. Oktober 2004.<br \/>Sie tritt zum 20. Oktober 2004 in Kraft. Die bis dahin g\u00fcltige Jugendordnung tritt au\u00dfer Kraft.<\/p><p><br \/>64347 Griesheim, 19. Oktober 2004<\/p>\t\t\t\t\t\t<\/div>\n\t\t\t\t<\/div>\n\t\t\t\t\t<\/div>\n\t\t\t\t<\/div>\n\t\t\t\t<\/div>\n\t\t","protected":false},"excerpt":{"rendered":"<p>Jugendordnung des Angelsportverein Griesheim 62 e. V. \u00a7 1Der Angelsportverein Griesheim 62 e.V. unterh\u00e4lt eine Jugendgruppe, der Jugendliche von 10 bis 18 Jahren angeh\u00f6ren k\u00f6nnen. \u00a72Die Jugendgruppe wird von dem von der Mitgliederversammlung gew\u00e4hlten Jugendwart und seinem Stellvertreter unter Mithilfe des gesamten Vorstandes geleitet. Sie f\u00fchrt im Rahmen der Vereinssatzung und der weiteren g\u00fcltigen Vereinsordnungen [&hellip;]<\/p>\n","protected":false},"author":3,"featured_media":0,"parent":0,"menu_order":0,"comment_status":"closed","ping_status":"closed","template":"elementor_header_footer","meta":{"inline_featured_image":false,"footnotes":""},"class_list":["post-8445","page","type-page","status-publish","hentry"],"yoast_head":"<!-- This site is optimized with the Yoast SEO plugin v22.8 - https:\/\/yoast.com\/wordpress\/plugins\/seo\/ -->\n<title>Jugendordnung - Angelsportverein<\/title>\n<meta name=\"robots\" content=\"index, follow, max-snippet:-1, max-image-preview:large, max-video-preview:-1\" \/>\n<link rel=\"canonical\" href=\"https:\/\/angelverein-griesheim.de\/?page_id=8445\" \/>\n<meta property=\"og:locale\" content=\"de_DE\" \/>\n<meta property=\"og:type\" content=\"article\" \/>\n<meta property=\"og:title\" content=\"Jugendordnung - Angelsportverein\" \/>\n<meta property=\"og:description\" content=\"Jugendordnung des Angelsportverein Griesheim 62 e. V. \u00a7 1Der Angelsportverein Griesheim 62 e.V. unterh\u00e4lt eine Jugendgruppe, der Jugendliche von 10 bis 18 Jahren angeh\u00f6ren k\u00f6nnen. \u00a72Die Jugendgruppe wird von dem von der Mitgliederversammlung gew\u00e4hlten Jugendwart und seinem Stellvertreter unter Mithilfe des gesamten Vorstandes geleitet. Sie f\u00fchrt im Rahmen der Vereinssatzung und der weiteren g\u00fcltigen Vereinsordnungen [&hellip;]\" \/>\n<meta property=\"og:url\" content=\"https:\/\/angelverein-griesheim.de\/?page_id=8445\" \/>\n<meta property=\"og:site_name\" content=\"Angelsportverein\" \/>\n<meta property=\"article:modified_time\" content=\"2024-06-23T12:23:33+00:00\" \/>\n<meta name=\"twitter:card\" content=\"summary_large_image\" \/>\n<meta name=\"twitter:label1\" content=\"Gesch\u00e4tzte Lesezeit\" \/>\n\t<meta name=\"twitter:data1\" content=\"2\u00a0Minuten\" \/>\n<script type=\"application\/ld+json\" class=\"yoast-schema-graph\">{\"@context\":\"https:\/\/schema.org\",\"@graph\":[{\"@type\":\"WebPage\",\"@id\":\"https:\/\/angelverein-griesheim.de\/?page_id=8445\",\"url\":\"https:\/\/angelverein-griesheim.de\/?page_id=8445\",\"name\":\"Jugendordnung - Angelsportverein\",\"isPartOf\":{\"@id\":\"https:\/\/angelverein-griesheim.de\/#website\"},\"datePublished\":\"2024-06-21T07:57:14+00:00\",\"dateModified\":\"2024-06-23T12:23:33+00:00\",\"breadcrumb\":{\"@id\":\"https:\/\/angelverein-griesheim.de\/?page_id=8445#breadcrumb\"},\"inLanguage\":\"de\",\"potentialAction\":[{\"@type\":\"ReadAction\",\"target\":[\"https:\/\/angelverein-griesheim.de\/?page_id=8445\"]}]},{\"@type\":\"BreadcrumbList\",\"@id\":\"https:\/\/angelverein-griesheim.de\/?page_id=8445#breadcrumb\",\"itemListElement\":[{\"@type\":\"ListItem\",\"position\":1,\"name\":\"Startseite\",\"item\":\"https:\/\/angelverein-griesheim.de\/\"},{\"@type\":\"ListItem\",\"position\":2,\"name\":\"Jugendordnung\"}]},{\"@type\":\"WebSite\",\"@id\":\"https:\/\/angelverein-griesheim.de\/#website\",\"url\":\"https:\/\/angelverein-griesheim.de\/\",\"name\":\"Angelsportverein\",\"description\":\"Angelsportverein\",\"publisher\":{\"@id\":\"https:\/\/angelverein-griesheim.de\/#organization\"},\"potentialAction\":[{\"@type\":\"SearchAction\",\"target\":{\"@type\":\"EntryPoint\",\"urlTemplate\":\"https:\/\/angelverein-griesheim.de\/?s={search_term_string}\"},\"query-input\":\"required name=search_term_string\"}],\"inLanguage\":\"de\"},{\"@type\":\"Organization\",\"@id\":\"https:\/\/angelverein-griesheim.de\/#organization\",\"name\":\"Angelsportverein\",\"url\":\"https:\/\/angelverein-griesheim.de\/\",\"logo\":{\"@type\":\"ImageObject\",\"inLanguage\":\"de\",\"@id\":\"https:\/\/angelverein-griesheim.de\/#\/schema\/logo\/image\/\",\"url\":\"https:\/\/angelverein-griesheim.de\/wp-content\/uploads\/2024\/06\/logo_angelverein.png\",\"contentUrl\":\"https:\/\/angelverein-griesheim.de\/wp-content\/uploads\/2024\/06\/logo_angelverein.png\",\"width\":1200,\"height\":1200,\"caption\":\"Angelsportverein\"},\"image\":{\"@id\":\"https:\/\/angelverein-griesheim.de\/#\/schema\/logo\/image\/\"}}]}<\/script>\n<!-- \/ Yoast SEO plugin. -->","yoast_head_json":{"title":"Jugendordnung - Angelsportverein","robots":{"index":"index","follow":"follow","max-snippet":"max-snippet:-1","max-image-preview":"max-image-preview:large","max-video-preview":"max-video-preview:-1"},"canonical":"https:\/\/angelverein-griesheim.de\/?page_id=8445","og_locale":"de_DE","og_type":"article","og_title":"Jugendordnung - Angelsportverein","og_description":"Jugendordnung des Angelsportverein Griesheim 62 e. V. \u00a7 1Der Angelsportverein Griesheim 62 e.V. unterh\u00e4lt eine Jugendgruppe, der Jugendliche von 10 bis 18 Jahren angeh\u00f6ren k\u00f6nnen. \u00a72Die Jugendgruppe wird von dem von der Mitgliederversammlung gew\u00e4hlten Jugendwart und seinem Stellvertreter unter Mithilfe des gesamten Vorstandes geleitet. Sie f\u00fchrt im Rahmen der Vereinssatzung und der weiteren g\u00fcltigen Vereinsordnungen [&hellip;]","og_url":"https:\/\/angelverein-griesheim.de\/?page_id=8445","og_site_name":"Angelsportverein","article_modified_time":"2024-06-23T12:23:33+00:00","twitter_card":"summary_large_image","twitter_misc":{"Gesch\u00e4tzte Lesezeit":"2\u00a0Minuten"},"schema":{"@context":"https:\/\/schema.org","@graph":[{"@type":"WebPage","@id":"https:\/\/angelverein-griesheim.de\/?page_id=8445","url":"https:\/\/angelverein-griesheim.de\/?page_id=8445","name":"Jugendordnung - Angelsportverein","isPartOf":{"@id":"https:\/\/angelverein-griesheim.de\/#website"},"datePublished":"2024-06-21T07:57:14+00:00","dateModified":"2024-06-23T12:23:33+00:00","breadcrumb":{"@id":"https:\/\/angelverein-griesheim.de\/?page_id=8445#breadcrumb"},"inLanguage":"de","potentialAction":[{"@type":"ReadAction","target":["https:\/\/angelverein-griesheim.de\/?page_id=8445"]}]},{"@type":"BreadcrumbList","@id":"https:\/\/angelverein-griesheim.de\/?page_id=8445#breadcrumb","itemListElement":[{"@type":"ListItem","position":1,"name":"Startseite","item":"https:\/\/angelverein-griesheim.de\/"},{"@type":"ListItem","position":2,"name":"Jugendordnung"}]},{"@type":"WebSite","@id":"https:\/\/angelverein-griesheim.de\/#website","url":"https:\/\/angelverein-griesheim.de\/","name":"Angelsportverein","description":"Angelsportverein","publisher":{"@id":"https:\/\/angelverein-griesheim.de\/#organization"},"potentialAction":[{"@type":"SearchAction","target":{"@type":"EntryPoint","urlTemplate":"https:\/\/angelverein-griesheim.de\/?s={search_term_string}"},"query-input":"required name=search_term_string"}],"inLanguage":"de"},{"@type":"Organization","@id":"https:\/\/angelverein-griesheim.de\/#organization","name":"Angelsportverein","url":"https:\/\/angelverein-griesheim.de\/","logo":{"@type":"ImageObject","inLanguage":"de","@id":"https:\/\/angelverein-griesheim.de\/#\/schema\/logo\/image\/","url":"https:\/\/angelverein-griesheim.de\/wp-content\/uploads\/2024\/06\/logo_angelverein.png","contentUrl":"https:\/\/angelverein-griesheim.de\/wp-content\/uploads\/2024\/06\/logo_angelverein.png","width":1200,"height":1200,"caption":"Angelsportverein"},"image":{"@id":"https:\/\/angelverein-griesheim.de\/#\/schema\/logo\/image\/"}}]}},"_links":{"self":[{"href":"https:\/\/angelverein-griesheim.de\/index.php?rest_route=\/wp\/v2\/pages\/8445","targetHints":{"allow":["GET"]}}],"collection":[{"href":"https:\/\/angelverein-griesheim.de\/index.php?rest_route=\/wp\/v2\/pages"}],"about":[{"href":"https:\/\/angelverein-griesheim.de\/index.php?rest_route=\/wp\/v2\/types\/page"}],"author":[{"embeddable":true,"href":"https:\/\/angelverein-griesheim.de\/index.php?rest_route=\/wp\/v2\/users\/3"}],"replies":[{"embeddable":true,"href":"https:\/\/angelverein-griesheim.de\/index.php?rest_route=%2Fwp%2Fv2%2Fcomments&post=8445"}],"version-history":[{"count":7,"href":"https:\/\/angelverein-griesheim.de\/index.php?rest_route=\/wp\/v2\/pages\/8445\/revisions"}],"predecessor-version":[{"id":8617,"href":"https:\/\/angelverein-griesheim.de\/index.php?rest_route=\/wp\/v2\/pages\/8445\/revisions\/8617"}],"wp:attachment":[{"href":"https:\/\/angelverein-griesheim.de\/index.php?rest_route=%2Fwp%2Fv2%2Fmedia&parent=8445"}],"curies":[{"name":"wp","href":"https:\/\/api.w.org\/{rel}","templated":true}]}}