{"id":8363,"date":"2024-06-20T12:36:48","date_gmt":"2024-06-20T10:36:48","guid":{"rendered":"http:\/\/213.157.24.122\/wordpress\/?page_id=8363"},"modified":"2024-06-23T14:10:04","modified_gmt":"2024-06-23T12:10:04","slug":"satzung-neu","status":"publish","type":"page","link":"https:\/\/angelverein-griesheim.de\/?page_id=8363","title":{"rendered":"Satzung"},"content":{"rendered":"\t\t<div data-elementor-type=\"wp-page\" data-elementor-id=\"8363\" class=\"elementor elementor-8363\">\n\t\t\t\t<div class=\"elementor-element elementor-element-286f45b e-flex e-con-boxed e-con e-parent\" data-id=\"286f45b\" data-element_type=\"container\">\n\t\t\t\t\t<div class=\"e-con-inner\">\n\t\t\t\t<div class=\"elementor-element elementor-element-229b19e elementor-widget elementor-widget-text-editor\" data-id=\"229b19e\" data-element_type=\"widget\" data-widget_type=\"text-editor.default\">\n\t\t\t\t<div class=\"elementor-widget-container\">\n\t\t\t<style>\/*! elementor - v3.21.0 - 26-05-2024 *\/\n.elementor-widget-text-editor.elementor-drop-cap-view-stacked .elementor-drop-cap{background-color:#69727d;color:#fff}.elementor-widget-text-editor.elementor-drop-cap-view-framed .elementor-drop-cap{color:#69727d;border:3px solid;background-color:transparent}.elementor-widget-text-editor:not(.elementor-drop-cap-view-default) .elementor-drop-cap{margin-top:8px}.elementor-widget-text-editor:not(.elementor-drop-cap-view-default) .elementor-drop-cap-letter{width:1em;height:1em}.elementor-widget-text-editor .elementor-drop-cap{float:left;text-align:center;line-height:1;font-size:50px}.elementor-widget-text-editor .elementor-drop-cap-letter{display:inline-block}<\/style>\t\t\t\t<p><strong>Satzung des Angelsportverein 62 Griesheim e.V. in seiner in der<\/strong><br \/><strong>Jahreshauptversammlung vom 18.09.2021 beschlossenen Fassung<\/strong><\/p><p><strong>\u00a71<\/strong><br \/>Der Verein ist eine freiwillige Vereinigung von Angelfischern und Naturfreunden.<br \/>Er hat seinen Sitz in Griesheim und f\u00fchrt den Namen<br \/>Angelsportverein Griesheim 62 e.V.<br \/>Der Verein ist beim Amtsgericht Darmstadt unter VR- Nr. 1020 eingetragen.<br \/>Gerichtsstand ist Darmstadt.<\/p><p><strong>\u00a72<\/strong><br \/>Zweck des Vereins ist die F\u00f6rderung des Angelsports.<br \/>Der Satzungszweck wird insbesondere verwirklicht durch folgende Aktivit\u00e4ten:<br \/>1. Die Pflege und Vertiefung des waidgerechten Angelns und der Jugendarbeit.<br \/>2. Hege und Pflege des Fischbestands des Vereinsgew\u00e4ssers.<br \/>3. Beschaffung eines artgerechten Besatzes, die den Vereinsgew\u00e4ssern gerecht<br \/>wird.<br \/>4. F\u00f6rderung und Erhaltung des Fischbestands, des Naturschutzes, des Tierschutzes<br \/>und der Landschaft in folgender Weise:<br \/>a) Reinhaltung und Pflege der Gew\u00e4sser sowie des gesamten Vereinsgel\u00e4ndes,<br \/>b) Beratung und F\u00f6rderung der Mitglieder in allen mit der Angelfischerei<br \/>und dem Naturschutz verbundenen Fragen,<br \/>c) Abwehr und Bek\u00e4mpfung sch\u00e4dlicher Einfl\u00fcsse und Einwirkungen auf<br \/>den Fischbestand und der Landschaft.<br \/>Der Verein verfolgt ausschlie\u00dflich und unmittelbar gemeinn\u00fctzige Zwecke im Sinne<br \/>des Abschnitts \u201eSteuerbeg\u00fcnstigte Zwecke\u201c der Abgabenordnung (AO).<br \/>Der Verein ist selbstlos t\u00e4tig, er verfolgt nicht in erster Linie eigenwirtschaftliche Zwecke.<br \/>Mittel des Vereins d\u00fcrfen nur f\u00fcr den satzungsgem\u00e4\u00dfen Zweck verwendet werden.<br \/>Die Mitglieder erhalten in ihrer Eigenschaft als Mitglieder keine Zuwendungen aus<br \/>den Mitteln des Vereins.<br \/>Es darf keine Person durch Ausgaben, die dem Zweck des Vereins fremd sind, oder<br \/>durch unverh\u00e4ltnism\u00e4\u00dfig hohe Verg\u00fctungen beg\u00fcnstigt werden.<\/p><p><strong>\u00a73<\/strong><br \/>Das Gesch\u00e4ftsjahr ist das Kalenderjahr.<\/p><p><strong>\u00a74<\/strong><br \/>Dem Verein geh\u00f6ren an:<br \/>1. Ehrenmitglieder<br \/>2. Aktive Mitglieder<br \/>3. Inaktive Mitglieder<br \/>4. F\u00f6rdermitglieder<br \/>Die Voraussetzungen zum Wechsel des Mitgliedstatus 2 \u2013 4 ist in der \u201eOrdnung zur<br \/>Aufnahme und \u00c4nderung des Mitgliedstatus\u201c hinterlegt.<br \/>1. Ehrenmitglieder k\u00f6nnen nur auf Antrag des Vorstandes und Beschluss des Vereins<br \/>w\u00e4hrend einer Jahreshauptversammlung ernannt werden. Voraussetzung<br \/>f\u00fcr die Ernennung ist der Erwerb besonderer Verdienste um den Verein.<br \/>Ehrenmitglieder sind vom Mitgliedsbeitrag, dem Erwerb des Fischereierlaubnisscheins<br \/>(bei vorliegendem g\u00fcltigen Jahresfischereischein) und den Arbeitsstunden<br \/>befreit.<br \/>2. Aktive Mitglieder sind Mitglieder, die zu Beginn ihrer Mitgliedschaft den Aufnahmebeitrag<br \/>bezahlt haben und im Besitz eines g\u00fcltigen Jahresfischereischeins<br \/>sind.<br \/>Die im laufenden Gesch\u00e4ftsjahr ihren Mitgliedsbeitrag gezahlt und den Fischereierlaubnisschein<br \/>(sog. Fangstatistik) erworben haben. Im laufenden Gesch\u00e4ftsjahr<br \/>sind festgelegte Arbeitsstunden abzuleisten. Alle weiteren Details<br \/>hierzu werden in der \u201eGeb\u00fchren- und Arbeitsstundenordnung\u201c geregelt.<br \/>3. Inaktive Mitglieder sind Mitglieder, die im laufenden Gesch\u00e4ftsjahr den Mitgliedsbeitrag<br \/>bezahlt haben, aber f\u00fcr das laufende Jahr keinen Fischereierlaubnisschein<br \/>haben.<br \/>Inaktive Mitglieder haben kein Stimmrecht bei Angelegenheiten der Angelfischerei.<br \/>Im laufenden Gesch\u00e4ftsjahr sind festgelegte Arbeitsstunden abzuleisten.<br \/>Alle weiteren Details hierzu werden in der \u201eGeb\u00fchren- und Arbeitsstundenordnung\u201c<br \/>geregelt.<br \/>4. F\u00f6rdermitglieder sind Mitglieder, die im laufenden Gesch\u00e4ftsjahr ihren F\u00f6rderbeitrag<br \/>bezahlt haben. F\u00f6rdermitglieder haben kein Stimmrecht und sind nicht<br \/>verpflichtet Arbeitsstunden zu leisten.<\/p><p><strong>\u00a75<\/strong><br \/>Die Mitglieder sind verpflichtet:<br \/>1. das Fischen nur im Rahmen der Gew\u00e4sserordnung und der festgelegten<br \/>Bedingungen auszu\u00fcben, sowie auf die Befolgung der Satzung und Verordnungen<br \/>auch bei anderen Mitgliedern zu achten<br \/>2. sich den Vorstandsmitgliedern und beauftragten Personen auf Verlangen<br \/>auszuweisen und deren Anordnungen zu befolgen<br \/>3. Zweck und Aufgabe des Vereins zu erf\u00fcllen und zu f\u00f6rdern<br \/>4. die f\u00e4lligen Mitgliedsbeitr\u00e4ge und angefallenen Geb\u00fchren p\u00fcnktlich abzuf\u00fchren<br \/>und sonstige beschlossene Verpflichtungen, die sich aus Beschl\u00fcssen<br \/>der Mitgliederversammlung und des Vorstands ergeben, zu erf\u00fcllen<br \/>5. sich gegen\u00fcber anderen Vereinsmitgliedern kameradschaftlich zu verhalten<\/p><p><strong>\u00a76<\/strong><br \/>Mitglied des Vereins kann jede nat\u00fcrliche Person werden, die diese Satzung durch<br \/>Unterschrift anerkennt. Der Antrag auf Mitgliedschaft hat schriftlich beim 1. Vorsitzenden<br \/>zu erfolgen. Bei Minderj\u00e4hrigen ist au\u00dferdem eine schriftliche Einverst\u00e4ndniserkl\u00e4rung<br \/>durch die gesetzlichen Vertreter erforderlich.<br \/>Die Aufnahme wird durch den Gesamtvorstand beschlossen.<br \/>Die Aufnahmegeb\u00fchr und Beitr\u00e4ge richten sich nach der jeweils g\u00fcltigen \u201eGeb\u00fchren-<br \/>und Arbeitsstundenordnung\u201c.<br \/>\u00c4nderungen dieser \u201eGeb\u00fchren- und Arbeitsstundenordnung\u201c werden \u2013 im Gegensatz<br \/>zu allen anderen Ordnungen \u2013 von der Mitgliederversammlung beschlossen.<br \/>Eine Vereinsaufnahme kann nicht erfolgen, wenn der Antragsteller innerhalb der letzten<br \/>3 Jahre ohne Erlaubnisschein gefischt hat oder wegen Fischfrevels bestraft wurde.<br \/>Sonstige Gr\u00fcnde k\u00f6nnen ebenfalls zur Ablehnung des Aufnahmeantrags f\u00fchren. Die<br \/>Gr\u00fcnde eine etwaige Ablehnung brauchen dem Antragsteller nicht mitgeteilt zu<br \/>werden.<\/p><p><strong>\u00a77<\/strong><br \/>Die Mitgliedschaft endet durch:<br \/>a) freiwilligen Austritt<br \/>b) Tod des Mitgliedes<br \/>c) Ausschluss<br \/>zu a) Der freiwillige Austritt eines Mitgliedes kann nur durch schriftliche Austrittserkl\u00e4rung<br \/>an den Vorstand erfolgen. Das Mitglied ist verpflichtet, die Beitr\u00e4ge bis zum Ablauf<br \/>des Gesch\u00e4ftsjahres voll zu entrichten.<br \/>zu c) Ausgeschlossen werden kann:<br \/>1. wer den Bestimmungen dieser Satzung, den Vereinsordnungen, Beschl\u00fcssen<br \/>der Vereinsorganen und fischereirechtlichen Bestimmungen zuwiderhandelt<br \/>2. wer das Ansehen des Vereins sch\u00e4digt oder den Anweisungen des Vorstands<br \/>hinsichtlich der Vereinsarbeit keine Folge leistet<br \/>3. wer ehrenr\u00fchrige Handlungen begeht oder wenn nach der Aufnahme bekannt<br \/>wird, dass er solche begangen hat<br \/>4. wer sich durch Fischereivergehen- und \u00dcbertretungen strafbar macht oder<br \/>gegen Grunds\u00e4tze der Waidgerechtigkeit verst\u00f6\u00dft, andere dazu anstiftet, unterst\u00fctzt<br \/>oder solche Taten bewusst duldet<br \/>5. wer ohne Erlaubnisschein fischt<br \/>6. wer seinen Fang zum Verkauf anbietet<br \/>7. wer bei oder durch Aus\u00fcbung der Angelfischerei sein oder das Leben anderer<br \/>gef\u00e4hrdet<br \/>8. wer innerhalb der Organisation wiederholt Anlass zu Streitigkeiten gibt<br \/>9. wer mit der Zahlung seines Beitrages l\u00e4nger als 6 Monate im R\u00fcckstand ist.<br \/>Dar\u00fcber hinaus kann ein Mitglied ausgeschlossen werden, wenn es in schwerwiegender<br \/>Weise gegen die Interessen des Vereins versto\u00dfen hat.<br \/>Der Ausschluss erfolgt durch den Vorstand durch Beschluss mit einfacher Mehrheit.<br \/>Dem Mitglied ist zuvor rechtliches Geh\u00f6r zu gew\u00e4hren. W\u00e4hrend des Ausschlussverfahren<br \/>ruhen die Rechte des Mitgliedes. Ein Rechtsmittel gegen den Vereinsausschluss<br \/>gibt es nicht. Nach dem Ausschluss ist von dem ehemaligen Mitglied der bei<br \/>der Aufnahme ausgeh\u00e4ndigte Mitgliedsausweis und die Satzung zur\u00fcckzugeben.<br \/>Werden diese Gegenst\u00e4nde nicht zur\u00fcckgegeben, so ist eine Strafe in H\u00f6he des Jahresbeitrags<br \/>zu zahlen.<\/p><p><strong>\u00a78<\/strong><br \/>Der Vorstand setzt sich wie folgt zusammen:<br \/>1. dem 1. Vorsitzenden<br \/>2. dem 2. Vorsitzenden<br \/>3. dem 1. und 2. Schriftf\u00fchrer<br \/>4. dem 1. und 2. Schatzmeister<br \/>5. dem 1. und 2. Gew\u00e4sserwart<br \/>6. dem 1. und 2. Jugendwart<br \/>7. dem 1. und 2. Naturschutzbeauftragten<br \/>8. dem 1. und 2. Ger\u00e4tewart<br \/>9. 2 Beisitzern<br \/>Der gesch\u00e4ftsf\u00fchrende Vorstand kann keine weiteren Vorstands\u00e4mter \u00fcbernehmen.<br \/>Der gesch\u00e4ftsf\u00fchrende Vorstand im Sinne des \u00a7 26 BGB sind der 1. Vorsitzende, der 2.<br \/>Vorsitzende, der 1. Schriftf\u00fchrer und der 1. Schatzmeister. Der Verein wird au\u00dfergerichtlich<br \/>und gerichtlich von einem dieser Vorstandsmitglieder alleine vertreten.<br \/>Der Vorstand ist beschlussf\u00e4hig, wenn mehr als die H\u00e4lfte der Vorstandsmitglieder<br \/>anwesend sind. Er entscheidet mit einfacher Stimmenmehrheit. Bei Stimmengleichheit<br \/>entscheidet die Stimme des 1. Vorsitzenden.<br \/>Der Schriftf\u00fchrer f\u00fchrt die Anwesenheitsliste. \u00dcber die Versammlungen muss er Niederschriften<br \/>anfertigen, die den in \u00a714 niedergelegten Protokollierungsvorschriften<br \/>entsprechen.<br \/>Der Schatzmeister hat die gesamte Verwaltung des Rechnungswesens inne. Er hat<br \/>die Belege sorgf\u00e4ltig aufzubewahren. Laufende Zahlungen k\u00f6nnen sofort erledigt<br \/>werden. Der Schatzmeister ist verpflichtet, die Einnahmen und Ausgaben sorgf\u00e4ltig zu<br \/>buchen, zum Abschluss des Gesch\u00e4ftsjahres Rechnung zu legen und in der Jahreshauptversammlung<br \/>den Kassenbericht zu geben. Aus den Belegen muss Zweck der<br \/>Zahlung und der Zahltag ersichtlich sein. Die Kasse ist am Jahresende abzuschlie\u00dfen.<br \/>Danach pr\u00fcft die Kassenpr\u00fcfungskommission den Jahresabschluss und hat den Pr\u00fcfungsvermerk<br \/>anzubringen.<br \/>Die Kassenpr\u00fcfungskommission gibt der Jahreshauptversammlung den Pr\u00fcfungsbericht<br \/>und beantragt gegebenenfalls Entlassung des Vorstandes. Die Kassenpr\u00fcfungskommission<br \/>wird in der Jahreshauptversammlung auf 2 Jahre gew\u00e4hlt.<br \/>Die Aufgaben und Verantwortungen des erweiternden Vorstandes regelt die \u201eVorstandsordnung\u201c.<\/p><p><strong>\u00a79<\/strong><br \/>Der Vorstand wird in der Mitgliederversammlung in offener Wahl mit Stimmenmehrheit<br \/>einzeln, gem\u00e4\u00df der in \u00a78 Nr.1-8 genannten Reihenfolge f\u00fcr 3 Jahre gew\u00e4hlt.<br \/>Auf Antrag eines Mitglieds muss die Wahl geheim erfolgen.<br \/>Scheidet ein Vorstandsmitglied w\u00e4hrend der Amtszeit aus, kann der Gesamtvorstand<br \/>ein Ersatzmitglied f\u00fcr die Zeit bis zur n\u00e4chsten ordentlichen Mitgliederversammlung<br \/>bestimmen.<\/p><p><strong>\u00a710<\/strong><br \/>Nach Ablauf des Gesch\u00e4ftsjahres findet im 1. Quartal eines Kalenderjahres die Mitgliederversammlung<br \/>statt. Im \u00dcbrigen entscheidet der Vorstand wann Mitgliederversammlungen<br \/>einzuberufen sind. Er muss eine Mitgliederversammlung einberufen,<br \/>wenn es von 1\/3 der Mitglieder schriftlich, unter Angabe der Gr\u00fcnde verlangt wird.<br \/>Mitgliederversammlung ist schriftlich mindestens 10 Tage vorher unter Angabe der<br \/>Tagesordnung einzuladen.<\/p><p><strong>\u00a711<\/strong><br \/>Die Tagesordnung der Mitgliederversammlung muss enthalten:<br \/>1. Gesch\u00e4ftsbericht des Vorstandes<br \/>2. Kassenbericht<br \/>3. Entlastung des Vorstandes<br \/>4. Neuwahl des neuen Vorstandes (in Wahljahren)<br \/>5. Wahl von 2 Kassenpr\u00fcfern f\u00fcr 2 Jahre, die am Schluss eines Gesch\u00e4ftsjahres die<br \/>Kassengesch\u00e4fte des Vereins zu \u00fcberpr\u00fcfen haben.<\/p><p><strong>\u00a712<\/strong><br \/>Jedes Mitglied kann Antr\u00e4ge zur Mitgliederversammlung beim Vorstand einreichen,<br \/>die in der Versammlung zu behandeln sind.<br \/>Die Antr\u00e4ge sind mindestens 3 Tage vor Beginn der Versammlung schriftlich mit Antragstext<br \/>und Begr\u00fcndung einzureichen.<br \/>\u00dcber die Annahme von Dringlichkeitsantr\u00e4gen entscheidet die Mitgliederversammlung<br \/>mit 2\/3 Mehrheit der abgegebenen Stimmen.<\/p><p><strong>\u00a713<\/strong><br \/>Die Mitglieder zahlen Beitr\u00e4ge (Mitgliedsbeitr\u00e4ge, F\u00f6rderbeitr\u00e4ge, Geb\u00fchren und<br \/>Umlagen) \u00fcber deren H\u00f6he und F\u00e4lligkeit die Mitgliederversammlung bei Bedarf jeweils<br \/>mit Wirkung f\u00fcr das folgende Gesch\u00e4ftsjahr entscheidet und in der Geb\u00fchrenund<br \/>Arbeitsstundenordnung festgelegt wird.<br \/>Mitgliedsbeitr\u00e4ge, F\u00f6rderbeitr\u00e4ge, Geb\u00fchren und Umlagen werden im Bankeinzugsverfahren<br \/>mittels Lastschrift eingezogen.<br \/>Die Entrichtung des Mitgliedsbeitrags ist eine Bringschuld des Mitglieds. Mitgliedsbeitr\u00e4ge,<br \/>F\u00f6rderbeitr\u00e4ge, Geb\u00fchren und Umlagen sind sp\u00e4testens zur Zahlung f\u00e4llig zum<br \/>1. April eines laufenden Jahres.<br \/>Weist das Konto eines Mitglieds im Zeitpunkt der Abbuchung des Betrages keine Deckung<br \/>auf, so haftet das Mitglied dem Verein gegen\u00fcber f\u00fcr s\u00e4mtlich in Zusammenhang<br \/>mit der Beitragszahlung sowie eventuell durch R\u00fccklastschriften entstehende<br \/>Kosten.<\/p><p><strong>\u00a714<\/strong><br \/>Beschl\u00fcsse werden durch einfache Stimmenmehrheit gefasst. Stimmenenthaltungen<br \/>werden nicht gez\u00e4hlt. Bei Stimmengleichheit gilt der Antrag als abgelehnt.<br \/>Beschl\u00fcsse \u00fcber Satzungs\u00e4nderungen k\u00f6nnen nur mit Zweidrittelmehrheit der anwesenden<br \/>Mitglieder in der Mitgliederversammlung gefasst werden.<br \/>Eine ordnungsgem\u00e4\u00df einberufene Mitgliederversammlung ist stets beschlussf\u00e4hig.<br \/>Das Versammlungsprotokoll ist von dem Versammlungsleiter und dem Protokollf\u00fchrer<br \/>zu unterzeichnen. Es muss enthalten:<br \/>\uf0b7 Ort und Zeit der Versammlung<br \/>\uf0b7 Name des Versammlungsleiters und des Protokollf\u00fchrers<br \/>\uf0b7 Zahl der erschienenen Mitglieder<br \/>\uf0b7 Feststellung der ordnungsgem\u00e4\u00dfen Einberufung und der Beschlussf\u00e4higkeit<br \/>der Tagesordnung<br \/>\uf0b7 Die gestellten Antr\u00e4ge, das Abstimmungsergebnis (Zahl der JA- Stimmen, Zahl<br \/>der NEIN- Stimmen, Enthaltungen, ung\u00fcltige Stimmen)<br \/>\uf0b7 Die Art der Abstimmung (offen oder geheim)<br \/>\uf0b7 Satzungs- und Zweck\u00e4nderungsantr\u00e4ge<br \/>\uf0b7 Beschl\u00fcsse, die w\u00f6rtlich aufzunehmen sind.<\/p><p><strong>\u00a715<\/strong><br \/>Der Verein kann nur durch Beschluss einer eigens dazu einberufenen Mitgliederversammlung<br \/>aufgel\u00f6st werden. Zu dem Beschluss ist eine Mehrheit von \u00be der erschienenen<br \/>Mitglieder erforderlich.<br \/>Im Falle einer Aufl\u00f6sung des Vereins, des Verlustes seiner Rechtsf\u00e4higkeit oder dem<br \/>Wegfall seines bisherigen Zweckes f\u00e4llt das Vereinsverm\u00f6gen nach Erf\u00fcllung an die<br \/>Stadt Griesheim, die es unmittelbar, ausschlie\u00dflich und alleine zur F\u00f6rderung der<br \/>Zwecke des \u00a72 dieser Satzung zu verwenden und gemeinn\u00fctzigen Zwecken zuzuf\u00fchren<br \/>hat.<\/p><p><strong>\u00a716<\/strong><br \/>Die Mitgliederversammlung beschlie\u00dft bei Bedarf eine Anpassung der Geb\u00fchrenund<br \/>Arbeitsstundenordnung.<br \/>Der Vorstand kann weitere Ordnungen zu den detaillierten Beschreibungen von Satzungsinhalten<br \/>zur Umsetzung in der Praxis beschlie\u00dfen.<br \/>Diese Satzung wurde beschlossen in der Mitgliederversammlung am 18. September<br \/>2021.<\/p>\t\t\t\t\t\t<\/div>\n\t\t\t\t<\/div>\n\t\t\t\t\t<\/div>\n\t\t\t\t<\/div>\n\t\t\t\t<\/div>\n\t\t","protected":false},"excerpt":{"rendered":"<p>Satzung des Angelsportverein 62 Griesheim e.V. in seiner in derJahreshauptversammlung vom 18.09.2021 beschlossenen Fassung \u00a71Der Verein ist eine freiwillige Vereinigung von Angelfischern und Naturfreunden.Er hat seinen Sitz in Griesheim und f\u00fchrt den NamenAngelsportverein Griesheim 62 e.V.Der Verein ist beim Amtsgericht Darmstadt unter VR- Nr. 1020 eingetragen.Gerichtsstand ist Darmstadt. \u00a72Zweck des Vereins ist die F\u00f6rderung des [&hellip;]<\/p>\n","protected":false},"author":3,"featured_media":0,"parent":0,"menu_order":0,"comment_status":"closed","ping_status":"closed","template":"elementor_header_footer","meta":{"inline_featured_image":false,"footnotes":""},"class_list":["post-8363","page","type-page","status-publish","hentry"],"yoast_head":"<!-- This site is optimized with the Yoast SEO plugin v22.8 - https:\/\/yoast.com\/wordpress\/plugins\/seo\/ -->\n<title>Satzung - Angelsportverein<\/title>\n<meta name=\"robots\" content=\"index, follow, max-snippet:-1, max-image-preview:large, max-video-preview:-1\" \/>\n<link rel=\"canonical\" href=\"https:\/\/angelverein-griesheim.de\/?page_id=8363\" \/>\n<meta property=\"og:locale\" content=\"de_DE\" \/>\n<meta property=\"og:type\" content=\"article\" \/>\n<meta property=\"og:title\" content=\"Satzung - Angelsportverein\" \/>\n<meta property=\"og:description\" content=\"Satzung des Angelsportverein 62 Griesheim e.V. in seiner in derJahreshauptversammlung vom 18.09.2021 beschlossenen Fassung \u00a71Der Verein ist eine freiwillige Vereinigung von Angelfischern und Naturfreunden.Er hat seinen Sitz in Griesheim und f\u00fchrt den NamenAngelsportverein Griesheim 62 e.V.Der Verein ist beim Amtsgericht Darmstadt unter VR- Nr. 1020 eingetragen.Gerichtsstand ist Darmstadt. \u00a72Zweck des Vereins ist die F\u00f6rderung des [&hellip;]\" \/>\n<meta property=\"og:url\" content=\"https:\/\/angelverein-griesheim.de\/?page_id=8363\" \/>\n<meta property=\"og:site_name\" content=\"Angelsportverein\" \/>\n<meta property=\"article:modified_time\" content=\"2024-06-23T12:10:04+00:00\" \/>\n<meta name=\"twitter:card\" content=\"summary_large_image\" \/>\n<meta name=\"twitter:label1\" content=\"Gesch\u00e4tzte Lesezeit\" \/>\n\t<meta name=\"twitter:data1\" content=\"10\u00a0Minuten\" \/>\n<script type=\"application\/ld+json\" class=\"yoast-schema-graph\">{\"@context\":\"https:\/\/schema.org\",\"@graph\":[{\"@type\":\"WebPage\",\"@id\":\"https:\/\/angelverein-griesheim.de\/?page_id=8363\",\"url\":\"https:\/\/angelverein-griesheim.de\/?page_id=8363\",\"name\":\"Satzung - Angelsportverein\",\"isPartOf\":{\"@id\":\"https:\/\/angelverein-griesheim.de\/#website\"},\"datePublished\":\"2024-06-20T10:36:48+00:00\",\"dateModified\":\"2024-06-23T12:10:04+00:00\",\"breadcrumb\":{\"@id\":\"https:\/\/angelverein-griesheim.de\/?page_id=8363#breadcrumb\"},\"inLanguage\":\"de\",\"potentialAction\":[{\"@type\":\"ReadAction\",\"target\":[\"https:\/\/angelverein-griesheim.de\/?page_id=8363\"]}]},{\"@type\":\"BreadcrumbList\",\"@id\":\"https:\/\/angelverein-griesheim.de\/?page_id=8363#breadcrumb\",\"itemListElement\":[{\"@type\":\"ListItem\",\"position\":1,\"name\":\"Startseite\",\"item\":\"https:\/\/angelverein-griesheim.de\/\"},{\"@type\":\"ListItem\",\"position\":2,\"name\":\"Satzung\"}]},{\"@type\":\"WebSite\",\"@id\":\"https:\/\/angelverein-griesheim.de\/#website\",\"url\":\"https:\/\/angelverein-griesheim.de\/\",\"name\":\"Angelsportverein\",\"description\":\"Angelsportverein\",\"publisher\":{\"@id\":\"https:\/\/angelverein-griesheim.de\/#organization\"},\"potentialAction\":[{\"@type\":\"SearchAction\",\"target\":{\"@type\":\"EntryPoint\",\"urlTemplate\":\"https:\/\/angelverein-griesheim.de\/?s={search_term_string}\"},\"query-input\":\"required name=search_term_string\"}],\"inLanguage\":\"de\"},{\"@type\":\"Organization\",\"@id\":\"https:\/\/angelverein-griesheim.de\/#organization\",\"name\":\"Angelsportverein\",\"url\":\"https:\/\/angelverein-griesheim.de\/\",\"logo\":{\"@type\":\"ImageObject\",\"inLanguage\":\"de\",\"@id\":\"https:\/\/angelverein-griesheim.de\/#\/schema\/logo\/image\/\",\"url\":\"https:\/\/angelverein-griesheim.de\/wp-content\/uploads\/2024\/06\/logo_angelverein.png\",\"contentUrl\":\"https:\/\/angelverein-griesheim.de\/wp-content\/uploads\/2024\/06\/logo_angelverein.png\",\"width\":1200,\"height\":1200,\"caption\":\"Angelsportverein\"},\"image\":{\"@id\":\"https:\/\/angelverein-griesheim.de\/#\/schema\/logo\/image\/\"}}]}<\/script>\n<!-- \/ Yoast SEO plugin. -->","yoast_head_json":{"title":"Satzung - Angelsportverein","robots":{"index":"index","follow":"follow","max-snippet":"max-snippet:-1","max-image-preview":"max-image-preview:large","max-video-preview":"max-video-preview:-1"},"canonical":"https:\/\/angelverein-griesheim.de\/?page_id=8363","og_locale":"de_DE","og_type":"article","og_title":"Satzung - Angelsportverein","og_description":"Satzung des Angelsportverein 62 Griesheim e.V. in seiner in derJahreshauptversammlung vom 18.09.2021 beschlossenen Fassung \u00a71Der Verein ist eine freiwillige Vereinigung von Angelfischern und Naturfreunden.Er hat seinen Sitz in Griesheim und f\u00fchrt den NamenAngelsportverein Griesheim 62 e.V.Der Verein ist beim Amtsgericht Darmstadt unter VR- Nr. 1020 eingetragen.Gerichtsstand ist Darmstadt. \u00a72Zweck des Vereins ist die F\u00f6rderung des [&hellip;]","og_url":"https:\/\/angelverein-griesheim.de\/?page_id=8363","og_site_name":"Angelsportverein","article_modified_time":"2024-06-23T12:10:04+00:00","twitter_card":"summary_large_image","twitter_misc":{"Gesch\u00e4tzte Lesezeit":"10\u00a0Minuten"},"schema":{"@context":"https:\/\/schema.org","@graph":[{"@type":"WebPage","@id":"https:\/\/angelverein-griesheim.de\/?page_id=8363","url":"https:\/\/angelverein-griesheim.de\/?page_id=8363","name":"Satzung - Angelsportverein","isPartOf":{"@id":"https:\/\/angelverein-griesheim.de\/#website"},"datePublished":"2024-06-20T10:36:48+00:00","dateModified":"2024-06-23T12:10:04+00:00","breadcrumb":{"@id":"https:\/\/angelverein-griesheim.de\/?page_id=8363#breadcrumb"},"inLanguage":"de","potentialAction":[{"@type":"ReadAction","target":["https:\/\/angelverein-griesheim.de\/?page_id=8363"]}]},{"@type":"BreadcrumbList","@id":"https:\/\/angelverein-griesheim.de\/?page_id=8363#breadcrumb","itemListElement":[{"@type":"ListItem","position":1,"name":"Startseite","item":"https:\/\/angelverein-griesheim.de\/"},{"@type":"ListItem","position":2,"name":"Satzung"}]},{"@type":"WebSite","@id":"https:\/\/angelverein-griesheim.de\/#website","url":"https:\/\/angelverein-griesheim.de\/","name":"Angelsportverein","description":"Angelsportverein","publisher":{"@id":"https:\/\/angelverein-griesheim.de\/#organization"},"potentialAction":[{"@type":"SearchAction","target":{"@type":"EntryPoint","urlTemplate":"https:\/\/angelverein-griesheim.de\/?s={search_term_string}"},"query-input":"required name=search_term_string"}],"inLanguage":"de"},{"@type":"Organization","@id":"https:\/\/angelverein-griesheim.de\/#organization","name":"Angelsportverein","url":"https:\/\/angelverein-griesheim.de\/","logo":{"@type":"ImageObject","inLanguage":"de","@id":"https:\/\/angelverein-griesheim.de\/#\/schema\/logo\/image\/","url":"https:\/\/angelverein-griesheim.de\/wp-content\/uploads\/2024\/06\/logo_angelverein.png","contentUrl":"https:\/\/angelverein-griesheim.de\/wp-content\/uploads\/2024\/06\/logo_angelverein.png","width":1200,"height":1200,"caption":"Angelsportverein"},"image":{"@id":"https:\/\/angelverein-griesheim.de\/#\/schema\/logo\/image\/"}}]}},"_links":{"self":[{"href":"https:\/\/angelverein-griesheim.de\/index.php?rest_route=\/wp\/v2\/pages\/8363","targetHints":{"allow":["GET"]}}],"collection":[{"href":"https:\/\/angelverein-griesheim.de\/index.php?rest_route=\/wp\/v2\/pages"}],"about":[{"href":"https:\/\/angelverein-griesheim.de\/index.php?rest_route=\/wp\/v2\/types\/page"}],"author":[{"embeddable":true,"href":"https:\/\/angelverein-griesheim.de\/index.php?rest_route=\/wp\/v2\/users\/3"}],"replies":[{"embeddable":true,"href":"https:\/\/angelverein-griesheim.de\/index.php?rest_route=%2Fwp%2Fv2%2Fcomments&post=8363"}],"version-history":[{"count":8,"href":"https:\/\/angelverein-griesheim.de\/index.php?rest_route=\/wp\/v2\/pages\/8363\/revisions"}],"predecessor-version":[{"id":8600,"href":"https:\/\/angelverein-griesheim.de\/index.php?rest_route=\/wp\/v2\/pages\/8363\/revisions\/8600"}],"wp:attachment":[{"href":"https:\/\/angelverein-griesheim.de\/index.php?rest_route=%2Fwp%2Fv2%2Fmedia&parent=8363"}],"curies":[{"name":"wp","href":"https:\/\/api.w.org\/{rel}","templated":true}]}}