{"id":8344,"date":"2024-06-20T12:15:37","date_gmt":"2024-06-20T10:15:37","guid":{"rendered":"http:\/\/213.157.24.122\/wordpress\/?page_id=8344"},"modified":"2024-08-07T17:44:14","modified_gmt":"2024-08-07T15:44:14","slug":"nsg-neu","status":"publish","type":"page","link":"https:\/\/angelverein-griesheim.de\/?page_id=8344","title":{"rendered":"Natur und Vogelschutz"},"content":{"rendered":"\t\t<div data-elementor-type=\"wp-page\" data-elementor-id=\"8344\" class=\"elementor elementor-8344\">\n\t\t\t\t<div class=\"elementor-element elementor-element-d4e35d6 e-flex e-con-boxed e-con e-parent\" data-id=\"d4e35d6\" data-element_type=\"container\">\n\t\t\t\t\t<div class=\"e-con-inner\">\n\t\t\t\t<div class=\"elementor-element elementor-element-30b5f7e elementor-widget elementor-widget-text-editor\" data-id=\"30b5f7e\" data-element_type=\"widget\" data-widget_type=\"text-editor.default\">\n\t\t\t\t<div class=\"elementor-widget-container\">\n\t\t\t<style>\/*! elementor - v3.21.0 - 26-05-2024 *\/\n.elementor-widget-text-editor.elementor-drop-cap-view-stacked .elementor-drop-cap{background-color:#69727d;color:#fff}.elementor-widget-text-editor.elementor-drop-cap-view-framed .elementor-drop-cap{color:#69727d;border:3px solid;background-color:transparent}.elementor-widget-text-editor:not(.elementor-drop-cap-view-default) .elementor-drop-cap{margin-top:8px}.elementor-widget-text-editor:not(.elementor-drop-cap-view-default) .elementor-drop-cap-letter{width:1em;height:1em}.elementor-widget-text-editor .elementor-drop-cap{float:left;text-align:center;line-height:1;font-size:50px}.elementor-widget-text-editor .elementor-drop-cap-letter{display:inline-block}<\/style>\t\t\t\t<p>Unsere Teiche grenzen an das Naturschutzgebiet \u201eGriesheimer Bruch\u201c und liegen im EU-Vogelschutzgebiet, EU-VSG 6217-403\u00a0 \u2013 \u201eHessische Altneckarschlingen\u201c.<\/p>\t\t\t\t\t\t<\/div>\n\t\t\t\t<\/div>\n\t\t\t\t\t<\/div>\n\t\t\t\t<\/div>\n\t\t<div class=\"elementor-element elementor-element-22804bb e-flex e-con-boxed e-con e-parent\" data-id=\"22804bb\" data-element_type=\"container\">\n\t\t\t\t\t<div class=\"e-con-inner\">\n\t\t<div class=\"elementor-element elementor-element-26169fa e-con-full e-flex e-con e-child\" data-id=\"26169fa\" data-element_type=\"container\">\n\t\t\t\t<div class=\"elementor-element elementor-element-7f92fc9 elementor-widget elementor-widget-image\" data-id=\"7f92fc9\" data-element_type=\"widget\" data-widget_type=\"image.default\">\n\t\t\t\t<div class=\"elementor-widget-container\">\n\t\t\t<style>\/*! elementor - v3.21.0 - 26-05-2024 *\/\n.elementor-widget-image{text-align:center}.elementor-widget-image a{display:inline-block}.elementor-widget-image a img[src$=\".svg\"]{width:48px}.elementor-widget-image img{vertical-align:middle;display:inline-block}<\/style>\t\t\t\t\t\t\t\t\t\t<img fetchpriority=\"high\" decoding=\"async\" width=\"733\" height=\"611\" src=\"https:\/\/angelverein-griesheim.de\/wp-content\/uploads\/2024\/06\/Griesheimer-Bruch-NSG.jpg\" class=\"attachment-full size-full wp-image-7274\" alt=\"\" srcset=\"https:\/\/angelverein-griesheim.de\/wp-content\/uploads\/2024\/06\/Griesheimer-Bruch-NSG.jpg 733w, https:\/\/angelverein-griesheim.de\/wp-content\/uploads\/2024\/06\/Griesheimer-Bruch-NSG-300x250.jpg 300w\" sizes=\"(max-width: 733px) 100vw, 733px\" \/>\t\t\t\t\t\t\t\t\t\t\t\t\t<\/div>\n\t\t\t\t<\/div>\n\t\t\t\t<\/div>\n\t\t<div class=\"elementor-element elementor-element-64fce73 e-con-full e-flex e-con e-child\" data-id=\"64fce73\" data-element_type=\"container\">\n\t\t\t\t<div class=\"elementor-element elementor-element-b6d128a elementor-widget elementor-widget-heading\" data-id=\"b6d128a\" data-element_type=\"widget\" data-widget_type=\"heading.default\">\n\t\t\t\t<div class=\"elementor-widget-container\">\n\t\t\t<style>\/*! elementor - v3.21.0 - 26-05-2024 *\/\n.elementor-heading-title{padding:0;margin:0;line-height:1}.elementor-widget-heading .elementor-heading-title[class*=elementor-size-]>a{color:inherit;font-size:inherit;line-height:inherit}.elementor-widget-heading .elementor-heading-title.elementor-size-small{font-size:15px}.elementor-widget-heading .elementor-heading-title.elementor-size-medium{font-size:19px}.elementor-widget-heading .elementor-heading-title.elementor-size-large{font-size:29px}.elementor-widget-heading .elementor-heading-title.elementor-size-xl{font-size:39px}.elementor-widget-heading .elementor-heading-title.elementor-size-xxl{font-size:59px}<\/style><h2 class=\"elementor-heading-title elementor-size-default\">Naturschutzgebiet<\/h2>\t\t<\/div>\n\t\t\t\t<\/div>\n\t\t\t\t<div class=\"elementor-element elementor-element-86e9d93 elementor-widget__width-initial elementor-widget elementor-widget-text-editor\" data-id=\"86e9d93\" data-element_type=\"widget\" data-widget_type=\"text-editor.default\">\n\t\t\t\t<div class=\"elementor-widget-container\">\n\t\t\t\t\t\t\t<p>Ein Naturschutzgebiet ist ein geografisch abgegrenztes Gebiet, das aufgrund seiner \u00f6kologischen, landschaftlichen oder wissenschaftlichen Bedeutung unter besonderen Schutz gestellt wird. Ziel ist es, die dort vorkommenden Pflanzen- und Tierarten sowie ihre Lebensr\u00e4ume zu bewahren und zu f\u00f6rdern. In solchen Gebieten sind menschliche Eingriffe wie Bebauung, Landwirtschaft oder Forstwirtschaft stark eingeschr\u00e4nkt oder verboten. Naturschutzgebiete dienen dem Erhalt der biologischen Vielfalt, dem Schutz seltener oder gef\u00e4hrdeter Arten und \u00d6kosystemen sowie der Forschung und Bildung. Sie bieten zudem Erholungsr\u00e4ume f\u00fcr Menschen, die Natur und Landschaft erleben m\u00f6chten, ohne diese zu beeintr\u00e4chtigen.<\/p>\t\t\t\t\t\t<\/div>\n\t\t\t\t<\/div>\n\t\t\t\t<\/div>\n\t\t\t\t\t<\/div>\n\t\t\t\t<\/div>\n\t\t<div class=\"elementor-element elementor-element-ed4203f e-flex e-con-boxed e-con e-parent\" data-id=\"ed4203f\" data-element_type=\"container\">\n\t\t\t\t\t<div class=\"e-con-inner\">\n\t\t<div class=\"elementor-element elementor-element-13f96be e-con-full e-flex e-con e-child\" data-id=\"13f96be\" data-element_type=\"container\">\n\t\t\t\t<div class=\"elementor-element elementor-element-1a0e86a elementor-widget elementor-widget-heading\" data-id=\"1a0e86a\" data-element_type=\"widget\" data-widget_type=\"heading.default\">\n\t\t\t\t<div class=\"elementor-widget-container\">\n\t\t\t<h2 class=\"elementor-heading-title elementor-size-default\">EU Vogelschutzgebiet<\/h2>\t\t<\/div>\n\t\t\t\t<\/div>\n\t\t\t\t<div class=\"elementor-element elementor-element-2da0a11 elementor-widget__width-initial elementor-widget elementor-widget-text-editor\" data-id=\"2da0a11\" data-element_type=\"widget\" data-widget_type=\"text-editor.default\">\n\t\t\t\t<div class=\"elementor-widget-container\">\n\t\t\t\t\t\t\t<p>Ein EU-Vogelschutzgebiet ist ein ausgewiesenes Schutzgebiet innerhalb der Europ\u00e4ischen Union, das speziell dem Schutz von wildlebenden Vogelarten und ihren Lebensr\u00e4umen dient. Diese Gebiete sind Teil des Natura 2000-Netzwerks, das die Bewahrung der biologischen Vielfalt in Europa zum Ziel hat. Vogelschutzgebiete werden nach der EU-Vogelschutzrichtlinie (Richtlinie 2009\/147\/EG) ausgewiesen, die alle Mitgliedstaaten verpflichtet, gef\u00e4hrdete und wandernde Vogelarten zu sch\u00fctzen. Diese Gebiete bieten wichtigen Schutz vor St\u00f6rungen, Verschlechterung der Lebensr\u00e4ume und anderen Gefahren. Ma\u00dfnahmen umfassen Habitatmanagement, Forschung und \u00dcberwachung, um eine nachhaltige Population der Vogelarten zu gew\u00e4hrleisten und die nat\u00fcrlichen \u00d6kosysteme zu bewahren.<\/p>\t\t\t\t\t\t<\/div>\n\t\t\t\t<\/div>\n\t\t\t\t<\/div>\n\t\t<div class=\"elementor-element elementor-element-93dd56d e-con-full e-flex e-con e-child\" data-id=\"93dd56d\" data-element_type=\"container\">\n\t\t\t\t<div class=\"elementor-element elementor-element-ce0019e elementor-widget elementor-widget-image\" data-id=\"ce0019e\" data-element_type=\"widget\" data-widget_type=\"image.default\">\n\t\t\t\t<div class=\"elementor-widget-container\">\n\t\t\t\t\t\t\t\t\t\t\t\t\t<img decoding=\"async\" width=\"447\" height=\"431\" src=\"https:\/\/angelverein-griesheim.de\/wp-content\/uploads\/2024\/06\/Das-EU-VSG-6217-403-Hessische-Altneckarschlingen.jpg\" class=\"attachment-large size-large wp-image-7273\" alt=\"\" srcset=\"https:\/\/angelverein-griesheim.de\/wp-content\/uploads\/2024\/06\/Das-EU-VSG-6217-403-Hessische-Altneckarschlingen.jpg 447w, https:\/\/angelverein-griesheim.de\/wp-content\/uploads\/2024\/06\/Das-EU-VSG-6217-403-Hessische-Altneckarschlingen-300x289.jpg 300w\" sizes=\"(max-width: 447px) 100vw, 447px\" \/>\t\t\t\t\t\t\t\t\t\t\t\t\t<\/div>\n\t\t\t\t<\/div>\n\t\t\t\t<\/div>\n\t\t\t\t\t<\/div>\n\t\t\t\t<\/div>\n\t\t<div class=\"elementor-element elementor-element-d10e9af e-flex e-con-boxed e-con e-parent\" data-id=\"d10e9af\" data-element_type=\"container\">\n\t\t\t\t\t<div class=\"e-con-inner\">\n\t\t<div class=\"elementor-element elementor-element-836cb05 e-con-full e-flex e-con e-child\" data-id=\"836cb05\" data-element_type=\"container\">\n\t\t\t\t<div class=\"elementor-element elementor-element-bf63a00 elementor-widget elementor-widget-heading\" data-id=\"bf63a00\" data-element_type=\"widget\" data-widget_type=\"heading.default\">\n\t\t\t\t<div class=\"elementor-widget-container\">\n\t\t\t<h2 class=\"elementor-heading-title elementor-size-default\">naturschutzplan<\/h2>\t\t<\/div>\n\t\t\t\t<\/div>\n\t\t\t\t<div class=\"elementor-element elementor-element-2f2ccf2 elementor-widget__width-initial elementor-widget elementor-widget-text-editor\" data-id=\"2f2ccf2\" data-element_type=\"widget\" data-widget_type=\"text-editor.default\">\n\t\t\t\t<div class=\"elementor-widget-container\">\n\t\t\t\t\t\t\t<p>Ziel unseres Naturschutzplans ist es, zun\u00e4chst die vielf\u00e4ltige Flora und Fauna rund um unsere beiden Teiche zu katalogisieren. Der zweite Zweck besteht darin, die gro\u00dfe Anzahl aktiver Projekte aufzulisten, die seit vielen Jahren laufen, und schlie\u00dflich sollen neue Projekte definiert werden. Wir sind offen f\u00fcr Vorschl\u00e4ge f\u00fcr solche neuen Projekte von Mitgliedern, Besuchern und Beh\u00f6rden.<\/p><p>Unser Verein hat zwei Naturschutzbeauftragte, die dem Vorstand angeh\u00f6ren. Ihre Aufgabe ist es, alles, was mit der Natur zu tun hat, st\u00e4ndig zu \u00fcberwachen, die hohe Qualit\u00e4t des Gebiets aufrechtzuerhalten und neue Projekte zu definieren, die unser Engagement f\u00fcr die Erhaltung dieses Naturgebiets unterst\u00fctzen und verst\u00e4rken.<\/p><p>Die gesamte Arbeit, die bei der Umsetzung unseres Naturschutzplans geleistet wird, wird von den Mitgliedern auf freiwilliger Basis geleistet. Aus diesem Grund wird jedes Projekt vor der Bewilligung nach Priorit\u00e4t, Aufwand und Kosten bewertet.<\/p><p>Unsere beiden Naturschutzbeauftragten aktualisieren zweimal im Jahr den Naturschutzplan, der allen Mitgliedern zur Verf\u00fcgung steht.<\/p>\t\t\t\t\t\t<\/div>\n\t\t\t\t<\/div>\n\t\t\t\t<\/div>\n\t\t<div class=\"elementor-element elementor-element-bc998c5 e-con-full e-flex e-con e-child\" data-id=\"bc998c5\" data-element_type=\"container\">\n\t\t\t\t<div class=\"elementor-element elementor-element-b0cd824 elementor-widget elementor-widget-image\" data-id=\"b0cd824\" data-element_type=\"widget\" data-widget_type=\"image.default\">\n\t\t\t\t<div class=\"elementor-widget-container\">\n\t\t\t\t\t\t\t\t\t\t\t\t\t<img decoding=\"async\" width=\"562\" height=\"818\" src=\"https:\/\/angelverein-griesheim.de\/wp-content\/uploads\/2024\/06\/3.jpg\" class=\"attachment-large size-large wp-image-8049\" alt=\"\" srcset=\"https:\/\/angelverein-griesheim.de\/wp-content\/uploads\/2024\/06\/3.jpg 562w, https:\/\/angelverein-griesheim.de\/wp-content\/uploads\/2024\/06\/3-206x300.jpg 206w\" sizes=\"(max-width: 562px) 100vw, 562px\" \/>\t\t\t\t\t\t\t\t\t\t\t\t\t<\/div>\n\t\t\t\t<\/div>\n\t\t\t\t<\/div>\n\t\t\t\t\t<\/div>\n\t\t\t\t<\/div>\n\t\t\t\t<\/div>\n\t\t","protected":false},"excerpt":{"rendered":"<p>Unsere Teiche grenzen an das Naturschutzgebiet \u201eGriesheimer Bruch\u201c und liegen im EU-Vogelschutzgebiet, EU-VSG 6217-403\u00a0 \u2013 \u201eHessische Altneckarschlingen\u201c. Naturschutzgebiet Ein Naturschutzgebiet ist ein geografisch abgegrenztes Gebiet, das aufgrund seiner \u00f6kologischen, landschaftlichen oder wissenschaftlichen Bedeutung unter besonderen Schutz gestellt wird. Ziel ist es, die dort vorkommenden Pflanzen- und Tierarten sowie ihre Lebensr\u00e4ume zu bewahren und zu f\u00f6rdern. [&hellip;]<\/p>\n","protected":false},"author":3,"featured_media":0,"parent":0,"menu_order":0,"comment_status":"closed","ping_status":"closed","template":"elementor_header_footer","meta":{"inline_featured_image":false,"footnotes":""},"class_list":["post-8344","page","type-page","status-publish","hentry"],"yoast_head":"<!-- This site is optimized with the Yoast SEO plugin v22.8 - https:\/\/yoast.com\/wordpress\/plugins\/seo\/ -->\n<title>Natur und Vogelschutz - Angelsportverein<\/title>\n<meta name=\"robots\" content=\"index, follow, max-snippet:-1, max-image-preview:large, max-video-preview:-1\" \/>\n<link rel=\"canonical\" href=\"https:\/\/angelverein-griesheim.de\/?page_id=8344\" \/>\n<meta property=\"og:locale\" content=\"de_DE\" \/>\n<meta property=\"og:type\" content=\"article\" \/>\n<meta property=\"og:title\" content=\"Natur und Vogelschutz - Angelsportverein\" \/>\n<meta property=\"og:description\" content=\"Unsere Teiche grenzen an das Naturschutzgebiet \u201eGriesheimer Bruch\u201c und liegen im EU-Vogelschutzgebiet, EU-VSG 6217-403\u00a0 \u2013 \u201eHessische Altneckarschlingen\u201c. Naturschutzgebiet Ein Naturschutzgebiet ist ein geografisch abgegrenztes Gebiet, das aufgrund seiner \u00f6kologischen, landschaftlichen oder wissenschaftlichen Bedeutung unter besonderen Schutz gestellt wird. Ziel ist es, die dort vorkommenden Pflanzen- und Tierarten sowie ihre Lebensr\u00e4ume zu bewahren und zu f\u00f6rdern. [&hellip;]\" \/>\n<meta property=\"og:url\" content=\"https:\/\/angelverein-griesheim.de\/?page_id=8344\" \/>\n<meta property=\"og:site_name\" content=\"Angelsportverein\" \/>\n<meta property=\"article:modified_time\" content=\"2024-08-07T15:44:14+00:00\" \/>\n<meta property=\"og:image\" content=\"https:\/\/angelverein-griesheim.de\/wp-content\/uploads\/2024\/06\/Griesheimer-Bruch-NSG.jpg\" \/>\n<meta name=\"twitter:card\" content=\"summary_large_image\" \/>\n<meta name=\"twitter:label1\" content=\"Gesch\u00e4tzte Lesezeit\" \/>\n\t<meta name=\"twitter:data1\" content=\"3\u00a0Minuten\" \/>\n<script type=\"application\/ld+json\" class=\"yoast-schema-graph\">{\"@context\":\"https:\/\/schema.org\",\"@graph\":[{\"@type\":\"WebPage\",\"@id\":\"https:\/\/angelverein-griesheim.de\/?page_id=8344\",\"url\":\"https:\/\/angelverein-griesheim.de\/?page_id=8344\",\"name\":\"Natur und Vogelschutz - Angelsportverein\",\"isPartOf\":{\"@id\":\"https:\/\/angelverein-griesheim.de\/#website\"},\"primaryImageOfPage\":{\"@id\":\"https:\/\/angelverein-griesheim.de\/?page_id=8344#primaryimage\"},\"image\":{\"@id\":\"https:\/\/angelverein-griesheim.de\/?page_id=8344#primaryimage\"},\"thumbnailUrl\":\"https:\/\/angelverein-griesheim.de\/wp-content\/uploads\/2024\/06\/Griesheimer-Bruch-NSG.jpg\",\"datePublished\":\"2024-06-20T10:15:37+00:00\",\"dateModified\":\"2024-08-07T15:44:14+00:00\",\"breadcrumb\":{\"@id\":\"https:\/\/angelverein-griesheim.de\/?page_id=8344#breadcrumb\"},\"inLanguage\":\"de\",\"potentialAction\":[{\"@type\":\"ReadAction\",\"target\":[\"https:\/\/angelverein-griesheim.de\/?page_id=8344\"]}]},{\"@type\":\"ImageObject\",\"inLanguage\":\"de\",\"@id\":\"https:\/\/angelverein-griesheim.de\/?page_id=8344#primaryimage\",\"url\":\"https:\/\/angelverein-griesheim.de\/wp-content\/uploads\/2024\/06\/Griesheimer-Bruch-NSG.jpg\",\"contentUrl\":\"https:\/\/angelverein-griesheim.de\/wp-content\/uploads\/2024\/06\/Griesheimer-Bruch-NSG.jpg\",\"width\":733,\"height\":611},{\"@type\":\"BreadcrumbList\",\"@id\":\"https:\/\/angelverein-griesheim.de\/?page_id=8344#breadcrumb\",\"itemListElement\":[{\"@type\":\"ListItem\",\"position\":1,\"name\":\"Startseite\",\"item\":\"https:\/\/angelverein-griesheim.de\/\"},{\"@type\":\"ListItem\",\"position\":2,\"name\":\"Natur und Vogelschutz\"}]},{\"@type\":\"WebSite\",\"@id\":\"https:\/\/angelverein-griesheim.de\/#website\",\"url\":\"https:\/\/angelverein-griesheim.de\/\",\"name\":\"Angelsportverein\",\"description\":\"Angelsportverein\",\"publisher\":{\"@id\":\"https:\/\/angelverein-griesheim.de\/#organization\"},\"potentialAction\":[{\"@type\":\"SearchAction\",\"target\":{\"@type\":\"EntryPoint\",\"urlTemplate\":\"https:\/\/angelverein-griesheim.de\/?s={search_term_string}\"},\"query-input\":\"required name=search_term_string\"}],\"inLanguage\":\"de\"},{\"@type\":\"Organization\",\"@id\":\"https:\/\/angelverein-griesheim.de\/#organization\",\"name\":\"Angelsportverein\",\"url\":\"https:\/\/angelverein-griesheim.de\/\",\"logo\":{\"@type\":\"ImageObject\",\"inLanguage\":\"de\",\"@id\":\"https:\/\/angelverein-griesheim.de\/#\/schema\/logo\/image\/\",\"url\":\"https:\/\/angelverein-griesheim.de\/wp-content\/uploads\/2024\/06\/logo_angelverein.png\",\"contentUrl\":\"https:\/\/angelverein-griesheim.de\/wp-content\/uploads\/2024\/06\/logo_angelverein.png\",\"width\":1200,\"height\":1200,\"caption\":\"Angelsportverein\"},\"image\":{\"@id\":\"https:\/\/angelverein-griesheim.de\/#\/schema\/logo\/image\/\"}}]}<\/script>\n<!-- \/ Yoast SEO plugin. -->","yoast_head_json":{"title":"Natur und Vogelschutz - Angelsportverein","robots":{"index":"index","follow":"follow","max-snippet":"max-snippet:-1","max-image-preview":"max-image-preview:large","max-video-preview":"max-video-preview:-1"},"canonical":"https:\/\/angelverein-griesheim.de\/?page_id=8344","og_locale":"de_DE","og_type":"article","og_title":"Natur und Vogelschutz - Angelsportverein","og_description":"Unsere Teiche grenzen an das Naturschutzgebiet \u201eGriesheimer Bruch\u201c und liegen im EU-Vogelschutzgebiet, EU-VSG 6217-403\u00a0 \u2013 \u201eHessische Altneckarschlingen\u201c. Naturschutzgebiet Ein Naturschutzgebiet ist ein geografisch abgegrenztes Gebiet, das aufgrund seiner \u00f6kologischen, landschaftlichen oder wissenschaftlichen Bedeutung unter besonderen Schutz gestellt wird. Ziel ist es, die dort vorkommenden Pflanzen- und Tierarten sowie ihre Lebensr\u00e4ume zu bewahren und zu f\u00f6rdern. [&hellip;]","og_url":"https:\/\/angelverein-griesheim.de\/?page_id=8344","og_site_name":"Angelsportverein","article_modified_time":"2024-08-07T15:44:14+00:00","og_image":[{"url":"https:\/\/angelverein-griesheim.de\/wp-content\/uploads\/2024\/06\/Griesheimer-Bruch-NSG.jpg"}],"twitter_card":"summary_large_image","twitter_misc":{"Gesch\u00e4tzte Lesezeit":"3\u00a0Minuten"},"schema":{"@context":"https:\/\/schema.org","@graph":[{"@type":"WebPage","@id":"https:\/\/angelverein-griesheim.de\/?page_id=8344","url":"https:\/\/angelverein-griesheim.de\/?page_id=8344","name":"Natur und Vogelschutz - Angelsportverein","isPartOf":{"@id":"https:\/\/angelverein-griesheim.de\/#website"},"primaryImageOfPage":{"@id":"https:\/\/angelverein-griesheim.de\/?page_id=8344#primaryimage"},"image":{"@id":"https:\/\/angelverein-griesheim.de\/?page_id=8344#primaryimage"},"thumbnailUrl":"https:\/\/angelverein-griesheim.de\/wp-content\/uploads\/2024\/06\/Griesheimer-Bruch-NSG.jpg","datePublished":"2024-06-20T10:15:37+00:00","dateModified":"2024-08-07T15:44:14+00:00","breadcrumb":{"@id":"https:\/\/angelverein-griesheim.de\/?page_id=8344#breadcrumb"},"inLanguage":"de","potentialAction":[{"@type":"ReadAction","target":["https:\/\/angelverein-griesheim.de\/?page_id=8344"]}]},{"@type":"ImageObject","inLanguage":"de","@id":"https:\/\/angelverein-griesheim.de\/?page_id=8344#primaryimage","url":"https:\/\/angelverein-griesheim.de\/wp-content\/uploads\/2024\/06\/Griesheimer-Bruch-NSG.jpg","contentUrl":"https:\/\/angelverein-griesheim.de\/wp-content\/uploads\/2024\/06\/Griesheimer-Bruch-NSG.jpg","width":733,"height":611},{"@type":"BreadcrumbList","@id":"https:\/\/angelverein-griesheim.de\/?page_id=8344#breadcrumb","itemListElement":[{"@type":"ListItem","position":1,"name":"Startseite","item":"https:\/\/angelverein-griesheim.de\/"},{"@type":"ListItem","position":2,"name":"Natur und Vogelschutz"}]},{"@type":"WebSite","@id":"https:\/\/angelverein-griesheim.de\/#website","url":"https:\/\/angelverein-griesheim.de\/","name":"Angelsportverein","description":"Angelsportverein","publisher":{"@id":"https:\/\/angelverein-griesheim.de\/#organization"},"potentialAction":[{"@type":"SearchAction","target":{"@type":"EntryPoint","urlTemplate":"https:\/\/angelverein-griesheim.de\/?s={search_term_string}"},"query-input":"required name=search_term_string"}],"inLanguage":"de"},{"@type":"Organization","@id":"https:\/\/angelverein-griesheim.de\/#organization","name":"Angelsportverein","url":"https:\/\/angelverein-griesheim.de\/","logo":{"@type":"ImageObject","inLanguage":"de","@id":"https:\/\/angelverein-griesheim.de\/#\/schema\/logo\/image\/","url":"https:\/\/angelverein-griesheim.de\/wp-content\/uploads\/2024\/06\/logo_angelverein.png","contentUrl":"https:\/\/angelverein-griesheim.de\/wp-content\/uploads\/2024\/06\/logo_angelverein.png","width":1200,"height":1200,"caption":"Angelsportverein"},"image":{"@id":"https:\/\/angelverein-griesheim.de\/#\/schema\/logo\/image\/"}}]}},"_links":{"self":[{"href":"https:\/\/angelverein-griesheim.de\/index.php?rest_route=\/wp\/v2\/pages\/8344","targetHints":{"allow":["GET"]}}],"collection":[{"href":"https:\/\/angelverein-griesheim.de\/index.php?rest_route=\/wp\/v2\/pages"}],"about":[{"href":"https:\/\/angelverein-griesheim.de\/index.php?rest_route=\/wp\/v2\/types\/page"}],"author":[{"embeddable":true,"href":"https:\/\/angelverein-griesheim.de\/index.php?rest_route=\/wp\/v2\/users\/3"}],"replies":[{"embeddable":true,"href":"https:\/\/angelverein-griesheim.de\/index.php?rest_route=%2Fwp%2Fv2%2Fcomments&post=8344"}],"version-history":[{"count":26,"href":"https:\/\/angelverein-griesheim.de\/index.php?rest_route=\/wp\/v2\/pages\/8344\/revisions"}],"predecessor-version":[{"id":9975,"href":"https:\/\/angelverein-griesheim.de\/index.php?rest_route=\/wp\/v2\/pages\/8344\/revisions\/9975"}],"wp:attachment":[{"href":"https:\/\/angelverein-griesheim.de\/index.php?rest_route=%2Fwp%2Fv2%2Fmedia&parent=8344"}],"curies":[{"name":"wp","href":"https:\/\/api.w.org\/{rel}","templated":true}]}}