{"id":8312,"date":"2024-06-20T11:41:13","date_gmt":"2024-06-20T09:41:13","guid":{"rendered":"http:\/\/213.157.24.122\/wordpress\/?page_id=8312"},"modified":"2024-08-07T18:39:11","modified_gmt":"2024-08-07T16:39:11","slug":"taschenaschenbecher","status":"publish","type":"page","link":"https:\/\/angelverein-griesheim.de\/?page_id=8312","title":{"rendered":"Taschenaschenbecher"},"content":{"rendered":"\t\t<div data-elementor-type=\"wp-page\" data-elementor-id=\"8312\" class=\"elementor elementor-8312\">\n\t\t\t\t<div class=\"elementor-element elementor-element-5cfb066 e-flex e-con-boxed e-con e-parent\" data-id=\"5cfb066\" data-element_type=\"container\">\n\t\t\t\t\t<div class=\"e-con-inner\">\n\t\t\t\t<div class=\"elementor-element elementor-element-a928d72 elementor-widget elementor-widget-heading\" data-id=\"a928d72\" data-element_type=\"widget\" data-widget_type=\"heading.default\">\n\t\t\t\t<div class=\"elementor-widget-container\">\n\t\t\t<style>\/*! elementor - v3.21.0 - 26-05-2024 *\/\n.elementor-heading-title{padding:0;margin:0;line-height:1}.elementor-widget-heading .elementor-heading-title[class*=elementor-size-]>a{color:inherit;font-size:inherit;line-height:inherit}.elementor-widget-heading .elementor-heading-title.elementor-size-small{font-size:15px}.elementor-widget-heading .elementor-heading-title.elementor-size-medium{font-size:19px}.elementor-widget-heading .elementor-heading-title.elementor-size-large{font-size:29px}.elementor-widget-heading .elementor-heading-title.elementor-size-xl{font-size:39px}.elementor-widget-heading .elementor-heading-title.elementor-size-xxl{font-size:59px}<\/style><h2 class=\"elementor-heading-title elementor-size-default\">AKTION GEGEN DAS KIPPEN-WEGWERFEN<\/h2>\t\t<\/div>\n\t\t\t\t<\/div>\n\t\t\t\t\t<\/div>\n\t\t\t\t<\/div>\n\t\t<div class=\"elementor-element elementor-element-527c1c9 e-flex e-con-boxed e-con e-parent\" data-id=\"527c1c9\" data-element_type=\"container\">\n\t\t\t\t\t<div class=\"e-con-inner\">\n\t\t\t\t<div class=\"elementor-element elementor-element-d681c8e elementor-widget elementor-widget-text-editor\" data-id=\"d681c8e\" data-element_type=\"widget\" data-widget_type=\"text-editor.default\">\n\t\t\t\t<div class=\"elementor-widget-container\">\n\t\t\t<style>\/*! elementor - v3.21.0 - 26-05-2024 *\/\n.elementor-widget-text-editor.elementor-drop-cap-view-stacked .elementor-drop-cap{background-color:#69727d;color:#fff}.elementor-widget-text-editor.elementor-drop-cap-view-framed .elementor-drop-cap{color:#69727d;border:3px solid;background-color:transparent}.elementor-widget-text-editor:not(.elementor-drop-cap-view-default) .elementor-drop-cap{margin-top:8px}.elementor-widget-text-editor:not(.elementor-drop-cap-view-default) .elementor-drop-cap-letter{width:1em;height:1em}.elementor-widget-text-editor .elementor-drop-cap{float:left;text-align:center;line-height:1;font-size:50px}.elementor-widget-text-editor .elementor-drop-cap-letter{display:inline-block}<\/style>\t\t\t\t<p>Das Wegwerfen von Zigarettenkippen und die damit verbundene Verschmutzung unserer Umwelt sind ernsthafte Probleme, die weitreichende Auswirkungen auf die Natur haben. Viele Menschen sind sich nicht bewusst, wie giftig achtlos weggeworfene Zigarettenkippen sind und welchen Schaden sie anrichten k\u00f6nnen.<\/p>\n<p>Zigarettenkippen bestehen aus einer Vielzahl von giftigen Chemikalien, die sowohl f\u00fcr Menschen als auch f\u00fcr die Umwelt sch\u00e4dlich sind. Jede Kippe enth\u00e4lt giftige Substanzen wie Nikotin, Teer, Blei, Arsen und zahlreiche andere chemische Verbindungen. Wenn sie in die Umwelt gelangen, k\u00f6nnen diese Giftstoffe in B\u00f6den, Gew\u00e4ssern und sogar in der Nahrungskette landen.<\/p>\n<p>Unser Angelverein hat \u00fcber Methoden nachgedacht, um das Bewusstsein zu sch\u00e4rfen und mindestens eine L\u00f6sung zur Linderung dieses Problems anzubieten.<\/p>\n<p>Wir stellen unseren G\u00e4sten kostenlos solche tragbaren Aschenbecher zur Verf\u00fcgung. Sie werden aus Recyclingmaterial hergestellt und haben eine lange Lebensdauer. Wir geben Sie auf Nachfrage kostenlos an unserer Anglerh\u00fctte aus, solange das Vorrat reicht. Im Gegenzug w\u00fcrden wir uns \u00fcber eine kleine Spende f\u00fcr unsere Jugendangler freuen.<\/p>\t\t\t\t\t\t<\/div>\n\t\t\t\t<\/div>\n\t\t\t\t\t<\/div>\n\t\t\t\t<\/div>\n\t\t<div class=\"elementor-element elementor-element-afffbb0 e-flex e-con-boxed e-con e-parent\" data-id=\"afffbb0\" data-element_type=\"container\">\n\t\t\t\t\t<div class=\"e-con-inner\">\n\t\t<div class=\"elementor-element elementor-element-ac994c5 e-con-full e-flex e-con e-child\" data-id=\"ac994c5\" data-element_type=\"container\">\n\t\t\t\t<div class=\"elementor-element elementor-element-522c3de elementor-widget elementor-widget-heading\" data-id=\"522c3de\" data-element_type=\"widget\" data-widget_type=\"heading.default\">\n\t\t\t\t<div class=\"elementor-widget-container\">\n\t\t\t<h2 class=\"elementor-heading-title elementor-size-default\">2023<\/h2>\t\t<\/div>\n\t\t\t\t<\/div>\n\t\t\t\t<\/div>\n\t\t<div class=\"elementor-element elementor-element-0ea8f61 e-con-full e-flex e-con e-child\" data-id=\"0ea8f61\" data-element_type=\"container\">\n\t\t\t\t<div class=\"elementor-element elementor-element-bb4395b elementor-widget elementor-widget-heading\" data-id=\"bb4395b\" data-element_type=\"widget\" data-widget_type=\"heading.default\">\n\t\t\t\t<div class=\"elementor-widget-container\">\n\t\t\t<h2 class=\"elementor-heading-title elementor-size-default\">2024<\/h2>\t\t<\/div>\n\t\t\t\t<\/div>\n\t\t\t\t<\/div>\n\t\t\t\t\t<\/div>\n\t\t\t\t<\/div>\n\t\t<div class=\"elementor-element elementor-element-5cf0bc4 e-flex e-con-boxed e-con e-parent\" data-id=\"5cf0bc4\" data-element_type=\"container\">\n\t\t\t\t\t<div class=\"e-con-inner\">\n\t\t<div class=\"elementor-element elementor-element-d760c79 e-con-full e-flex e-con e-child\" data-id=\"d760c79\" data-element_type=\"container\">\n\t\t\t\t<div class=\"elementor-element elementor-element-0757783 elementor-widget elementor-widget-image\" data-id=\"0757783\" data-element_type=\"widget\" data-widget_type=\"image.default\">\n\t\t\t\t<div class=\"elementor-widget-container\">\n\t\t\t<style>\/*! elementor - v3.21.0 - 26-05-2024 *\/\n.elementor-widget-image{text-align:center}.elementor-widget-image a{display:inline-block}.elementor-widget-image a img[src$=\".svg\"]{width:48px}.elementor-widget-image img{vertical-align:middle;display:inline-block}<\/style>\t\t\t\t\t\t\t\t\t\t<img fetchpriority=\"high\" decoding=\"async\" width=\"362\" height=\"440\" src=\"https:\/\/angelverein-griesheim.de\/wp-content\/uploads\/2024\/07\/ta.png\" class=\"attachment-large size-large wp-image-9173\" alt=\"\" srcset=\"https:\/\/angelverein-griesheim.de\/wp-content\/uploads\/2024\/07\/ta.png 362w, https:\/\/angelverein-griesheim.de\/wp-content\/uploads\/2024\/07\/ta-247x300.png 247w\" sizes=\"(max-width: 362px) 100vw, 362px\" \/>\t\t\t\t\t\t\t\t\t\t\t\t\t<\/div>\n\t\t\t\t<\/div>\n\t\t\t\t<\/div>\n\t\t<div class=\"elementor-element elementor-element-c9e18a8 e-con-full e-flex e-con e-child\" data-id=\"c9e18a8\" data-element_type=\"container\">\n\t\t\t\t<div class=\"elementor-element elementor-element-19b2af4 elementor-widget__width-initial elementor-widget elementor-widget-image\" data-id=\"19b2af4\" data-element_type=\"widget\" data-widget_type=\"image.default\">\n\t\t\t\t<div class=\"elementor-widget-container\">\n\t\t\t\t\t\t\t\t\t\t\t\t\t<img decoding=\"async\" width=\"620\" height=\"637\" src=\"https:\/\/angelverein-griesheim.de\/wp-content\/uploads\/2024\/07\/ash2.jpg\" class=\"attachment-large size-large wp-image-9433\" alt=\"\" srcset=\"https:\/\/angelverein-griesheim.de\/wp-content\/uploads\/2024\/07\/ash2.jpg 620w, https:\/\/angelverein-griesheim.de\/wp-content\/uploads\/2024\/07\/ash2-292x300.jpg 292w\" sizes=\"(max-width: 620px) 100vw, 620px\" \/>\t\t\t\t\t\t\t\t\t\t\t\t\t<\/div>\n\t\t\t\t<\/div>\n\t\t\t\t<\/div>\n\t\t\t\t\t<\/div>\n\t\t\t\t<\/div>\n\t\t<div class=\"elementor-element elementor-element-d7868bc e-flex e-con-boxed e-con e-parent\" data-id=\"d7868bc\" data-element_type=\"container\">\n\t\t\t\t\t<div class=\"e-con-inner\">\n\t\t\t\t<div class=\"elementor-element elementor-element-c85adbb elementor-widget__width-initial elementor-widget elementor-widget-text-editor\" data-id=\"c85adbb\" data-element_type=\"widget\" data-widget_type=\"text-editor.default\">\n\t\t\t\t<div class=\"elementor-widget-container\">\n\t\t\t\t\t\t\t<h3>Bitte fragen Sie an der Theke nach Ihrem kostenlosen tragbaren Aschenbecher.<\/h3>\t\t\t\t\t\t<\/div>\n\t\t\t\t<\/div>\n\t\t\t\t\t<\/div>\n\t\t\t\t<\/div>\n\t\t\t\t<\/div>\n\t\t","protected":false},"excerpt":{"rendered":"<p>AKTION GEGEN DAS KIPPEN-WEGWERFEN Das Wegwerfen von Zigarettenkippen und die damit verbundene Verschmutzung unserer Umwelt sind ernsthafte Probleme, die weitreichende Auswirkungen auf die Natur haben. Viele Menschen sind sich nicht bewusst, wie giftig achtlos weggeworfene Zigarettenkippen sind und welchen Schaden sie anrichten k\u00f6nnen. Zigarettenkippen bestehen aus einer Vielzahl von giftigen Chemikalien, die sowohl f\u00fcr Menschen [&hellip;]<\/p>\n","protected":false},"author":3,"featured_media":0,"parent":0,"menu_order":0,"comment_status":"closed","ping_status":"closed","template":"elementor_header_footer","meta":{"inline_featured_image":false,"footnotes":""},"class_list":["post-8312","page","type-page","status-publish","hentry"],"yoast_head":"<!-- This site is optimized with the Yoast SEO plugin v22.8 - https:\/\/yoast.com\/wordpress\/plugins\/seo\/ -->\n<title>Taschenaschenbecher - Angelsportverein<\/title>\n<meta name=\"robots\" content=\"index, follow, max-snippet:-1, max-image-preview:large, max-video-preview:-1\" \/>\n<link rel=\"canonical\" href=\"https:\/\/angelverein-griesheim.de\/?page_id=8312\" \/>\n<meta property=\"og:locale\" content=\"de_DE\" \/>\n<meta property=\"og:type\" content=\"article\" \/>\n<meta property=\"og:title\" content=\"Taschenaschenbecher - Angelsportverein\" \/>\n<meta property=\"og:description\" content=\"AKTION GEGEN DAS KIPPEN-WEGWERFEN Das Wegwerfen von Zigarettenkippen und die damit verbundene Verschmutzung unserer Umwelt sind ernsthafte Probleme, die weitreichende Auswirkungen auf die Natur haben. Viele Menschen sind sich nicht bewusst, wie giftig achtlos weggeworfene Zigarettenkippen sind und welchen Schaden sie anrichten k\u00f6nnen. Zigarettenkippen bestehen aus einer Vielzahl von giftigen Chemikalien, die sowohl f\u00fcr Menschen [&hellip;]\" \/>\n<meta property=\"og:url\" content=\"https:\/\/angelverein-griesheim.de\/?page_id=8312\" \/>\n<meta property=\"og:site_name\" content=\"Angelsportverein\" \/>\n<meta property=\"article:modified_time\" content=\"2024-08-07T16:39:11+00:00\" \/>\n<meta property=\"og:image\" content=\"https:\/\/angelverein-griesheim.de\/wp-content\/uploads\/2024\/07\/ta.png\" \/>\n<meta name=\"twitter:card\" content=\"summary_large_image\" \/>\n<meta name=\"twitter:label1\" content=\"Gesch\u00e4tzte Lesezeit\" \/>\n\t<meta name=\"twitter:data1\" content=\"2\u00a0Minuten\" \/>\n<script type=\"application\/ld+json\" class=\"yoast-schema-graph\">{\"@context\":\"https:\/\/schema.org\",\"@graph\":[{\"@type\":\"WebPage\",\"@id\":\"https:\/\/angelverein-griesheim.de\/?page_id=8312\",\"url\":\"https:\/\/angelverein-griesheim.de\/?page_id=8312\",\"name\":\"Taschenaschenbecher - Angelsportverein\",\"isPartOf\":{\"@id\":\"https:\/\/angelverein-griesheim.de\/#website\"},\"primaryImageOfPage\":{\"@id\":\"https:\/\/angelverein-griesheim.de\/?page_id=8312#primaryimage\"},\"image\":{\"@id\":\"https:\/\/angelverein-griesheim.de\/?page_id=8312#primaryimage\"},\"thumbnailUrl\":\"https:\/\/angelverein-griesheim.de\/wp-content\/uploads\/2024\/07\/ta.png\",\"datePublished\":\"2024-06-20T09:41:13+00:00\",\"dateModified\":\"2024-08-07T16:39:11+00:00\",\"breadcrumb\":{\"@id\":\"https:\/\/angelverein-griesheim.de\/?page_id=8312#breadcrumb\"},\"inLanguage\":\"de\",\"potentialAction\":[{\"@type\":\"ReadAction\",\"target\":[\"https:\/\/angelverein-griesheim.de\/?page_id=8312\"]}]},{\"@type\":\"ImageObject\",\"inLanguage\":\"de\",\"@id\":\"https:\/\/angelverein-griesheim.de\/?page_id=8312#primaryimage\",\"url\":\"https:\/\/angelverein-griesheim.de\/wp-content\/uploads\/2024\/07\/ta.png\",\"contentUrl\":\"https:\/\/angelverein-griesheim.de\/wp-content\/uploads\/2024\/07\/ta.png\",\"width\":362,\"height\":440},{\"@type\":\"BreadcrumbList\",\"@id\":\"https:\/\/angelverein-griesheim.de\/?page_id=8312#breadcrumb\",\"itemListElement\":[{\"@type\":\"ListItem\",\"position\":1,\"name\":\"Startseite\",\"item\":\"https:\/\/angelverein-griesheim.de\/\"},{\"@type\":\"ListItem\",\"position\":2,\"name\":\"Taschenaschenbecher\"}]},{\"@type\":\"WebSite\",\"@id\":\"https:\/\/angelverein-griesheim.de\/#website\",\"url\":\"https:\/\/angelverein-griesheim.de\/\",\"name\":\"Angelsportverein\",\"description\":\"Angelsportverein\",\"publisher\":{\"@id\":\"https:\/\/angelverein-griesheim.de\/#organization\"},\"potentialAction\":[{\"@type\":\"SearchAction\",\"target\":{\"@type\":\"EntryPoint\",\"urlTemplate\":\"https:\/\/angelverein-griesheim.de\/?s={search_term_string}\"},\"query-input\":\"required name=search_term_string\"}],\"inLanguage\":\"de\"},{\"@type\":\"Organization\",\"@id\":\"https:\/\/angelverein-griesheim.de\/#organization\",\"name\":\"Angelsportverein\",\"url\":\"https:\/\/angelverein-griesheim.de\/\",\"logo\":{\"@type\":\"ImageObject\",\"inLanguage\":\"de\",\"@id\":\"https:\/\/angelverein-griesheim.de\/#\/schema\/logo\/image\/\",\"url\":\"https:\/\/angelverein-griesheim.de\/wp-content\/uploads\/2024\/06\/logo_angelverein.png\",\"contentUrl\":\"https:\/\/angelverein-griesheim.de\/wp-content\/uploads\/2024\/06\/logo_angelverein.png\",\"width\":1200,\"height\":1200,\"caption\":\"Angelsportverein\"},\"image\":{\"@id\":\"https:\/\/angelverein-griesheim.de\/#\/schema\/logo\/image\/\"}}]}<\/script>\n<!-- \/ Yoast SEO plugin. -->","yoast_head_json":{"title":"Taschenaschenbecher - Angelsportverein","robots":{"index":"index","follow":"follow","max-snippet":"max-snippet:-1","max-image-preview":"max-image-preview:large","max-video-preview":"max-video-preview:-1"},"canonical":"https:\/\/angelverein-griesheim.de\/?page_id=8312","og_locale":"de_DE","og_type":"article","og_title":"Taschenaschenbecher - Angelsportverein","og_description":"AKTION GEGEN DAS KIPPEN-WEGWERFEN Das Wegwerfen von Zigarettenkippen und die damit verbundene Verschmutzung unserer Umwelt sind ernsthafte Probleme, die weitreichende Auswirkungen auf die Natur haben. Viele Menschen sind sich nicht bewusst, wie giftig achtlos weggeworfene Zigarettenkippen sind und welchen Schaden sie anrichten k\u00f6nnen. Zigarettenkippen bestehen aus einer Vielzahl von giftigen Chemikalien, die sowohl f\u00fcr Menschen [&hellip;]","og_url":"https:\/\/angelverein-griesheim.de\/?page_id=8312","og_site_name":"Angelsportverein","article_modified_time":"2024-08-07T16:39:11+00:00","og_image":[{"url":"https:\/\/angelverein-griesheim.de\/wp-content\/uploads\/2024\/07\/ta.png"}],"twitter_card":"summary_large_image","twitter_misc":{"Gesch\u00e4tzte Lesezeit":"2\u00a0Minuten"},"schema":{"@context":"https:\/\/schema.org","@graph":[{"@type":"WebPage","@id":"https:\/\/angelverein-griesheim.de\/?page_id=8312","url":"https:\/\/angelverein-griesheim.de\/?page_id=8312","name":"Taschenaschenbecher - Angelsportverein","isPartOf":{"@id":"https:\/\/angelverein-griesheim.de\/#website"},"primaryImageOfPage":{"@id":"https:\/\/angelverein-griesheim.de\/?page_id=8312#primaryimage"},"image":{"@id":"https:\/\/angelverein-griesheim.de\/?page_id=8312#primaryimage"},"thumbnailUrl":"https:\/\/angelverein-griesheim.de\/wp-content\/uploads\/2024\/07\/ta.png","datePublished":"2024-06-20T09:41:13+00:00","dateModified":"2024-08-07T16:39:11+00:00","breadcrumb":{"@id":"https:\/\/angelverein-griesheim.de\/?page_id=8312#breadcrumb"},"inLanguage":"de","potentialAction":[{"@type":"ReadAction","target":["https:\/\/angelverein-griesheim.de\/?page_id=8312"]}]},{"@type":"ImageObject","inLanguage":"de","@id":"https:\/\/angelverein-griesheim.de\/?page_id=8312#primaryimage","url":"https:\/\/angelverein-griesheim.de\/wp-content\/uploads\/2024\/07\/ta.png","contentUrl":"https:\/\/angelverein-griesheim.de\/wp-content\/uploads\/2024\/07\/ta.png","width":362,"height":440},{"@type":"BreadcrumbList","@id":"https:\/\/angelverein-griesheim.de\/?page_id=8312#breadcrumb","itemListElement":[{"@type":"ListItem","position":1,"name":"Startseite","item":"https:\/\/angelverein-griesheim.de\/"},{"@type":"ListItem","position":2,"name":"Taschenaschenbecher"}]},{"@type":"WebSite","@id":"https:\/\/angelverein-griesheim.de\/#website","url":"https:\/\/angelverein-griesheim.de\/","name":"Angelsportverein","description":"Angelsportverein","publisher":{"@id":"https:\/\/angelverein-griesheim.de\/#organization"},"potentialAction":[{"@type":"SearchAction","target":{"@type":"EntryPoint","urlTemplate":"https:\/\/angelverein-griesheim.de\/?s={search_term_string}"},"query-input":"required name=search_term_string"}],"inLanguage":"de"},{"@type":"Organization","@id":"https:\/\/angelverein-griesheim.de\/#organization","name":"Angelsportverein","url":"https:\/\/angelverein-griesheim.de\/","logo":{"@type":"ImageObject","inLanguage":"de","@id":"https:\/\/angelverein-griesheim.de\/#\/schema\/logo\/image\/","url":"https:\/\/angelverein-griesheim.de\/wp-content\/uploads\/2024\/06\/logo_angelverein.png","contentUrl":"https:\/\/angelverein-griesheim.de\/wp-content\/uploads\/2024\/06\/logo_angelverein.png","width":1200,"height":1200,"caption":"Angelsportverein"},"image":{"@id":"https:\/\/angelverein-griesheim.de\/#\/schema\/logo\/image\/"}}]}},"_links":{"self":[{"href":"https:\/\/angelverein-griesheim.de\/index.php?rest_route=\/wp\/v2\/pages\/8312","targetHints":{"allow":["GET"]}}],"collection":[{"href":"https:\/\/angelverein-griesheim.de\/index.php?rest_route=\/wp\/v2\/pages"}],"about":[{"href":"https:\/\/angelverein-griesheim.de\/index.php?rest_route=\/wp\/v2\/types\/page"}],"author":[{"embeddable":true,"href":"https:\/\/angelverein-griesheim.de\/index.php?rest_route=\/wp\/v2\/users\/3"}],"replies":[{"embeddable":true,"href":"https:\/\/angelverein-griesheim.de\/index.php?rest_route=%2Fwp%2Fv2%2Fcomments&post=8312"}],"version-history":[{"count":22,"href":"https:\/\/angelverein-griesheim.de\/index.php?rest_route=\/wp\/v2\/pages\/8312\/revisions"}],"predecessor-version":[{"id":10031,"href":"https:\/\/angelverein-griesheim.de\/index.php?rest_route=\/wp\/v2\/pages\/8312\/revisions\/10031"}],"wp:attachment":[{"href":"https:\/\/angelverein-griesheim.de\/index.php?rest_route=%2Fwp%2Fv2%2Fmedia&parent=8312"}],"curies":[{"name":"wp","href":"https:\/\/api.w.org\/{rel}","templated":true}]}}