{"id":8226,"date":"2024-06-19T13:06:05","date_gmt":"2024-06-19T11:06:05","guid":{"rendered":"http:\/\/213.157.24.122\/wordpress\/?page_id=8226"},"modified":"2026-03-28T09:48:15","modified_gmt":"2026-03-28T08:48:15","slug":"traditionsfeste","status":"publish","type":"page","link":"https:\/\/angelverein-griesheim.de\/?page_id=8226","title":{"rendered":"Traditionsfeste"},"content":{"rendered":"\t\t<div data-elementor-type=\"wp-page\" data-elementor-id=\"8226\" class=\"elementor elementor-8226\">\n\t\t\t\t<div class=\"elementor-element elementor-element-4558528 e-grid e-con-boxed e-con e-parent\" data-id=\"4558528\" data-element_type=\"container\">\n\t\t\t\t\t<div class=\"e-con-inner\">\n\t\t\t\t<div class=\"elementor-element elementor-element-781c684 elementor-widget elementor-widget-image\" data-id=\"781c684\" data-element_type=\"widget\" data-widget_type=\"image.default\">\n\t\t\t\t<div class=\"elementor-widget-container\">\n\t\t\t<style>\/*! elementor - v3.21.0 - 26-05-2024 *\/\n.elementor-widget-image{text-align:center}.elementor-widget-image a{display:inline-block}.elementor-widget-image a img[src$=\".svg\"]{width:48px}.elementor-widget-image img{vertical-align:middle;display:inline-block}<\/style>\t\t\t\t\t\t\t\t\t\t<img fetchpriority=\"high\" decoding=\"async\" width=\"655\" height=\"776\" src=\"https:\/\/angelverein-griesheim.de\/wp-content\/uploads\/2026\/03\/2026-Erste-Mai.png\" class=\"attachment-large size-large wp-image-11927\" alt=\"\" srcset=\"https:\/\/angelverein-griesheim.de\/wp-content\/uploads\/2026\/03\/2026-Erste-Mai.png 655w, https:\/\/angelverein-griesheim.de\/wp-content\/uploads\/2026\/03\/2026-Erste-Mai-253x300.png 253w\" sizes=\"(max-width: 655px) 100vw, 655px\" \/>\t\t\t\t\t\t\t\t\t\t\t\t\t<\/div>\n\t\t\t\t<\/div>\n\t\t\t\t<div class=\"elementor-element elementor-element-a36aba8 elementor-widget elementor-widget-image\" data-id=\"a36aba8\" data-element_type=\"widget\" data-widget_type=\"image.default\">\n\t\t\t\t<div class=\"elementor-widget-container\">\n\t\t\t\t\t\t\t\t\t\t\t\t\t<img decoding=\"async\" width=\"642\" height=\"775\" src=\"https:\/\/angelverein-griesheim.de\/wp-content\/uploads\/2026\/03\/2026-Vatertag.png\" class=\"attachment-large size-large wp-image-11928\" alt=\"\" srcset=\"https:\/\/angelverein-griesheim.de\/wp-content\/uploads\/2026\/03\/2026-Vatertag.png 642w, https:\/\/angelverein-griesheim.de\/wp-content\/uploads\/2026\/03\/2026-Vatertag-249x300.png 249w\" sizes=\"(max-width: 642px) 100vw, 642px\" \/>\t\t\t\t\t\t\t\t\t\t\t\t\t<\/div>\n\t\t\t\t<\/div>\n\t\t\t\t<div class=\"elementor-element elementor-element-1b8b79b elementor-widget elementor-widget-image\" data-id=\"1b8b79b\" data-element_type=\"widget\" data-widget_type=\"image.default\">\n\t\t\t\t<div class=\"elementor-widget-container\">\n\t\t\t\t\t\t\t\t\t\t\t\t\t<img decoding=\"async\" width=\"652\" height=\"779\" src=\"https:\/\/angelverein-griesheim.de\/wp-content\/uploads\/2026\/03\/2026-Pfingsten.png\" class=\"attachment-large size-large wp-image-11929\" alt=\"\" srcset=\"https:\/\/angelverein-griesheim.de\/wp-content\/uploads\/2026\/03\/2026-Pfingsten.png 652w, https:\/\/angelverein-griesheim.de\/wp-content\/uploads\/2026\/03\/2026-Pfingsten-251x300.png 251w\" sizes=\"(max-width: 652px) 100vw, 652px\" \/>\t\t\t\t\t\t\t\t\t\t\t\t\t<\/div>\n\t\t\t\t<\/div>\n\t\t\t\t\t<\/div>\n\t\t\t\t<\/div>\n\t\t<div class=\"elementor-element elementor-element-505bc085 e-flex e-con-boxed e-con e-parent\" data-id=\"505bc085\" data-element_type=\"container\">\n\t\t\t\t\t<div class=\"e-con-inner\">\n\t\t\t\t<div class=\"elementor-element elementor-element-2ce5bfd6 elementor-widget elementor-widget-spacer\" data-id=\"2ce5bfd6\" data-element_type=\"widget\" data-widget_type=\"spacer.default\">\n\t\t\t\t<div class=\"elementor-widget-container\">\n\t\t\t<style>\/*! elementor - v3.21.0 - 26-05-2024 *\/\n.elementor-column .elementor-spacer-inner{height:var(--spacer-size)}.e-con{--container-widget-width:100%}.e-con-inner>.elementor-widget-spacer,.e-con>.elementor-widget-spacer{width:var(--container-widget-width,var(--spacer-size));--align-self:var(--container-widget-align-self,initial);--flex-shrink:0}.e-con-inner>.elementor-widget-spacer>.elementor-widget-container,.e-con>.elementor-widget-spacer>.elementor-widget-container{height:100%;width:100%}.e-con-inner>.elementor-widget-spacer>.elementor-widget-container>.elementor-spacer,.e-con>.elementor-widget-spacer>.elementor-widget-container>.elementor-spacer{height:100%}.e-con-inner>.elementor-widget-spacer>.elementor-widget-container>.elementor-spacer>.elementor-spacer-inner,.e-con>.elementor-widget-spacer>.elementor-widget-container>.elementor-spacer>.elementor-spacer-inner{height:var(--container-widget-height,var(--spacer-size))}.e-con-inner>.elementor-widget-spacer.elementor-widget-empty,.e-con>.elementor-widget-spacer.elementor-widget-empty{position:relative;min-height:22px;min-width:22px}.e-con-inner>.elementor-widget-spacer.elementor-widget-empty .elementor-widget-empty-icon,.e-con>.elementor-widget-spacer.elementor-widget-empty .elementor-widget-empty-icon{position:absolute;top:0;bottom:0;left:0;right:0;margin:auto;padding:0;width:22px;height:22px}<\/style>\t\t<div class=\"elementor-spacer\">\n\t\t\t<div class=\"elementor-spacer-inner\"><\/div>\n\t\t<\/div>\n\t\t\t\t<\/div>\n\t\t\t\t<\/div>\n\t\t\t\t\t<\/div>\n\t\t\t\t<\/div>\n\t\t\t\t<div class=\"elementor-section elementor-top-section elementor-element elementor-element-11f3ac8d elementor-section-stretched elementor-reverse-mobile elementor-section-boxed elementor-section-height-default elementor-section-height-default\" data-id=\"11f3ac8d\" data-element_type=\"section\" data-settings=\"{&quot;stretch_section&quot;:&quot;section-stretched&quot;,&quot;background_background&quot;:&quot;classic&quot;}\">\n\t\t\t\t\t\t<div class=\"elementor-container elementor-column-gap-no\">\n\t\t\t\t\t<div class=\"elementor-column elementor-col-50 elementor-top-column elementor-element elementor-element-148e47ed\" data-id=\"148e47ed\" data-element_type=\"column\">\n\t\t\t<div class=\"elementor-widget-wrap elementor-element-populated\">\n\t\t\t\t\t\t<div class=\"elementor-element elementor-element-9cf6c3a elementor-widget elementor-widget-heading\" data-id=\"9cf6c3a\" data-element_type=\"widget\" data-widget_type=\"heading.default\">\n\t\t\t\t<div class=\"elementor-widget-container\">\n\t\t\t<style>\/*! elementor - v3.21.0 - 26-05-2024 *\/\n.elementor-heading-title{padding:0;margin:0;line-height:1}.elementor-widget-heading .elementor-heading-title[class*=elementor-size-]>a{color:inherit;font-size:inherit;line-height:inherit}.elementor-widget-heading .elementor-heading-title.elementor-size-small{font-size:15px}.elementor-widget-heading .elementor-heading-title.elementor-size-medium{font-size:19px}.elementor-widget-heading .elementor-heading-title.elementor-size-large{font-size:29px}.elementor-widget-heading .elementor-heading-title.elementor-size-xl{font-size:39px}.elementor-widget-heading .elementor-heading-title.elementor-size-xxl{font-size:59px}<\/style><h2 class=\"elementor-heading-title elementor-size-default\">Traditionsfeste beim ASV \nseit \u00fcber 60 Jahren\n<\/h2>\t\t<\/div>\n\t\t\t\t<\/div>\n\t\t\t\t<div class=\"elementor-element elementor-element-3b744e99 elementor-widget__width-inherit elementor-widget-mobile__width-inherit elementor-widget elementor-widget-text-editor\" data-id=\"3b744e99\" data-element_type=\"widget\" data-widget_type=\"text-editor.default\">\n\t\t\t\t<div class=\"elementor-widget-container\">\n\t\t\t<style>\/*! elementor - v3.21.0 - 26-05-2024 *\/\n.elementor-widget-text-editor.elementor-drop-cap-view-stacked .elementor-drop-cap{background-color:#69727d;color:#fff}.elementor-widget-text-editor.elementor-drop-cap-view-framed .elementor-drop-cap{color:#69727d;border:3px solid;background-color:transparent}.elementor-widget-text-editor:not(.elementor-drop-cap-view-default) .elementor-drop-cap{margin-top:8px}.elementor-widget-text-editor:not(.elementor-drop-cap-view-default) .elementor-drop-cap-letter{width:1em;height:1em}.elementor-widget-text-editor .elementor-drop-cap{float:left;text-align:center;line-height:1;font-size:50px}.elementor-widget-text-editor .elementor-drop-cap-letter{display:inline-block}<\/style>\t\t\t\t<p>Der ASV62 veranstaltet seit vielen Jahren j\u00e4hrlich drei Feste, die zu de beliebtesten Festen der Stadt z\u00e4hlen\u00a0 und aus dem Griesheimer Veranstaltungskalender nicht wegzudenken sind: 1. Mai, an Vatertag und an Pfingsten, Hier k\u00f6nnen unser G\u00e4ste\u00a0 unsere G\u00e4ste eine Vielzahl kulinarischer K\u00f6stlichkeiten genie\u00dfen, insbesondere unseren bekannten Backfisch im hausgemachtem Bierteig.<\/p>\t\t\t\t\t\t<\/div>\n\t\t\t\t<\/div>\n\t\t\t\t\t<\/div>\n\t\t<\/div>\n\t\t\t\t<div class=\"elementor-column elementor-col-50 elementor-top-column elementor-element elementor-element-5561fd5f\" data-id=\"5561fd5f\" data-element_type=\"column\">\n\t\t\t<div class=\"elementor-widget-wrap elementor-element-populated\">\n\t\t\t\t\t\t<div class=\"elementor-element elementor-element-a9df4bd elementor-arrows-position-inside elementor-pagination-position-outside elementor-widget elementor-widget-image-carousel\" data-id=\"a9df4bd\" data-element_type=\"widget\" data-settings=\"{&quot;slides_to_show&quot;:&quot;1&quot;,&quot;navigation&quot;:&quot;both&quot;,&quot;autoplay&quot;:&quot;yes&quot;,&quot;pause_on_hover&quot;:&quot;yes&quot;,&quot;pause_on_interaction&quot;:&quot;yes&quot;,&quot;autoplay_speed&quot;:5000,&quot;infinite&quot;:&quot;yes&quot;,&quot;effect&quot;:&quot;slide&quot;,&quot;speed&quot;:500}\" data-widget_type=\"image-carousel.default\">\n\t\t\t\t<div class=\"elementor-widget-container\">\n\t\t\t<style>\/*! elementor - v3.21.0 - 26-05-2024 *\/\n.elementor-widget-image-carousel .swiper,.elementor-widget-image-carousel .swiper-container{position:static}.elementor-widget-image-carousel .swiper-container .swiper-slide figure,.elementor-widget-image-carousel .swiper .swiper-slide figure{line-height:inherit}.elementor-widget-image-carousel .swiper-slide{text-align:center}.elementor-image-carousel-wrapper:not(.swiper-container-initialized):not(.swiper-initialized) .swiper-slide{max-width:calc(100% \/ var(--e-image-carousel-slides-to-show, 3))}<\/style>\t\t<div class=\"elementor-image-carousel-wrapper swiper\" dir=\"ltr\">\n\t\t\t<div class=\"elementor-image-carousel swiper-wrapper\" aria-live=\"off\">\n\t\t\t\t\t\t\t\t<div class=\"swiper-slide\" role=\"group\" aria-roledescription=\"slide\" aria-label=\"1 von 10\"><figure class=\"swiper-slide-inner\"><img decoding=\"async\" class=\"swiper-slide-image\" src=\"https:\/\/angelverein-griesheim.de\/wp-content\/uploads\/2024\/06\/20190501_113201-scaled.jpg\" alt=\"20190501_113201\" \/><\/figure><\/div><div class=\"swiper-slide\" role=\"group\" aria-roledescription=\"slide\" aria-label=\"2 von 10\"><figure class=\"swiper-slide-inner\"><img decoding=\"async\" class=\"swiper-slide-image\" src=\"https:\/\/angelverein-griesheim.de\/wp-content\/uploads\/2024\/06\/20190501_113205-scaled.jpg\" alt=\"20190501_113205\" \/><\/figure><\/div><div class=\"swiper-slide\" role=\"group\" aria-roledescription=\"slide\" aria-label=\"3 von 10\"><figure class=\"swiper-slide-inner\"><img decoding=\"async\" class=\"swiper-slide-image\" src=\"https:\/\/angelverein-griesheim.de\/wp-content\/uploads\/2024\/06\/Fest-2-scaled.jpg\" alt=\"Fest 2\" \/><\/figure><\/div><div class=\"swiper-slide\" role=\"group\" aria-roledescription=\"slide\" aria-label=\"4 von 10\"><figure class=\"swiper-slide-inner\"><img decoding=\"async\" class=\"swiper-slide-image\" src=\"https:\/\/angelverein-griesheim.de\/wp-content\/uploads\/2024\/06\/f1.jpg\" alt=\"f1\" \/><\/figure><\/div><div class=\"swiper-slide\" role=\"group\" aria-roledescription=\"slide\" aria-label=\"5 von 10\"><figure class=\"swiper-slide-inner\"><img decoding=\"async\" class=\"swiper-slide-image\" src=\"https:\/\/angelverein-griesheim.de\/wp-content\/uploads\/2024\/06\/f2.jpg\" alt=\"f2\" \/><\/figure><\/div><div class=\"swiper-slide\" role=\"group\" aria-roledescription=\"slide\" aria-label=\"6 von 10\"><figure class=\"swiper-slide-inner\"><img decoding=\"async\" class=\"swiper-slide-image\" src=\"https:\/\/angelverein-griesheim.de\/wp-content\/uploads\/2024\/06\/f3.jpg\" alt=\"f3\" \/><\/figure><\/div><div class=\"swiper-slide\" role=\"group\" aria-roledescription=\"slide\" aria-label=\"7 von 10\"><figure class=\"swiper-slide-inner\"><img decoding=\"async\" class=\"swiper-slide-image\" src=\"https:\/\/angelverein-griesheim.de\/wp-content\/uploads\/2024\/07\/g1.jpg\" alt=\"g1\" \/><\/figure><\/div><div class=\"swiper-slide\" role=\"group\" aria-roledescription=\"slide\" aria-label=\"8 von 10\"><figure class=\"swiper-slide-inner\"><img decoding=\"async\" class=\"swiper-slide-image\" src=\"https:\/\/angelverein-griesheim.de\/wp-content\/uploads\/2024\/07\/g2.jpg\" alt=\"g2\" \/><\/figure><\/div><div class=\"swiper-slide\" role=\"group\" aria-roledescription=\"slide\" aria-label=\"9 von 10\"><figure class=\"swiper-slide-inner\"><img decoding=\"async\" class=\"swiper-slide-image\" src=\"https:\/\/angelverein-griesheim.de\/wp-content\/uploads\/2024\/07\/g3.jpg\" alt=\"g3\" \/><\/figure><\/div><div class=\"swiper-slide\" role=\"group\" aria-roledescription=\"slide\" aria-label=\"10 von 10\"><figure class=\"swiper-slide-inner\"><img decoding=\"async\" class=\"swiper-slide-image\" src=\"https:\/\/angelverein-griesheim.de\/wp-content\/uploads\/2024\/07\/g4.jpg\" alt=\"g4\" \/><\/figure><\/div>\t\t\t<\/div>\n\t\t\t\t\t\t\t\t\t\t\t\t<div class=\"elementor-swiper-button elementor-swiper-button-prev\" role=\"button\" tabindex=\"0\">\n\t\t\t\t\t\t<svg aria-hidden=\"true\" class=\"e-font-icon-svg e-eicon-chevron-left\" viewBox=\"0 0 1000 1000\" xmlns=\"http:\/\/www.w3.org\/2000\/svg\"><path d=\"M646 125C629 125 613 133 604 142L308 442C296 454 292 471 292 487 292 504 296 521 308 533L604 854C617 867 629 875 646 875 663 875 679 871 692 858 704 846 713 829 713 812 713 796 708 779 692 767L438 487 692 225C700 217 708 204 708 187 708 171 704 154 692 142 675 129 663 125 646 125Z\"><\/path><\/svg>\t\t\t\t\t<\/div>\n\t\t\t\t\t<div class=\"elementor-swiper-button elementor-swiper-button-next\" role=\"button\" tabindex=\"0\">\n\t\t\t\t\t\t<svg aria-hidden=\"true\" class=\"e-font-icon-svg e-eicon-chevron-right\" viewBox=\"0 0 1000 1000\" xmlns=\"http:\/\/www.w3.org\/2000\/svg\"><path d=\"M696 533C708 521 713 504 713 487 713 471 708 454 696 446L400 146C388 133 375 125 354 125 338 125 325 129 313 142 300 154 292 171 292 187 292 204 296 221 308 233L563 492 304 771C292 783 288 800 288 817 288 833 296 850 308 863 321 871 338 875 354 875 371 875 388 867 400 854L696 533Z\"><\/path><\/svg>\t\t\t\t\t<\/div>\n\t\t\t\t\n\t\t\t\t\t\t\t\t\t<div class=\"swiper-pagination\"><\/div>\n\t\t\t\t\t\t\t\t\t<\/div>\n\t\t\t\t<\/div>\n\t\t\t\t<\/div>\n\t\t\t\t<div class=\"elementor-element elementor-element-49bf4f1b elementor-widget__width-auto elementor-absolute elementor-invisible elementor-widget elementor-widget-image\" data-id=\"49bf4f1b\" data-element_type=\"widget\" data-settings=\"{&quot;_position&quot;:&quot;absolute&quot;,&quot;_animation&quot;:&quot;opal-move-right&quot;}\" data-widget_type=\"image.default\">\n\t\t\t\t<div class=\"elementor-widget-container\">\n\t\t\t\t\t\t\t\t\t\t\t\t\t<img decoding=\"async\" src=\"http:\/\/213.157.24.122\/wordpress\/wp-content\/uploads\/2024\/06\/h3_vector_4.png\" title=\"\" alt=\"\" loading=\"lazy\" \/>\t\t\t\t\t\t\t\t\t\t\t\t\t<\/div>\n\t\t\t\t<\/div>\n\t\t\t\t\t<\/div>\n\t\t<\/div>\n\t\t\t\t\t<\/div>\n\t\t<\/div>\n\t\t\t\t<\/div>\n\t\t","protected":false},"excerpt":{"rendered":"<p>Traditionsfeste beim ASV seit \u00fcber 60 Jahren Der ASV62 veranstaltet seit vielen Jahren j\u00e4hrlich drei Feste, die zu de beliebtesten Festen der Stadt z\u00e4hlen\u00a0 und aus dem Griesheimer Veranstaltungskalender nicht wegzudenken sind: 1. Mai, an Vatertag und an Pfingsten, Hier k\u00f6nnen unser G\u00e4ste\u00a0 unsere G\u00e4ste eine Vielzahl kulinarischer K\u00f6stlichkeiten genie\u00dfen, insbesondere unseren bekannten Backfisch im [&hellip;]<\/p>\n","protected":false},"author":1,"featured_media":0,"parent":0,"menu_order":0,"comment_status":"closed","ping_status":"closed","template":"elementor_header_footer","meta":{"inline_featured_image":false,"footnotes":""},"class_list":["post-8226","page","type-page","status-publish","hentry"],"yoast_head":"<!-- This site is optimized with the Yoast SEO plugin v22.8 - https:\/\/yoast.com\/wordpress\/plugins\/seo\/ -->\n<title>Traditionsfeste - Angelsportverein<\/title>\n<meta name=\"robots\" content=\"index, follow, max-snippet:-1, max-image-preview:large, max-video-preview:-1\" \/>\n<link rel=\"canonical\" href=\"https:\/\/angelverein-griesheim.de\/?page_id=8226\" \/>\n<meta property=\"og:locale\" content=\"de_DE\" \/>\n<meta property=\"og:type\" content=\"article\" \/>\n<meta property=\"og:title\" content=\"Traditionsfeste - Angelsportverein\" \/>\n<meta property=\"og:description\" content=\"Traditionsfeste beim ASV seit \u00fcber 60 Jahren Der ASV62 veranstaltet seit vielen Jahren j\u00e4hrlich drei Feste, die zu de beliebtesten Festen der Stadt z\u00e4hlen\u00a0 und aus dem Griesheimer Veranstaltungskalender nicht wegzudenken sind: 1. Mai, an Vatertag und an Pfingsten, Hier k\u00f6nnen unser G\u00e4ste\u00a0 unsere G\u00e4ste eine Vielzahl kulinarischer K\u00f6stlichkeiten genie\u00dfen, insbesondere unseren bekannten Backfisch im [&hellip;]\" \/>\n<meta property=\"og:url\" content=\"https:\/\/angelverein-griesheim.de\/?page_id=8226\" \/>\n<meta property=\"og:site_name\" content=\"Angelsportverein\" \/>\n<meta property=\"article:modified_time\" content=\"2026-03-28T08:48:15+00:00\" \/>\n<meta property=\"og:image\" content=\"https:\/\/angelverein-griesheim.de\/wp-content\/uploads\/2026\/03\/2026-Erste-Mai.png\" \/>\n<meta name=\"twitter:card\" content=\"summary_large_image\" \/>\n<meta name=\"twitter:label1\" content=\"Gesch\u00e4tzte Lesezeit\" \/>\n\t<meta name=\"twitter:data1\" content=\"4\u00a0Minuten\" \/>\n<script type=\"application\/ld+json\" class=\"yoast-schema-graph\">{\"@context\":\"https:\/\/schema.org\",\"@graph\":[{\"@type\":\"WebPage\",\"@id\":\"https:\/\/angelverein-griesheim.de\/?page_id=8226\",\"url\":\"https:\/\/angelverein-griesheim.de\/?page_id=8226\",\"name\":\"Traditionsfeste - Angelsportverein\",\"isPartOf\":{\"@id\":\"https:\/\/angelverein-griesheim.de\/#website\"},\"primaryImageOfPage\":{\"@id\":\"https:\/\/angelverein-griesheim.de\/?page_id=8226#primaryimage\"},\"image\":{\"@id\":\"https:\/\/angelverein-griesheim.de\/?page_id=8226#primaryimage\"},\"thumbnailUrl\":\"https:\/\/angelverein-griesheim.de\/wp-content\/uploads\/2026\/03\/2026-Erste-Mai.png\",\"datePublished\":\"2024-06-19T11:06:05+00:00\",\"dateModified\":\"2026-03-28T08:48:15+00:00\",\"breadcrumb\":{\"@id\":\"https:\/\/angelverein-griesheim.de\/?page_id=8226#breadcrumb\"},\"inLanguage\":\"de\",\"potentialAction\":[{\"@type\":\"ReadAction\",\"target\":[\"https:\/\/angelverein-griesheim.de\/?page_id=8226\"]}]},{\"@type\":\"ImageObject\",\"inLanguage\":\"de\",\"@id\":\"https:\/\/angelverein-griesheim.de\/?page_id=8226#primaryimage\",\"url\":\"https:\/\/angelverein-griesheim.de\/wp-content\/uploads\/2026\/03\/2026-Erste-Mai.png\",\"contentUrl\":\"https:\/\/angelverein-griesheim.de\/wp-content\/uploads\/2026\/03\/2026-Erste-Mai.png\",\"width\":655,\"height\":776},{\"@type\":\"BreadcrumbList\",\"@id\":\"https:\/\/angelverein-griesheim.de\/?page_id=8226#breadcrumb\",\"itemListElement\":[{\"@type\":\"ListItem\",\"position\":1,\"name\":\"Startseite\",\"item\":\"https:\/\/angelverein-griesheim.de\/\"},{\"@type\":\"ListItem\",\"position\":2,\"name\":\"Traditionsfeste\"}]},{\"@type\":\"WebSite\",\"@id\":\"https:\/\/angelverein-griesheim.de\/#website\",\"url\":\"https:\/\/angelverein-griesheim.de\/\",\"name\":\"Angelsportverein\",\"description\":\"Angelsportverein\",\"publisher\":{\"@id\":\"https:\/\/angelverein-griesheim.de\/#organization\"},\"potentialAction\":[{\"@type\":\"SearchAction\",\"target\":{\"@type\":\"EntryPoint\",\"urlTemplate\":\"https:\/\/angelverein-griesheim.de\/?s={search_term_string}\"},\"query-input\":\"required name=search_term_string\"}],\"inLanguage\":\"de\"},{\"@type\":\"Organization\",\"@id\":\"https:\/\/angelverein-griesheim.de\/#organization\",\"name\":\"Angelsportverein\",\"url\":\"https:\/\/angelverein-griesheim.de\/\",\"logo\":{\"@type\":\"ImageObject\",\"inLanguage\":\"de\",\"@id\":\"https:\/\/angelverein-griesheim.de\/#\/schema\/logo\/image\/\",\"url\":\"https:\/\/angelverein-griesheim.de\/wp-content\/uploads\/2024\/06\/logo_angelverein.png\",\"contentUrl\":\"https:\/\/angelverein-griesheim.de\/wp-content\/uploads\/2024\/06\/logo_angelverein.png\",\"width\":1200,\"height\":1200,\"caption\":\"Angelsportverein\"},\"image\":{\"@id\":\"https:\/\/angelverein-griesheim.de\/#\/schema\/logo\/image\/\"}}]}<\/script>\n<!-- \/ Yoast SEO plugin. -->","yoast_head_json":{"title":"Traditionsfeste - Angelsportverein","robots":{"index":"index","follow":"follow","max-snippet":"max-snippet:-1","max-image-preview":"max-image-preview:large","max-video-preview":"max-video-preview:-1"},"canonical":"https:\/\/angelverein-griesheim.de\/?page_id=8226","og_locale":"de_DE","og_type":"article","og_title":"Traditionsfeste - Angelsportverein","og_description":"Traditionsfeste beim ASV seit \u00fcber 60 Jahren Der ASV62 veranstaltet seit vielen Jahren j\u00e4hrlich drei Feste, die zu de beliebtesten Festen der Stadt z\u00e4hlen\u00a0 und aus dem Griesheimer Veranstaltungskalender nicht wegzudenken sind: 1. Mai, an Vatertag und an Pfingsten, Hier k\u00f6nnen unser G\u00e4ste\u00a0 unsere G\u00e4ste eine Vielzahl kulinarischer K\u00f6stlichkeiten genie\u00dfen, insbesondere unseren bekannten Backfisch im [&hellip;]","og_url":"https:\/\/angelverein-griesheim.de\/?page_id=8226","og_site_name":"Angelsportverein","article_modified_time":"2026-03-28T08:48:15+00:00","og_image":[{"url":"https:\/\/angelverein-griesheim.de\/wp-content\/uploads\/2026\/03\/2026-Erste-Mai.png"}],"twitter_card":"summary_large_image","twitter_misc":{"Gesch\u00e4tzte Lesezeit":"4\u00a0Minuten"},"schema":{"@context":"https:\/\/schema.org","@graph":[{"@type":"WebPage","@id":"https:\/\/angelverein-griesheim.de\/?page_id=8226","url":"https:\/\/angelverein-griesheim.de\/?page_id=8226","name":"Traditionsfeste - Angelsportverein","isPartOf":{"@id":"https:\/\/angelverein-griesheim.de\/#website"},"primaryImageOfPage":{"@id":"https:\/\/angelverein-griesheim.de\/?page_id=8226#primaryimage"},"image":{"@id":"https:\/\/angelverein-griesheim.de\/?page_id=8226#primaryimage"},"thumbnailUrl":"https:\/\/angelverein-griesheim.de\/wp-content\/uploads\/2026\/03\/2026-Erste-Mai.png","datePublished":"2024-06-19T11:06:05+00:00","dateModified":"2026-03-28T08:48:15+00:00","breadcrumb":{"@id":"https:\/\/angelverein-griesheim.de\/?page_id=8226#breadcrumb"},"inLanguage":"de","potentialAction":[{"@type":"ReadAction","target":["https:\/\/angelverein-griesheim.de\/?page_id=8226"]}]},{"@type":"ImageObject","inLanguage":"de","@id":"https:\/\/angelverein-griesheim.de\/?page_id=8226#primaryimage","url":"https:\/\/angelverein-griesheim.de\/wp-content\/uploads\/2026\/03\/2026-Erste-Mai.png","contentUrl":"https:\/\/angelverein-griesheim.de\/wp-content\/uploads\/2026\/03\/2026-Erste-Mai.png","width":655,"height":776},{"@type":"BreadcrumbList","@id":"https:\/\/angelverein-griesheim.de\/?page_id=8226#breadcrumb","itemListElement":[{"@type":"ListItem","position":1,"name":"Startseite","item":"https:\/\/angelverein-griesheim.de\/"},{"@type":"ListItem","position":2,"name":"Traditionsfeste"}]},{"@type":"WebSite","@id":"https:\/\/angelverein-griesheim.de\/#website","url":"https:\/\/angelverein-griesheim.de\/","name":"Angelsportverein","description":"Angelsportverein","publisher":{"@id":"https:\/\/angelverein-griesheim.de\/#organization"},"potentialAction":[{"@type":"SearchAction","target":{"@type":"EntryPoint","urlTemplate":"https:\/\/angelverein-griesheim.de\/?s={search_term_string}"},"query-input":"required name=search_term_string"}],"inLanguage":"de"},{"@type":"Organization","@id":"https:\/\/angelverein-griesheim.de\/#organization","name":"Angelsportverein","url":"https:\/\/angelverein-griesheim.de\/","logo":{"@type":"ImageObject","inLanguage":"de","@id":"https:\/\/angelverein-griesheim.de\/#\/schema\/logo\/image\/","url":"https:\/\/angelverein-griesheim.de\/wp-content\/uploads\/2024\/06\/logo_angelverein.png","contentUrl":"https:\/\/angelverein-griesheim.de\/wp-content\/uploads\/2024\/06\/logo_angelverein.png","width":1200,"height":1200,"caption":"Angelsportverein"},"image":{"@id":"https:\/\/angelverein-griesheim.de\/#\/schema\/logo\/image\/"}}]}},"_links":{"self":[{"href":"https:\/\/angelverein-griesheim.de\/index.php?rest_route=\/wp\/v2\/pages\/8226","targetHints":{"allow":["GET"]}}],"collection":[{"href":"https:\/\/angelverein-griesheim.de\/index.php?rest_route=\/wp\/v2\/pages"}],"about":[{"href":"https:\/\/angelverein-griesheim.de\/index.php?rest_route=\/wp\/v2\/types\/page"}],"author":[{"embeddable":true,"href":"https:\/\/angelverein-griesheim.de\/index.php?rest_route=\/wp\/v2\/users\/1"}],"replies":[{"embeddable":true,"href":"https:\/\/angelverein-griesheim.de\/index.php?rest_route=%2Fwp%2Fv2%2Fcomments&post=8226"}],"version-history":[{"count":73,"href":"https:\/\/angelverein-griesheim.de\/index.php?rest_route=\/wp\/v2\/pages\/8226\/revisions"}],"predecessor-version":[{"id":11932,"href":"https:\/\/angelverein-griesheim.de\/index.php?rest_route=\/wp\/v2\/pages\/8226\/revisions\/11932"}],"wp:attachment":[{"href":"https:\/\/angelverein-griesheim.de\/index.php?rest_route=%2Fwp%2Fv2%2Fmedia&parent=8226"}],"curies":[{"name":"wp","href":"https:\/\/api.w.org\/{rel}","templated":true}]}}