{"id":12022,"date":"2026-05-06T13:57:22","date_gmt":"2026-05-06T11:57:22","guid":{"rendered":"https:\/\/angelverein-griesheim.de\/?page_id=12022"},"modified":"2026-05-06T14:04:45","modified_gmt":"2026-05-06T12:04:45","slug":"asv-62-ehrungen-2026","status":"publish","type":"page","link":"https:\/\/angelverein-griesheim.de\/?page_id=12022","title":{"rendered":"ASV 62 Ehrungen 2026"},"content":{"rendered":"\t\t<div data-elementor-type=\"wp-page\" data-elementor-id=\"12022\" class=\"elementor elementor-12022\">\n\t\t\t\t<div class=\"elementor-element elementor-element-abe932d e-grid e-con-boxed e-con e-parent\" data-id=\"abe932d\" data-element_type=\"container\">\n\t\t\t\t\t<div class=\"e-con-inner\">\n\t\t\t\t<div class=\"elementor-element elementor-element-ba653c4 elementor-widget elementor-widget-image\" data-id=\"ba653c4\" data-element_type=\"widget\" data-widget_type=\"image.default\">\n\t\t\t\t<div class=\"elementor-widget-container\">\n\t\t\t<style>\/*! elementor - v3.21.0 - 26-05-2024 *\/\n.elementor-widget-image{text-align:center}.elementor-widget-image a{display:inline-block}.elementor-widget-image a img[src$=\".svg\"]{width:48px}.elementor-widget-image img{vertical-align:middle;display:inline-block}<\/style>\t\t\t\t\t\t\t\t\t\t<img fetchpriority=\"high\" decoding=\"async\" width=\"980\" height=\"735\" src=\"https:\/\/angelverein-griesheim.de\/wp-content\/uploads\/2026\/05\/IMG-20260503-WA0001-1024x768.jpg\" class=\"attachment-large size-large wp-image-12024\" alt=\"\" srcset=\"https:\/\/angelverein-griesheim.de\/wp-content\/uploads\/2026\/05\/IMG-20260503-WA0001-1024x768.jpg 1024w, https:\/\/angelverein-griesheim.de\/wp-content\/uploads\/2026\/05\/IMG-20260503-WA0001-300x225.jpg 300w, https:\/\/angelverein-griesheim.de\/wp-content\/uploads\/2026\/05\/IMG-20260503-WA0001-768x576.jpg 768w, https:\/\/angelverein-griesheim.de\/wp-content\/uploads\/2026\/05\/IMG-20260503-WA0001-1536x1152.jpg 1536w, https:\/\/angelverein-griesheim.de\/wp-content\/uploads\/2026\/05\/IMG-20260503-WA0001.jpg 1600w\" sizes=\"(max-width: 980px) 100vw, 980px\" \/>\t\t\t\t\t\t\t\t\t\t\t\t\t<\/div>\n\t\t\t\t<\/div>\n\t\t\t\t<div class=\"elementor-element elementor-element-a3e188c elementor-widget elementor-widget-image\" data-id=\"a3e188c\" data-element_type=\"widget\" data-widget_type=\"image.default\">\n\t\t\t\t<div class=\"elementor-widget-container\">\n\t\t\t\t\t\t\t\t\t\t\t\t\t<img decoding=\"async\" width=\"980\" height=\"738\" src=\"https:\/\/angelverein-griesheim.de\/wp-content\/uploads\/2026\/05\/PXL_20260425_183444432-1024x771.jpg\" class=\"attachment-large size-large wp-image-12025\" alt=\"\" srcset=\"https:\/\/angelverein-griesheim.de\/wp-content\/uploads\/2026\/05\/PXL_20260425_183444432-1024x771.jpg 1024w, https:\/\/angelverein-griesheim.de\/wp-content\/uploads\/2026\/05\/PXL_20260425_183444432-300x226.jpg 300w, https:\/\/angelverein-griesheim.de\/wp-content\/uploads\/2026\/05\/PXL_20260425_183444432-768x578.jpg 768w, https:\/\/angelverein-griesheim.de\/wp-content\/uploads\/2026\/05\/PXL_20260425_183444432-1536x1157.jpg 1536w, https:\/\/angelverein-griesheim.de\/wp-content\/uploads\/2026\/05\/PXL_20260425_183444432-2048x1542.jpg 2048w\" sizes=\"(max-width: 980px) 100vw, 980px\" \/>\t\t\t\t\t\t\t\t\t\t\t\t\t<\/div>\n\t\t\t\t<\/div>\n\t\t\t\t\t<\/div>\n\t\t\t\t<\/div>\n\t\t<div class=\"elementor-element elementor-element-d63083b e-grid e-con-boxed e-con e-parent\" data-id=\"d63083b\" data-element_type=\"container\">\n\t\t\t\t\t<div class=\"e-con-inner\">\n\t\t\t\t<div class=\"elementor-element elementor-element-42fbceb elementor-widget elementor-widget-heading\" data-id=\"42fbceb\" data-element_type=\"widget\" data-widget_type=\"heading.default\">\n\t\t\t\t<div class=\"elementor-widget-container\">\n\t\t\t<style>\/*! elementor - v3.21.0 - 26-05-2024 *\/\n.elementor-heading-title{padding:0;margin:0;line-height:1}.elementor-widget-heading .elementor-heading-title[class*=elementor-size-]>a{color:inherit;font-size:inherit;line-height:inherit}.elementor-widget-heading .elementor-heading-title.elementor-size-small{font-size:15px}.elementor-widget-heading .elementor-heading-title.elementor-size-medium{font-size:19px}.elementor-widget-heading .elementor-heading-title.elementor-size-large{font-size:29px}.elementor-widget-heading .elementor-heading-title.elementor-size-xl{font-size:39px}.elementor-widget-heading .elementor-heading-title.elementor-size-xxl{font-size:59px}<\/style><h2 class=\"elementor-heading-title elementor-size-default\">KARL-HEINZ G\u00d6RLICH<\/h2>\t\t<\/div>\n\t\t\t\t<\/div>\n\t\t\t\t<div class=\"elementor-element elementor-element-959c9ab elementor-widget elementor-widget-heading\" data-id=\"959c9ab\" data-element_type=\"widget\" data-widget_type=\"heading.default\">\n\t\t\t\t<div class=\"elementor-widget-container\">\n\t\t\t<h2 class=\"elementor-heading-title elementor-size-default\">EUGEN ZAGAJEWSKI<\/h2>\t\t<\/div>\n\t\t\t\t<\/div>\n\t\t\t\t\t<\/div>\n\t\t\t\t<\/div>\n\t\t<div class=\"elementor-element elementor-element-d8c8cf6 e-grid e-con-boxed e-con e-parent\" data-id=\"d8c8cf6\" data-element_type=\"container\">\n\t\t\t\t\t<div class=\"e-con-inner\">\n\t\t\t\t<div class=\"elementor-element elementor-element-c95ada5 elementor-widget elementor-widget-text-editor\" data-id=\"c95ada5\" data-element_type=\"widget\" data-widget_type=\"text-editor.default\">\n\t\t\t\t<div class=\"elementor-widget-container\">\n\t\t\t<style>\/*! elementor - v3.21.0 - 26-05-2024 *\/\n.elementor-widget-text-editor.elementor-drop-cap-view-stacked .elementor-drop-cap{background-color:#69727d;color:#fff}.elementor-widget-text-editor.elementor-drop-cap-view-framed .elementor-drop-cap{color:#69727d;border:3px solid;background-color:transparent}.elementor-widget-text-editor:not(.elementor-drop-cap-view-default) .elementor-drop-cap{margin-top:8px}.elementor-widget-text-editor:not(.elementor-drop-cap-view-default) .elementor-drop-cap-letter{width:1em;height:1em}.elementor-widget-text-editor .elementor-drop-cap{float:left;text-align:center;line-height:1;font-size:50px}.elementor-widget-text-editor .elementor-drop-cap-letter{display:inline-block}<\/style>\t\t\t\t<p>Auf unserer j\u00e4hrlichen Hauptversammlung am 25. April 2026 durften wir die langj\u00e4hrige Mitgliedschaft von Karl-Heinz G\u00f6rlich und Eugen Zagajewski w\u00fcrdigen. Karl-Heinz wurde f\u00fcr seine 60-j\u00e4hrige Mitgliedschaft im ASV 62 geehrt, Eugen f\u00fcr seine 55-j\u00e4hrige. Beide unterst\u00fctzen nach wie vor unsere zahlreichen Aktivit\u00e4ten. Ein gro\u00dfes Dankesch\u00f6n von all euren Angelkollegen.<\/p>\t\t\t\t\t\t<\/div>\n\t\t\t\t<\/div>\n\t\t\t\t\t<\/div>\n\t\t\t\t<\/div>\n\t\t\t\t<\/div>\n\t\t","protected":false},"excerpt":{"rendered":"<p>KARL-HEINZ G\u00d6RLICH EUGEN ZAGAJEWSKI Auf unserer j\u00e4hrlichen Hauptversammlung am 25. April 2026 durften wir die langj\u00e4hrige Mitgliedschaft von Karl-Heinz G\u00f6rlich und Eugen Zagajewski w\u00fcrdigen. Karl-Heinz wurde f\u00fcr seine 60-j\u00e4hrige Mitgliedschaft im ASV 62 geehrt, Eugen f\u00fcr seine 55-j\u00e4hrige. Beide unterst\u00fctzen nach wie vor unsere zahlreichen Aktivit\u00e4ten. Ein gro\u00dfes Dankesch\u00f6n von all euren Angelkollegen.<\/p>\n","protected":false},"author":3,"featured_media":0,"parent":0,"menu_order":0,"comment_status":"closed","ping_status":"closed","template":"","meta":{"inline_featured_image":false,"footnotes":""},"class_list":["post-12022","page","type-page","status-publish","hentry"],"yoast_head":"<!-- This site is optimized with the Yoast SEO plugin v22.8 - https:\/\/yoast.com\/wordpress\/plugins\/seo\/ -->\n<title>ASV 62 Ehrungen 2026 - Angelsportverein<\/title>\n<meta name=\"robots\" content=\"index, follow, max-snippet:-1, max-image-preview:large, max-video-preview:-1\" \/>\n<link rel=\"canonical\" href=\"https:\/\/angelverein-griesheim.de\/?page_id=12022\" \/>\n<meta property=\"og:locale\" content=\"de_DE\" \/>\n<meta property=\"og:type\" content=\"article\" \/>\n<meta property=\"og:title\" content=\"ASV 62 Ehrungen 2026 - Angelsportverein\" \/>\n<meta property=\"og:description\" content=\"KARL-HEINZ G\u00d6RLICH EUGEN ZAGAJEWSKI Auf unserer j\u00e4hrlichen Hauptversammlung am 25. April 2026 durften wir die langj\u00e4hrige Mitgliedschaft von Karl-Heinz G\u00f6rlich und Eugen Zagajewski w\u00fcrdigen. Karl-Heinz wurde f\u00fcr seine 60-j\u00e4hrige Mitgliedschaft im ASV 62 geehrt, Eugen f\u00fcr seine 55-j\u00e4hrige. Beide unterst\u00fctzen nach wie vor unsere zahlreichen Aktivit\u00e4ten. Ein gro\u00dfes Dankesch\u00f6n von all euren Angelkollegen.\" \/>\n<meta property=\"og:url\" content=\"https:\/\/angelverein-griesheim.de\/?page_id=12022\" \/>\n<meta property=\"og:site_name\" content=\"Angelsportverein\" \/>\n<meta property=\"article:modified_time\" content=\"2026-05-06T12:04:45+00:00\" \/>\n<meta property=\"og:image\" content=\"https:\/\/angelverein-griesheim.de\/wp-content\/uploads\/2026\/05\/IMG-20260503-WA0001-1024x768.jpg\" \/>\n<meta name=\"twitter:card\" content=\"summary_large_image\" \/>\n<meta name=\"twitter:label1\" content=\"Gesch\u00e4tzte Lesezeit\" \/>\n\t<meta name=\"twitter:data1\" content=\"1\u00a0Minute\" \/>\n<script type=\"application\/ld+json\" class=\"yoast-schema-graph\">{\"@context\":\"https:\/\/schema.org\",\"@graph\":[{\"@type\":\"WebPage\",\"@id\":\"https:\/\/angelverein-griesheim.de\/?page_id=12022\",\"url\":\"https:\/\/angelverein-griesheim.de\/?page_id=12022\",\"name\":\"ASV 62 Ehrungen 2026 - Angelsportverein\",\"isPartOf\":{\"@id\":\"https:\/\/angelverein-griesheim.de\/#website\"},\"primaryImageOfPage\":{\"@id\":\"https:\/\/angelverein-griesheim.de\/?page_id=12022#primaryimage\"},\"image\":{\"@id\":\"https:\/\/angelverein-griesheim.de\/?page_id=12022#primaryimage\"},\"thumbnailUrl\":\"https:\/\/angelverein-griesheim.de\/wp-content\/uploads\/2026\/05\/IMG-20260503-WA0001-1024x768.jpg\",\"datePublished\":\"2026-05-06T11:57:22+00:00\",\"dateModified\":\"2026-05-06T12:04:45+00:00\",\"breadcrumb\":{\"@id\":\"https:\/\/angelverein-griesheim.de\/?page_id=12022#breadcrumb\"},\"inLanguage\":\"de\",\"potentialAction\":[{\"@type\":\"ReadAction\",\"target\":[\"https:\/\/angelverein-griesheim.de\/?page_id=12022\"]}]},{\"@type\":\"ImageObject\",\"inLanguage\":\"de\",\"@id\":\"https:\/\/angelverein-griesheim.de\/?page_id=12022#primaryimage\",\"url\":\"https:\/\/angelverein-griesheim.de\/wp-content\/uploads\/2026\/05\/IMG-20260503-WA0001.jpg\",\"contentUrl\":\"https:\/\/angelverein-griesheim.de\/wp-content\/uploads\/2026\/05\/IMG-20260503-WA0001.jpg\",\"width\":1600,\"height\":1200},{\"@type\":\"BreadcrumbList\",\"@id\":\"https:\/\/angelverein-griesheim.de\/?page_id=12022#breadcrumb\",\"itemListElement\":[{\"@type\":\"ListItem\",\"position\":1,\"name\":\"Startseite\",\"item\":\"https:\/\/angelverein-griesheim.de\/\"},{\"@type\":\"ListItem\",\"position\":2,\"name\":\"ASV 62 Ehrungen 2026\"}]},{\"@type\":\"WebSite\",\"@id\":\"https:\/\/angelverein-griesheim.de\/#website\",\"url\":\"https:\/\/angelverein-griesheim.de\/\",\"name\":\"Angelsportverein\",\"description\":\"Angelsportverein\",\"publisher\":{\"@id\":\"https:\/\/angelverein-griesheim.de\/#organization\"},\"potentialAction\":[{\"@type\":\"SearchAction\",\"target\":{\"@type\":\"EntryPoint\",\"urlTemplate\":\"https:\/\/angelverein-griesheim.de\/?s={search_term_string}\"},\"query-input\":\"required name=search_term_string\"}],\"inLanguage\":\"de\"},{\"@type\":\"Organization\",\"@id\":\"https:\/\/angelverein-griesheim.de\/#organization\",\"name\":\"Angelsportverein\",\"url\":\"https:\/\/angelverein-griesheim.de\/\",\"logo\":{\"@type\":\"ImageObject\",\"inLanguage\":\"de\",\"@id\":\"https:\/\/angelverein-griesheim.de\/#\/schema\/logo\/image\/\",\"url\":\"https:\/\/angelverein-griesheim.de\/wp-content\/uploads\/2024\/06\/logo_angelverein.png\",\"contentUrl\":\"https:\/\/angelverein-griesheim.de\/wp-content\/uploads\/2024\/06\/logo_angelverein.png\",\"width\":1200,\"height\":1200,\"caption\":\"Angelsportverein\"},\"image\":{\"@id\":\"https:\/\/angelverein-griesheim.de\/#\/schema\/logo\/image\/\"}}]}<\/script>\n<!-- \/ Yoast SEO plugin. -->","yoast_head_json":{"title":"ASV 62 Ehrungen 2026 - Angelsportverein","robots":{"index":"index","follow":"follow","max-snippet":"max-snippet:-1","max-image-preview":"max-image-preview:large","max-video-preview":"max-video-preview:-1"},"canonical":"https:\/\/angelverein-griesheim.de\/?page_id=12022","og_locale":"de_DE","og_type":"article","og_title":"ASV 62 Ehrungen 2026 - Angelsportverein","og_description":"KARL-HEINZ G\u00d6RLICH EUGEN ZAGAJEWSKI Auf unserer j\u00e4hrlichen Hauptversammlung am 25. April 2026 durften wir die langj\u00e4hrige Mitgliedschaft von Karl-Heinz G\u00f6rlich und Eugen Zagajewski w\u00fcrdigen. Karl-Heinz wurde f\u00fcr seine 60-j\u00e4hrige Mitgliedschaft im ASV 62 geehrt, Eugen f\u00fcr seine 55-j\u00e4hrige. Beide unterst\u00fctzen nach wie vor unsere zahlreichen Aktivit\u00e4ten. Ein gro\u00dfes Dankesch\u00f6n von all euren Angelkollegen.","og_url":"https:\/\/angelverein-griesheim.de\/?page_id=12022","og_site_name":"Angelsportverein","article_modified_time":"2026-05-06T12:04:45+00:00","og_image":[{"url":"https:\/\/angelverein-griesheim.de\/wp-content\/uploads\/2026\/05\/IMG-20260503-WA0001-1024x768.jpg"}],"twitter_card":"summary_large_image","twitter_misc":{"Gesch\u00e4tzte Lesezeit":"1\u00a0Minute"},"schema":{"@context":"https:\/\/schema.org","@graph":[{"@type":"WebPage","@id":"https:\/\/angelverein-griesheim.de\/?page_id=12022","url":"https:\/\/angelverein-griesheim.de\/?page_id=12022","name":"ASV 62 Ehrungen 2026 - Angelsportverein","isPartOf":{"@id":"https:\/\/angelverein-griesheim.de\/#website"},"primaryImageOfPage":{"@id":"https:\/\/angelverein-griesheim.de\/?page_id=12022#primaryimage"},"image":{"@id":"https:\/\/angelverein-griesheim.de\/?page_id=12022#primaryimage"},"thumbnailUrl":"https:\/\/angelverein-griesheim.de\/wp-content\/uploads\/2026\/05\/IMG-20260503-WA0001-1024x768.jpg","datePublished":"2026-05-06T11:57:22+00:00","dateModified":"2026-05-06T12:04:45+00:00","breadcrumb":{"@id":"https:\/\/angelverein-griesheim.de\/?page_id=12022#breadcrumb"},"inLanguage":"de","potentialAction":[{"@type":"ReadAction","target":["https:\/\/angelverein-griesheim.de\/?page_id=12022"]}]},{"@type":"ImageObject","inLanguage":"de","@id":"https:\/\/angelverein-griesheim.de\/?page_id=12022#primaryimage","url":"https:\/\/angelverein-griesheim.de\/wp-content\/uploads\/2026\/05\/IMG-20260503-WA0001.jpg","contentUrl":"https:\/\/angelverein-griesheim.de\/wp-content\/uploads\/2026\/05\/IMG-20260503-WA0001.jpg","width":1600,"height":1200},{"@type":"BreadcrumbList","@id":"https:\/\/angelverein-griesheim.de\/?page_id=12022#breadcrumb","itemListElement":[{"@type":"ListItem","position":1,"name":"Startseite","item":"https:\/\/angelverein-griesheim.de\/"},{"@type":"ListItem","position":2,"name":"ASV 62 Ehrungen 2026"}]},{"@type":"WebSite","@id":"https:\/\/angelverein-griesheim.de\/#website","url":"https:\/\/angelverein-griesheim.de\/","name":"Angelsportverein","description":"Angelsportverein","publisher":{"@id":"https:\/\/angelverein-griesheim.de\/#organization"},"potentialAction":[{"@type":"SearchAction","target":{"@type":"EntryPoint","urlTemplate":"https:\/\/angelverein-griesheim.de\/?s={search_term_string}"},"query-input":"required name=search_term_string"}],"inLanguage":"de"},{"@type":"Organization","@id":"https:\/\/angelverein-griesheim.de\/#organization","name":"Angelsportverein","url":"https:\/\/angelverein-griesheim.de\/","logo":{"@type":"ImageObject","inLanguage":"de","@id":"https:\/\/angelverein-griesheim.de\/#\/schema\/logo\/image\/","url":"https:\/\/angelverein-griesheim.de\/wp-content\/uploads\/2024\/06\/logo_angelverein.png","contentUrl":"https:\/\/angelverein-griesheim.de\/wp-content\/uploads\/2024\/06\/logo_angelverein.png","width":1200,"height":1200,"caption":"Angelsportverein"},"image":{"@id":"https:\/\/angelverein-griesheim.de\/#\/schema\/logo\/image\/"}}]}},"_links":{"self":[{"href":"https:\/\/angelverein-griesheim.de\/index.php?rest_route=\/wp\/v2\/pages\/12022","targetHints":{"allow":["GET"]}}],"collection":[{"href":"https:\/\/angelverein-griesheim.de\/index.php?rest_route=\/wp\/v2\/pages"}],"about":[{"href":"https:\/\/angelverein-griesheim.de\/index.php?rest_route=\/wp\/v2\/types\/page"}],"author":[{"embeddable":true,"href":"https:\/\/angelverein-griesheim.de\/index.php?rest_route=\/wp\/v2\/users\/3"}],"replies":[{"embeddable":true,"href":"https:\/\/angelverein-griesheim.de\/index.php?rest_route=%2Fwp%2Fv2%2Fcomments&post=12022"}],"version-history":[{"count":4,"href":"https:\/\/angelverein-griesheim.de\/index.php?rest_route=\/wp\/v2\/pages\/12022\/revisions"}],"predecessor-version":[{"id":12028,"href":"https:\/\/angelverein-griesheim.de\/index.php?rest_route=\/wp\/v2\/pages\/12022\/revisions\/12028"}],"wp:attachment":[{"href":"https:\/\/angelverein-griesheim.de\/index.php?rest_route=%2Fwp%2Fv2%2Fmedia&parent=12022"}],"curies":[{"name":"wp","href":"https:\/\/api.w.org\/{rel}","templated":true}]}}