{"id":11582,"date":"2025-10-15T10:51:07","date_gmt":"2025-10-15T08:51:07","guid":{"rendered":"https:\/\/angelverein-griesheim.de\/?page_id=11582"},"modified":"2025-10-15T11:02:42","modified_gmt":"2025-10-15T09:02:42","slug":"die-apfelbaum-challenge-2025","status":"publish","type":"page","link":"https:\/\/angelverein-griesheim.de\/?page_id=11582","title":{"rendered":"Die Apfelbaum Challenge 2025"},"content":{"rendered":"\t\t<div data-elementor-type=\"wp-page\" data-elementor-id=\"11582\" class=\"elementor elementor-11582\">\n\t\t\t\t<div class=\"elementor-element elementor-element-ff52422 e-flex e-con-boxed e-con e-parent\" data-id=\"ff52422\" data-element_type=\"container\">\n\t\t\t\t\t<div class=\"e-con-inner\">\n\t\t\t\t<div class=\"elementor-element elementor-element-b718421 elementor-widget elementor-widget-text-editor\" data-id=\"b718421\" data-element_type=\"widget\" data-widget_type=\"text-editor.default\">\n\t\t\t\t<div class=\"elementor-widget-container\">\n\t\t\t<style>\/*! elementor - v3.21.0 - 26-05-2024 *\/\n.elementor-widget-text-editor.elementor-drop-cap-view-stacked .elementor-drop-cap{background-color:#69727d;color:#fff}.elementor-widget-text-editor.elementor-drop-cap-view-framed .elementor-drop-cap{color:#69727d;border:3px solid;background-color:transparent}.elementor-widget-text-editor:not(.elementor-drop-cap-view-default) .elementor-drop-cap{margin-top:8px}.elementor-widget-text-editor:not(.elementor-drop-cap-view-default) .elementor-drop-cap-letter{width:1em;height:1em}.elementor-widget-text-editor .elementor-drop-cap{float:left;text-align:center;line-height:1;font-size:50px}.elementor-widget-text-editor .elementor-drop-cap-letter{display:inline-block}<\/style>\t\t\t\t<p>Die Apfelbaum Challenge 2025 ist eine virale Mitmachaktion, die sich in Deutschland vor allem unter Feuerwehren, Vereinen, Kommunen und zunehmend auch Unternehmen verbreitet hat. Der Sinn der Challenge liegt darin:<\/p><p><strong>Umweltschutz aktiv zu f\u00f6rdern<\/strong>, indem echte Apfelb\u00e4ume gepflanzt werden.<\/p><p><strong>Gemeinschaft und Kameradschaft zu st\u00e4rken<\/strong>, da die Teilnehmer sich gegenseitig nominieren.<\/p><p><strong>Soziales Engagement sichtbar zu machen<\/strong>, durch \u00f6ffentliche Dokumentation der Pflanzaktionen.<\/p><p>Wir wurden vom ASV Wolfskehlen 1967 e. V. nominiert.<\/p>\t\t\t\t\t\t<\/div>\n\t\t\t\t<\/div>\n\t\t\t\t\t<\/div>\n\t\t\t\t<\/div>\n\t\t<div class=\"elementor-element elementor-element-dd41e1f e-flex e-con-boxed e-con e-parent\" data-id=\"dd41e1f\" data-element_type=\"container\">\n\t\t\t\t\t<div class=\"e-con-inner\">\n\t\t\t\t<div class=\"elementor-element elementor-element-5d29a31 elementor-arrows-position-inside elementor-pagination-position-outside elementor-widget elementor-widget-image-carousel\" data-id=\"5d29a31\" data-element_type=\"widget\" data-settings=\"{&quot;slides_to_show&quot;:&quot;1&quot;,&quot;navigation&quot;:&quot;both&quot;,&quot;autoplay&quot;:&quot;yes&quot;,&quot;pause_on_hover&quot;:&quot;yes&quot;,&quot;pause_on_interaction&quot;:&quot;yes&quot;,&quot;autoplay_speed&quot;:5000,&quot;infinite&quot;:&quot;yes&quot;,&quot;effect&quot;:&quot;slide&quot;,&quot;speed&quot;:500}\" data-widget_type=\"image-carousel.default\">\n\t\t\t\t<div class=\"elementor-widget-container\">\n\t\t\t<style>\/*! elementor - v3.21.0 - 26-05-2024 *\/\n.elementor-widget-image-carousel .swiper,.elementor-widget-image-carousel .swiper-container{position:static}.elementor-widget-image-carousel .swiper-container .swiper-slide figure,.elementor-widget-image-carousel .swiper .swiper-slide figure{line-height:inherit}.elementor-widget-image-carousel .swiper-slide{text-align:center}.elementor-image-carousel-wrapper:not(.swiper-container-initialized):not(.swiper-initialized) .swiper-slide{max-width:calc(100% \/ var(--e-image-carousel-slides-to-show, 3))}<\/style>\t\t<div class=\"elementor-image-carousel-wrapper swiper\" dir=\"ltr\">\n\t\t\t<div class=\"elementor-image-carousel swiper-wrapper\" aria-live=\"off\">\n\t\t\t\t\t\t\t\t<div class=\"swiper-slide\" role=\"group\" aria-roledescription=\"slide\" aria-label=\"1 von 1\"><figure class=\"swiper-slide-inner\"><img decoding=\"async\" class=\"swiper-slide-image\" src=\"https:\/\/angelverein-griesheim.de\/wp-content\/uploads\/2025\/10\/ABC2025-scaled.jpg\" alt=\"ABC2025\" \/><\/figure><\/div>\t\t\t<\/div>\n\t\t\t\t\t<\/div>\n\t\t\t\t<\/div>\n\t\t\t\t<\/div>\n\t\t\t\t\t<\/div>\n\t\t\t\t<\/div>\n\t\t\t\t<\/div>\n\t\t","protected":false},"excerpt":{"rendered":"<p>Die Apfelbaum Challenge 2025 ist eine virale Mitmachaktion, die sich in Deutschland vor allem unter Feuerwehren, Vereinen, Kommunen und zunehmend auch Unternehmen verbreitet hat. Der Sinn der Challenge liegt darin: Umweltschutz aktiv zu f\u00f6rdern, indem echte Apfelb\u00e4ume gepflanzt werden. Gemeinschaft und Kameradschaft zu st\u00e4rken, da die Teilnehmer sich gegenseitig nominieren. Soziales Engagement sichtbar zu machen, [&hellip;]<\/p>\n","protected":false},"author":3,"featured_media":0,"parent":0,"menu_order":0,"comment_status":"closed","ping_status":"closed","template":"","meta":{"inline_featured_image":false,"footnotes":""},"class_list":["post-11582","page","type-page","status-publish","hentry"],"yoast_head":"<!-- This site is optimized with the Yoast SEO plugin v22.8 - https:\/\/yoast.com\/wordpress\/plugins\/seo\/ -->\n<title>Die Apfelbaum Challenge 2025 - Angelsportverein<\/title>\n<meta name=\"robots\" content=\"index, follow, max-snippet:-1, max-image-preview:large, max-video-preview:-1\" \/>\n<link rel=\"canonical\" href=\"https:\/\/angelverein-griesheim.de\/?page_id=11582\" \/>\n<meta property=\"og:locale\" content=\"de_DE\" \/>\n<meta property=\"og:type\" content=\"article\" \/>\n<meta property=\"og:title\" content=\"Die Apfelbaum Challenge 2025 - Angelsportverein\" \/>\n<meta property=\"og:description\" content=\"Die Apfelbaum Challenge 2025 ist eine virale Mitmachaktion, die sich in Deutschland vor allem unter Feuerwehren, Vereinen, Kommunen und zunehmend auch Unternehmen verbreitet hat. Der Sinn der Challenge liegt darin: Umweltschutz aktiv zu f\u00f6rdern, indem echte Apfelb\u00e4ume gepflanzt werden. Gemeinschaft und Kameradschaft zu st\u00e4rken, da die Teilnehmer sich gegenseitig nominieren. Soziales Engagement sichtbar zu machen, [&hellip;]\" \/>\n<meta property=\"og:url\" content=\"https:\/\/angelverein-griesheim.de\/?page_id=11582\" \/>\n<meta property=\"og:site_name\" content=\"Angelsportverein\" \/>\n<meta property=\"article:modified_time\" content=\"2025-10-15T09:02:42+00:00\" \/>\n<meta property=\"og:image\" content=\"https:\/\/angelverein-griesheim.de\/wp-content\/uploads\/2025\/10\/ABC2025-scaled.jpg\" \/>\n<meta name=\"twitter:card\" content=\"summary_large_image\" \/>\n<meta name=\"twitter:label1\" content=\"Gesch\u00e4tzte Lesezeit\" \/>\n\t<meta name=\"twitter:data1\" content=\"1\u00a0Minute\" \/>\n<script type=\"application\/ld+json\" class=\"yoast-schema-graph\">{\"@context\":\"https:\/\/schema.org\",\"@graph\":[{\"@type\":\"WebPage\",\"@id\":\"https:\/\/angelverein-griesheim.de\/?page_id=11582\",\"url\":\"https:\/\/angelverein-griesheim.de\/?page_id=11582\",\"name\":\"Die Apfelbaum Challenge 2025 - Angelsportverein\",\"isPartOf\":{\"@id\":\"https:\/\/angelverein-griesheim.de\/#website\"},\"primaryImageOfPage\":{\"@id\":\"https:\/\/angelverein-griesheim.de\/?page_id=11582#primaryimage\"},\"image\":{\"@id\":\"https:\/\/angelverein-griesheim.de\/?page_id=11582#primaryimage\"},\"thumbnailUrl\":\"https:\/\/angelverein-griesheim.de\/wp-content\/uploads\/2025\/10\/ABC2025-scaled.jpg\",\"datePublished\":\"2025-10-15T08:51:07+00:00\",\"dateModified\":\"2025-10-15T09:02:42+00:00\",\"breadcrumb\":{\"@id\":\"https:\/\/angelverein-griesheim.de\/?page_id=11582#breadcrumb\"},\"inLanguage\":\"de\",\"potentialAction\":[{\"@type\":\"ReadAction\",\"target\":[\"https:\/\/angelverein-griesheim.de\/?page_id=11582\"]}]},{\"@type\":\"ImageObject\",\"inLanguage\":\"de\",\"@id\":\"https:\/\/angelverein-griesheim.de\/?page_id=11582#primaryimage\",\"url\":\"https:\/\/angelverein-griesheim.de\/wp-content\/uploads\/2025\/10\/ABC2025-scaled.jpg\",\"contentUrl\":\"https:\/\/angelverein-griesheim.de\/wp-content\/uploads\/2025\/10\/ABC2025-scaled.jpg\",\"width\":2560,\"height\":1920},{\"@type\":\"BreadcrumbList\",\"@id\":\"https:\/\/angelverein-griesheim.de\/?page_id=11582#breadcrumb\",\"itemListElement\":[{\"@type\":\"ListItem\",\"position\":1,\"name\":\"Startseite\",\"item\":\"https:\/\/angelverein-griesheim.de\/\"},{\"@type\":\"ListItem\",\"position\":2,\"name\":\"Die Apfelbaum Challenge 2025\"}]},{\"@type\":\"WebSite\",\"@id\":\"https:\/\/angelverein-griesheim.de\/#website\",\"url\":\"https:\/\/angelverein-griesheim.de\/\",\"name\":\"Angelsportverein\",\"description\":\"Angelsportverein\",\"publisher\":{\"@id\":\"https:\/\/angelverein-griesheim.de\/#organization\"},\"potentialAction\":[{\"@type\":\"SearchAction\",\"target\":{\"@type\":\"EntryPoint\",\"urlTemplate\":\"https:\/\/angelverein-griesheim.de\/?s={search_term_string}\"},\"query-input\":\"required name=search_term_string\"}],\"inLanguage\":\"de\"},{\"@type\":\"Organization\",\"@id\":\"https:\/\/angelverein-griesheim.de\/#organization\",\"name\":\"Angelsportverein\",\"url\":\"https:\/\/angelverein-griesheim.de\/\",\"logo\":{\"@type\":\"ImageObject\",\"inLanguage\":\"de\",\"@id\":\"https:\/\/angelverein-griesheim.de\/#\/schema\/logo\/image\/\",\"url\":\"https:\/\/angelverein-griesheim.de\/wp-content\/uploads\/2024\/06\/logo_angelverein.png\",\"contentUrl\":\"https:\/\/angelverein-griesheim.de\/wp-content\/uploads\/2024\/06\/logo_angelverein.png\",\"width\":1200,\"height\":1200,\"caption\":\"Angelsportverein\"},\"image\":{\"@id\":\"https:\/\/angelverein-griesheim.de\/#\/schema\/logo\/image\/\"}}]}<\/script>\n<!-- \/ Yoast SEO plugin. -->","yoast_head_json":{"title":"Die Apfelbaum Challenge 2025 - Angelsportverein","robots":{"index":"index","follow":"follow","max-snippet":"max-snippet:-1","max-image-preview":"max-image-preview:large","max-video-preview":"max-video-preview:-1"},"canonical":"https:\/\/angelverein-griesheim.de\/?page_id=11582","og_locale":"de_DE","og_type":"article","og_title":"Die Apfelbaum Challenge 2025 - Angelsportverein","og_description":"Die Apfelbaum Challenge 2025 ist eine virale Mitmachaktion, die sich in Deutschland vor allem unter Feuerwehren, Vereinen, Kommunen und zunehmend auch Unternehmen verbreitet hat. Der Sinn der Challenge liegt darin: Umweltschutz aktiv zu f\u00f6rdern, indem echte Apfelb\u00e4ume gepflanzt werden. Gemeinschaft und Kameradschaft zu st\u00e4rken, da die Teilnehmer sich gegenseitig nominieren. Soziales Engagement sichtbar zu machen, [&hellip;]","og_url":"https:\/\/angelverein-griesheim.de\/?page_id=11582","og_site_name":"Angelsportverein","article_modified_time":"2025-10-15T09:02:42+00:00","og_image":[{"url":"https:\/\/angelverein-griesheim.de\/wp-content\/uploads\/2025\/10\/ABC2025-scaled.jpg"}],"twitter_card":"summary_large_image","twitter_misc":{"Gesch\u00e4tzte Lesezeit":"1\u00a0Minute"},"schema":{"@context":"https:\/\/schema.org","@graph":[{"@type":"WebPage","@id":"https:\/\/angelverein-griesheim.de\/?page_id=11582","url":"https:\/\/angelverein-griesheim.de\/?page_id=11582","name":"Die Apfelbaum Challenge 2025 - Angelsportverein","isPartOf":{"@id":"https:\/\/angelverein-griesheim.de\/#website"},"primaryImageOfPage":{"@id":"https:\/\/angelverein-griesheim.de\/?page_id=11582#primaryimage"},"image":{"@id":"https:\/\/angelverein-griesheim.de\/?page_id=11582#primaryimage"},"thumbnailUrl":"https:\/\/angelverein-griesheim.de\/wp-content\/uploads\/2025\/10\/ABC2025-scaled.jpg","datePublished":"2025-10-15T08:51:07+00:00","dateModified":"2025-10-15T09:02:42+00:00","breadcrumb":{"@id":"https:\/\/angelverein-griesheim.de\/?page_id=11582#breadcrumb"},"inLanguage":"de","potentialAction":[{"@type":"ReadAction","target":["https:\/\/angelverein-griesheim.de\/?page_id=11582"]}]},{"@type":"ImageObject","inLanguage":"de","@id":"https:\/\/angelverein-griesheim.de\/?page_id=11582#primaryimage","url":"https:\/\/angelverein-griesheim.de\/wp-content\/uploads\/2025\/10\/ABC2025-scaled.jpg","contentUrl":"https:\/\/angelverein-griesheim.de\/wp-content\/uploads\/2025\/10\/ABC2025-scaled.jpg","width":2560,"height":1920},{"@type":"BreadcrumbList","@id":"https:\/\/angelverein-griesheim.de\/?page_id=11582#breadcrumb","itemListElement":[{"@type":"ListItem","position":1,"name":"Startseite","item":"https:\/\/angelverein-griesheim.de\/"},{"@type":"ListItem","position":2,"name":"Die Apfelbaum Challenge 2025"}]},{"@type":"WebSite","@id":"https:\/\/angelverein-griesheim.de\/#website","url":"https:\/\/angelverein-griesheim.de\/","name":"Angelsportverein","description":"Angelsportverein","publisher":{"@id":"https:\/\/angelverein-griesheim.de\/#organization"},"potentialAction":[{"@type":"SearchAction","target":{"@type":"EntryPoint","urlTemplate":"https:\/\/angelverein-griesheim.de\/?s={search_term_string}"},"query-input":"required name=search_term_string"}],"inLanguage":"de"},{"@type":"Organization","@id":"https:\/\/angelverein-griesheim.de\/#organization","name":"Angelsportverein","url":"https:\/\/angelverein-griesheim.de\/","logo":{"@type":"ImageObject","inLanguage":"de","@id":"https:\/\/angelverein-griesheim.de\/#\/schema\/logo\/image\/","url":"https:\/\/angelverein-griesheim.de\/wp-content\/uploads\/2024\/06\/logo_angelverein.png","contentUrl":"https:\/\/angelverein-griesheim.de\/wp-content\/uploads\/2024\/06\/logo_angelverein.png","width":1200,"height":1200,"caption":"Angelsportverein"},"image":{"@id":"https:\/\/angelverein-griesheim.de\/#\/schema\/logo\/image\/"}}]}},"_links":{"self":[{"href":"https:\/\/angelverein-griesheim.de\/index.php?rest_route=\/wp\/v2\/pages\/11582","targetHints":{"allow":["GET"]}}],"collection":[{"href":"https:\/\/angelverein-griesheim.de\/index.php?rest_route=\/wp\/v2\/pages"}],"about":[{"href":"https:\/\/angelverein-griesheim.de\/index.php?rest_route=\/wp\/v2\/types\/page"}],"author":[{"embeddable":true,"href":"https:\/\/angelverein-griesheim.de\/index.php?rest_route=\/wp\/v2\/users\/3"}],"replies":[{"embeddable":true,"href":"https:\/\/angelverein-griesheim.de\/index.php?rest_route=%2Fwp%2Fv2%2Fcomments&post=11582"}],"version-history":[{"count":7,"href":"https:\/\/angelverein-griesheim.de\/index.php?rest_route=\/wp\/v2\/pages\/11582\/revisions"}],"predecessor-version":[{"id":11596,"href":"https:\/\/angelverein-griesheim.de\/index.php?rest_route=\/wp\/v2\/pages\/11582\/revisions\/11596"}],"wp:attachment":[{"href":"https:\/\/angelverein-griesheim.de\/index.php?rest_route=%2Fwp%2Fv2%2Fmedia&parent=11582"}],"curies":[{"name":"wp","href":"https:\/\/api.w.org\/{rel}","templated":true}]}}