{"id":10808,"date":"2024-11-18T10:52:27","date_gmt":"2024-11-18T09:52:27","guid":{"rendered":"https:\/\/angelverein-griesheim.de\/?page_id=10808"},"modified":"2024-11-18T10:54:36","modified_gmt":"2024-11-18T09:54:36","slug":"vereinsbaum","status":"publish","type":"page","link":"https:\/\/angelverein-griesheim.de\/?page_id=10808","title":{"rendered":"Vereinsbaum"},"content":{"rendered":"\t\t<div data-elementor-type=\"wp-page\" data-elementor-id=\"10808\" class=\"elementor elementor-10808\">\n\t\t\t\t<div class=\"elementor-element elementor-element-0b6f8ea e-flex e-con-boxed e-con e-parent\" data-id=\"0b6f8ea\" data-element_type=\"container\">\n\t\t\t\t\t<div class=\"e-con-inner\">\n\t\t\t\t<div class=\"elementor-element elementor-element-4ce8118 elementor-arrows-position-inside elementor-pagination-position-outside elementor-widget elementor-widget-image-carousel\" data-id=\"4ce8118\" data-element_type=\"widget\" data-settings=\"{&quot;slides_to_show&quot;:&quot;1&quot;,&quot;navigation&quot;:&quot;both&quot;,&quot;autoplay&quot;:&quot;yes&quot;,&quot;pause_on_hover&quot;:&quot;yes&quot;,&quot;pause_on_interaction&quot;:&quot;yes&quot;,&quot;autoplay_speed&quot;:5000,&quot;infinite&quot;:&quot;yes&quot;,&quot;effect&quot;:&quot;slide&quot;,&quot;speed&quot;:500}\" data-widget_type=\"image-carousel.default\">\n\t\t\t\t<div class=\"elementor-widget-container\">\n\t\t\t<style>\/*! elementor - v3.21.0 - 26-05-2024 *\/\n.elementor-widget-image-carousel .swiper,.elementor-widget-image-carousel .swiper-container{position:static}.elementor-widget-image-carousel .swiper-container .swiper-slide figure,.elementor-widget-image-carousel .swiper .swiper-slide figure{line-height:inherit}.elementor-widget-image-carousel .swiper-slide{text-align:center}.elementor-image-carousel-wrapper:not(.swiper-container-initialized):not(.swiper-initialized) .swiper-slide{max-width:calc(100% \/ var(--e-image-carousel-slides-to-show, 3))}<\/style>\t\t<div class=\"elementor-image-carousel-wrapper swiper\" dir=\"ltr\">\n\t\t\t<div class=\"elementor-image-carousel swiper-wrapper\" aria-live=\"off\">\n\t\t\t\t\t\t\t\t<div class=\"swiper-slide\" role=\"group\" aria-roledescription=\"slide\" aria-label=\"1 von 5\"><figure class=\"swiper-slide-inner\"><img decoding=\"async\" class=\"swiper-slide-image\" src=\"https:\/\/angelverein-griesheim.de\/wp-content\/uploads\/2024\/11\/IMG-20241110-WA0027-1.jpg\" alt=\"IMG-20241110-WA0027\" \/><\/figure><\/div><div class=\"swiper-slide\" role=\"group\" aria-roledescription=\"slide\" aria-label=\"2 von 5\"><figure class=\"swiper-slide-inner\"><img decoding=\"async\" class=\"swiper-slide-image\" src=\"https:\/\/angelverein-griesheim.de\/wp-content\/uploads\/2024\/11\/IMG-20241110-WA0028.jpg\" alt=\"IMG-20241110-WA0028\" \/><\/figure><\/div><div class=\"swiper-slide\" role=\"group\" aria-roledescription=\"slide\" aria-label=\"3 von 5\"><figure class=\"swiper-slide-inner\"><img decoding=\"async\" class=\"swiper-slide-image\" src=\"https:\/\/angelverein-griesheim.de\/wp-content\/uploads\/2024\/11\/IMG-20241110-WA0031.jpg\" alt=\"IMG-20241110-WA0031\" \/><\/figure><\/div><div class=\"swiper-slide\" role=\"group\" aria-roledescription=\"slide\" aria-label=\"4 von 5\"><figure class=\"swiper-slide-inner\"><img decoding=\"async\" class=\"swiper-slide-image\" src=\"https:\/\/angelverein-griesheim.de\/wp-content\/uploads\/2024\/11\/IMG-20241110-WA0032.jpg\" alt=\"IMG-20241110-WA0032\" \/><\/figure><\/div><div class=\"swiper-slide\" role=\"group\" aria-roledescription=\"slide\" aria-label=\"5 von 5\"><figure class=\"swiper-slide-inner\"><img decoding=\"async\" class=\"swiper-slide-image\" src=\"https:\/\/angelverein-griesheim.de\/wp-content\/uploads\/2024\/11\/IMG-20241110-WA0033.jpg\" alt=\"IMG-20241110-WA0033\" \/><\/figure><\/div>\t\t\t<\/div>\n\t\t\t\t\t\t\t\t\t\t\t\t<div class=\"elementor-swiper-button elementor-swiper-button-prev\" role=\"button\" tabindex=\"0\">\n\t\t\t\t\t\t<svg aria-hidden=\"true\" class=\"e-font-icon-svg e-eicon-chevron-left\" viewBox=\"0 0 1000 1000\" xmlns=\"http:\/\/www.w3.org\/2000\/svg\"><path d=\"M646 125C629 125 613 133 604 142L308 442C296 454 292 471 292 487 292 504 296 521 308 533L604 854C617 867 629 875 646 875 663 875 679 871 692 858 704 846 713 829 713 812 713 796 708 779 692 767L438 487 692 225C700 217 708 204 708 187 708 171 704 154 692 142 675 129 663 125 646 125Z\"><\/path><\/svg>\t\t\t\t\t<\/div>\n\t\t\t\t\t<div class=\"elementor-swiper-button elementor-swiper-button-next\" role=\"button\" tabindex=\"0\">\n\t\t\t\t\t\t<svg aria-hidden=\"true\" class=\"e-font-icon-svg e-eicon-chevron-right\" viewBox=\"0 0 1000 1000\" xmlns=\"http:\/\/www.w3.org\/2000\/svg\"><path d=\"M696 533C708 521 713 504 713 487 713 471 708 454 696 446L400 146C388 133 375 125 354 125 338 125 325 129 313 142 300 154 292 171 292 187 292 204 296 221 308 233L563 492 304 771C292 783 288 800 288 817 288 833 296 850 308 863 321 871 338 875 354 875 371 875 388 867 400 854L696 533Z\"><\/path><\/svg>\t\t\t\t\t<\/div>\n\t\t\t\t\n\t\t\t\t\t\t\t\t\t<div class=\"swiper-pagination\"><\/div>\n\t\t\t\t\t\t\t\t\t<\/div>\n\t\t\t\t<\/div>\n\t\t\t\t<\/div>\n\t\t\t\t\t<\/div>\n\t\t\t\t<\/div>\n\t\t<div class=\"elementor-element elementor-element-5537dce e-flex e-con-boxed e-con e-parent\" data-id=\"5537dce\" data-element_type=\"container\">\n\t\t\t\t\t<div class=\"e-con-inner\">\n\t\t\t\t<div class=\"elementor-element elementor-element-2dacab6 elementor-widget elementor-widget-text-editor\" data-id=\"2dacab6\" data-element_type=\"widget\" data-widget_type=\"text-editor.default\">\n\t\t\t\t<div class=\"elementor-widget-container\">\n\t\t\t<style>\/*! elementor - v3.21.0 - 26-05-2024 *\/\n.elementor-widget-text-editor.elementor-drop-cap-view-stacked .elementor-drop-cap{background-color:#69727d;color:#fff}.elementor-widget-text-editor.elementor-drop-cap-view-framed .elementor-drop-cap{color:#69727d;border:3px solid;background-color:transparent}.elementor-widget-text-editor:not(.elementor-drop-cap-view-default) .elementor-drop-cap{margin-top:8px}.elementor-widget-text-editor:not(.elementor-drop-cap-view-default) .elementor-drop-cap-letter{width:1em;height:1em}.elementor-widget-text-editor .elementor-drop-cap{float:left;text-align:center;line-height:1;font-size:50px}.elementor-widget-text-editor .elementor-drop-cap-letter{display:inline-block}<\/style>\t\t\t\t<p>Das Pflanzen eines Vereinsbaums f\u00fcr den ASV62 ist eine symbolische Geste, die Gemeinschaft und Nachhaltigkeit f\u00f6rdert. Der Baum steht als Zeichen f\u00fcr Best\u00e4ndigkeit und Wachstum, \u00e4hnlich wie der Verein, der seit 1962 besteht und seine Mitglieder verbindet. Durch die Pflanzung wird ein lebendiges Wahrzeichen geschaffen, das die Werte des ASV62 widerspiegelt und gleichzeitig der Umwelt zugutekommt.<\/p><p>Nach reiflicher \u00dcberlegung haben wir uns f\u00fcr die Flatterulme entschieden.<\/p><p>Die Flatterulme (Ulmus laevis) wurde zum Baum des Jahres 2019 gek\u00fcrt, um auf ihren \u00f6kologischen Wert und ihre Gef\u00e4hrdung aufmerksam zu machen. Sie ist in Europa heimisch und gedeiht besonders gut in Auenw\u00e4ldern und feuchten B\u00f6den. Charakteristisch f\u00fcr die Flatterulme sind ihre weit ausladenden \u00c4ste und die \u201eflatternden\u201c Bl\u00e4tter, die sich im Wind bewegen. Sie bietet zahlreichen Insekten und V\u00f6geln einen wichtigen Lebensraum. Aufgrund von Flussbegradigungen und Trockenlegungen ihrer nat\u00fcrlichen Standorte ist die Flatterulme in manchen Regionen selten geworden und steht daher unter besonderem Schutz.<\/p>\t\t\t\t\t\t<\/div>\n\t\t\t\t<\/div>\n\t\t\t\t\t<\/div>\n\t\t\t\t<\/div>\n\t\t\t\t<\/div>\n\t\t","protected":false},"excerpt":{"rendered":"<p>Das Pflanzen eines Vereinsbaums f\u00fcr den ASV62 ist eine symbolische Geste, die Gemeinschaft und Nachhaltigkeit f\u00f6rdert. Der Baum steht als Zeichen f\u00fcr Best\u00e4ndigkeit und Wachstum, \u00e4hnlich wie der Verein, der seit 1962 besteht und seine Mitglieder verbindet. Durch die Pflanzung wird ein lebendiges Wahrzeichen geschaffen, das die Werte des ASV62 widerspiegelt und gleichzeitig der Umwelt [&hellip;]<\/p>\n","protected":false},"author":3,"featured_media":0,"parent":0,"menu_order":0,"comment_status":"closed","ping_status":"closed","template":"elementor_header_footer","meta":{"inline_featured_image":false,"footnotes":""},"class_list":["post-10808","page","type-page","status-publish","hentry"],"yoast_head":"<!-- This site is optimized with the Yoast SEO plugin v22.8 - https:\/\/yoast.com\/wordpress\/plugins\/seo\/ -->\n<title>Vereinsbaum - Angelsportverein<\/title>\n<meta name=\"robots\" content=\"index, follow, max-snippet:-1, max-image-preview:large, max-video-preview:-1\" \/>\n<link rel=\"canonical\" href=\"https:\/\/angelverein-griesheim.de\/?page_id=10808\" \/>\n<meta property=\"og:locale\" content=\"de_DE\" \/>\n<meta property=\"og:type\" content=\"article\" \/>\n<meta property=\"og:title\" content=\"Vereinsbaum - Angelsportverein\" \/>\n<meta property=\"og:description\" content=\"Das Pflanzen eines Vereinsbaums f\u00fcr den ASV62 ist eine symbolische Geste, die Gemeinschaft und Nachhaltigkeit f\u00f6rdert. Der Baum steht als Zeichen f\u00fcr Best\u00e4ndigkeit und Wachstum, \u00e4hnlich wie der Verein, der seit 1962 besteht und seine Mitglieder verbindet. Durch die Pflanzung wird ein lebendiges Wahrzeichen geschaffen, das die Werte des ASV62 widerspiegelt und gleichzeitig der Umwelt [&hellip;]\" \/>\n<meta property=\"og:url\" content=\"https:\/\/angelverein-griesheim.de\/?page_id=10808\" \/>\n<meta property=\"og:site_name\" content=\"Angelsportverein\" \/>\n<meta property=\"article:modified_time\" content=\"2024-11-18T09:54:36+00:00\" \/>\n<meta property=\"og:image\" content=\"https:\/\/angelverein-griesheim.de\/wp-content\/uploads\/2024\/11\/IMG-20241110-WA0027-1.jpg\" \/>\n<meta name=\"twitter:card\" content=\"summary_large_image\" \/>\n<meta name=\"twitter:label1\" content=\"Gesch\u00e4tzte Lesezeit\" \/>\n\t<meta name=\"twitter:data1\" content=\"3\u00a0Minuten\" \/>\n<script type=\"application\/ld+json\" class=\"yoast-schema-graph\">{\"@context\":\"https:\/\/schema.org\",\"@graph\":[{\"@type\":\"WebPage\",\"@id\":\"https:\/\/angelverein-griesheim.de\/?page_id=10808\",\"url\":\"https:\/\/angelverein-griesheim.de\/?page_id=10808\",\"name\":\"Vereinsbaum - Angelsportverein\",\"isPartOf\":{\"@id\":\"https:\/\/angelverein-griesheim.de\/#website\"},\"primaryImageOfPage\":{\"@id\":\"https:\/\/angelverein-griesheim.de\/?page_id=10808#primaryimage\"},\"image\":{\"@id\":\"https:\/\/angelverein-griesheim.de\/?page_id=10808#primaryimage\"},\"thumbnailUrl\":\"https:\/\/angelverein-griesheim.de\/wp-content\/uploads\/2024\/11\/IMG-20241110-WA0027-1.jpg\",\"datePublished\":\"2024-11-18T09:52:27+00:00\",\"dateModified\":\"2024-11-18T09:54:36+00:00\",\"breadcrumb\":{\"@id\":\"https:\/\/angelverein-griesheim.de\/?page_id=10808#breadcrumb\"},\"inLanguage\":\"de\",\"potentialAction\":[{\"@type\":\"ReadAction\",\"target\":[\"https:\/\/angelverein-griesheim.de\/?page_id=10808\"]}]},{\"@type\":\"ImageObject\",\"inLanguage\":\"de\",\"@id\":\"https:\/\/angelverein-griesheim.de\/?page_id=10808#primaryimage\",\"url\":\"https:\/\/angelverein-griesheim.de\/wp-content\/uploads\/2024\/11\/IMG-20241110-WA0027-1.jpg\",\"contentUrl\":\"https:\/\/angelverein-griesheim.de\/wp-content\/uploads\/2024\/11\/IMG-20241110-WA0027-1.jpg\",\"width\":2000,\"height\":934},{\"@type\":\"BreadcrumbList\",\"@id\":\"https:\/\/angelverein-griesheim.de\/?page_id=10808#breadcrumb\",\"itemListElement\":[{\"@type\":\"ListItem\",\"position\":1,\"name\":\"Startseite\",\"item\":\"https:\/\/angelverein-griesheim.de\/\"},{\"@type\":\"ListItem\",\"position\":2,\"name\":\"Vereinsbaum\"}]},{\"@type\":\"WebSite\",\"@id\":\"https:\/\/angelverein-griesheim.de\/#website\",\"url\":\"https:\/\/angelverein-griesheim.de\/\",\"name\":\"Angelsportverein\",\"description\":\"Angelsportverein\",\"publisher\":{\"@id\":\"https:\/\/angelverein-griesheim.de\/#organization\"},\"potentialAction\":[{\"@type\":\"SearchAction\",\"target\":{\"@type\":\"EntryPoint\",\"urlTemplate\":\"https:\/\/angelverein-griesheim.de\/?s={search_term_string}\"},\"query-input\":\"required name=search_term_string\"}],\"inLanguage\":\"de\"},{\"@type\":\"Organization\",\"@id\":\"https:\/\/angelverein-griesheim.de\/#organization\",\"name\":\"Angelsportverein\",\"url\":\"https:\/\/angelverein-griesheim.de\/\",\"logo\":{\"@type\":\"ImageObject\",\"inLanguage\":\"de\",\"@id\":\"https:\/\/angelverein-griesheim.de\/#\/schema\/logo\/image\/\",\"url\":\"https:\/\/angelverein-griesheim.de\/wp-content\/uploads\/2024\/06\/logo_angelverein.png\",\"contentUrl\":\"https:\/\/angelverein-griesheim.de\/wp-content\/uploads\/2024\/06\/logo_angelverein.png\",\"width\":1200,\"height\":1200,\"caption\":\"Angelsportverein\"},\"image\":{\"@id\":\"https:\/\/angelverein-griesheim.de\/#\/schema\/logo\/image\/\"}}]}<\/script>\n<!-- \/ Yoast SEO plugin. -->","yoast_head_json":{"title":"Vereinsbaum - Angelsportverein","robots":{"index":"index","follow":"follow","max-snippet":"max-snippet:-1","max-image-preview":"max-image-preview:large","max-video-preview":"max-video-preview:-1"},"canonical":"https:\/\/angelverein-griesheim.de\/?page_id=10808","og_locale":"de_DE","og_type":"article","og_title":"Vereinsbaum - Angelsportverein","og_description":"Das Pflanzen eines Vereinsbaums f\u00fcr den ASV62 ist eine symbolische Geste, die Gemeinschaft und Nachhaltigkeit f\u00f6rdert. Der Baum steht als Zeichen f\u00fcr Best\u00e4ndigkeit und Wachstum, \u00e4hnlich wie der Verein, der seit 1962 besteht und seine Mitglieder verbindet. Durch die Pflanzung wird ein lebendiges Wahrzeichen geschaffen, das die Werte des ASV62 widerspiegelt und gleichzeitig der Umwelt [&hellip;]","og_url":"https:\/\/angelverein-griesheim.de\/?page_id=10808","og_site_name":"Angelsportverein","article_modified_time":"2024-11-18T09:54:36+00:00","og_image":[{"url":"https:\/\/angelverein-griesheim.de\/wp-content\/uploads\/2024\/11\/IMG-20241110-WA0027-1.jpg"}],"twitter_card":"summary_large_image","twitter_misc":{"Gesch\u00e4tzte Lesezeit":"3\u00a0Minuten"},"schema":{"@context":"https:\/\/schema.org","@graph":[{"@type":"WebPage","@id":"https:\/\/angelverein-griesheim.de\/?page_id=10808","url":"https:\/\/angelverein-griesheim.de\/?page_id=10808","name":"Vereinsbaum - Angelsportverein","isPartOf":{"@id":"https:\/\/angelverein-griesheim.de\/#website"},"primaryImageOfPage":{"@id":"https:\/\/angelverein-griesheim.de\/?page_id=10808#primaryimage"},"image":{"@id":"https:\/\/angelverein-griesheim.de\/?page_id=10808#primaryimage"},"thumbnailUrl":"https:\/\/angelverein-griesheim.de\/wp-content\/uploads\/2024\/11\/IMG-20241110-WA0027-1.jpg","datePublished":"2024-11-18T09:52:27+00:00","dateModified":"2024-11-18T09:54:36+00:00","breadcrumb":{"@id":"https:\/\/angelverein-griesheim.de\/?page_id=10808#breadcrumb"},"inLanguage":"de","potentialAction":[{"@type":"ReadAction","target":["https:\/\/angelverein-griesheim.de\/?page_id=10808"]}]},{"@type":"ImageObject","inLanguage":"de","@id":"https:\/\/angelverein-griesheim.de\/?page_id=10808#primaryimage","url":"https:\/\/angelverein-griesheim.de\/wp-content\/uploads\/2024\/11\/IMG-20241110-WA0027-1.jpg","contentUrl":"https:\/\/angelverein-griesheim.de\/wp-content\/uploads\/2024\/11\/IMG-20241110-WA0027-1.jpg","width":2000,"height":934},{"@type":"BreadcrumbList","@id":"https:\/\/angelverein-griesheim.de\/?page_id=10808#breadcrumb","itemListElement":[{"@type":"ListItem","position":1,"name":"Startseite","item":"https:\/\/angelverein-griesheim.de\/"},{"@type":"ListItem","position":2,"name":"Vereinsbaum"}]},{"@type":"WebSite","@id":"https:\/\/angelverein-griesheim.de\/#website","url":"https:\/\/angelverein-griesheim.de\/","name":"Angelsportverein","description":"Angelsportverein","publisher":{"@id":"https:\/\/angelverein-griesheim.de\/#organization"},"potentialAction":[{"@type":"SearchAction","target":{"@type":"EntryPoint","urlTemplate":"https:\/\/angelverein-griesheim.de\/?s={search_term_string}"},"query-input":"required name=search_term_string"}],"inLanguage":"de"},{"@type":"Organization","@id":"https:\/\/angelverein-griesheim.de\/#organization","name":"Angelsportverein","url":"https:\/\/angelverein-griesheim.de\/","logo":{"@type":"ImageObject","inLanguage":"de","@id":"https:\/\/angelverein-griesheim.de\/#\/schema\/logo\/image\/","url":"https:\/\/angelverein-griesheim.de\/wp-content\/uploads\/2024\/06\/logo_angelverein.png","contentUrl":"https:\/\/angelverein-griesheim.de\/wp-content\/uploads\/2024\/06\/logo_angelverein.png","width":1200,"height":1200,"caption":"Angelsportverein"},"image":{"@id":"https:\/\/angelverein-griesheim.de\/#\/schema\/logo\/image\/"}}]}},"_links":{"self":[{"href":"https:\/\/angelverein-griesheim.de\/index.php?rest_route=\/wp\/v2\/pages\/10808","targetHints":{"allow":["GET"]}}],"collection":[{"href":"https:\/\/angelverein-griesheim.de\/index.php?rest_route=\/wp\/v2\/pages"}],"about":[{"href":"https:\/\/angelverein-griesheim.de\/index.php?rest_route=\/wp\/v2\/types\/page"}],"author":[{"embeddable":true,"href":"https:\/\/angelverein-griesheim.de\/index.php?rest_route=\/wp\/v2\/users\/3"}],"replies":[{"embeddable":true,"href":"https:\/\/angelverein-griesheim.de\/index.php?rest_route=%2Fwp%2Fv2%2Fcomments&post=10808"}],"version-history":[{"count":4,"href":"https:\/\/angelverein-griesheim.de\/index.php?rest_route=\/wp\/v2\/pages\/10808\/revisions"}],"predecessor-version":[{"id":10818,"href":"https:\/\/angelverein-griesheim.de\/index.php?rest_route=\/wp\/v2\/pages\/10808\/revisions\/10818"}],"wp:attachment":[{"href":"https:\/\/angelverein-griesheim.de\/index.php?rest_route=%2Fwp%2Fv2%2Fmedia&parent=10808"}],"curies":[{"name":"wp","href":"https:\/\/api.w.org\/{rel}","templated":true}]}}