{"id":10592,"date":"2024-09-28T12:34:08","date_gmt":"2024-09-28T10:34:08","guid":{"rendered":"https:\/\/angelverein-griesheim.de\/?page_id=10592"},"modified":"2024-09-28T12:36:04","modified_gmt":"2024-09-28T10:36:04","slug":"catch-and-clean-day-2024-2","status":"publish","type":"page","link":"https:\/\/angelverein-griesheim.de\/?page_id=10592","title":{"rendered":"Catch and Clean Day 2024"},"content":{"rendered":"\t\t<div data-elementor-type=\"wp-page\" data-elementor-id=\"10592\" class=\"elementor elementor-10592\">\n\t\t\t\t<div class=\"elementor-element elementor-element-ff52422 e-flex e-con-boxed e-con e-parent\" data-id=\"ff52422\" data-element_type=\"container\">\n\t\t\t\t\t<div class=\"e-con-inner\">\n\t\t\t\t<div class=\"elementor-element elementor-element-b718421 elementor-widget elementor-widget-text-editor\" data-id=\"b718421\" data-element_type=\"widget\" data-widget_type=\"text-editor.default\">\n\t\t\t\t<div class=\"elementor-widget-container\">\n\t\t\t<style>\/*! elementor - v3.21.0 - 26-05-2024 *\/\n.elementor-widget-text-editor.elementor-drop-cap-view-stacked .elementor-drop-cap{background-color:#69727d;color:#fff}.elementor-widget-text-editor.elementor-drop-cap-view-framed .elementor-drop-cap{color:#69727d;border:3px solid;background-color:transparent}.elementor-widget-text-editor:not(.elementor-drop-cap-view-default) .elementor-drop-cap{margin-top:8px}.elementor-widget-text-editor:not(.elementor-drop-cap-view-default) .elementor-drop-cap-letter{width:1em;height:1em}.elementor-widget-text-editor .elementor-drop-cap{float:left;text-align:center;line-height:1;font-size:50px}.elementor-widget-text-editor .elementor-drop-cap-letter{display:inline-block}<\/style>\t\t\t\t<p>Der Catch and Clean Day des Deutschen Angelfischerverbandes (DAV) am 28. September 2024 ist eine bundesweite Aktion, die dem Umweltschutz und der Gew\u00e4sserreinigung dient. Freiwillige Angler sammeln dabei M\u00fcll an Fl\u00fcssen, Seen und K\u00fcsten, um zur Erhaltung der nat\u00fcrlichen Lebensr\u00e4ume beizutragen. Diese Aktion soll das Bewusstsein f\u00fcr den verantwortungsvollen Umgang mit der Natur f\u00f6rdern. Neben dem Reinigen von Gew\u00e4ssern geht es darum, aktive Ma\u00dfnahmen gegen die Verschmutzung zu setzen und den Erhalt der Biodiversit\u00e4t zu unterst\u00fctzen. Der DAV ruft Angler und Naturfreunde auf, sich zahlreich zu beteiligen und einen aktiven Beitrag zum Umweltschutz zu leisten.<\/p>\t\t\t\t\t\t<\/div>\n\t\t\t\t<\/div>\n\t\t\t\t\t<\/div>\n\t\t\t\t<\/div>\n\t\t<div class=\"elementor-element elementor-element-dd41e1f e-flex e-con-boxed e-con e-parent\" data-id=\"dd41e1f\" data-element_type=\"container\">\n\t\t\t\t\t<div class=\"e-con-inner\">\n\t\t\t\t<div class=\"elementor-element elementor-element-5d29a31 elementor-arrows-position-inside elementor-pagination-position-outside elementor-widget elementor-widget-image-carousel\" data-id=\"5d29a31\" data-element_type=\"widget\" data-settings=\"{&quot;slides_to_show&quot;:&quot;1&quot;,&quot;navigation&quot;:&quot;both&quot;,&quot;autoplay&quot;:&quot;yes&quot;,&quot;pause_on_hover&quot;:&quot;yes&quot;,&quot;pause_on_interaction&quot;:&quot;yes&quot;,&quot;autoplay_speed&quot;:5000,&quot;infinite&quot;:&quot;yes&quot;,&quot;effect&quot;:&quot;slide&quot;,&quot;speed&quot;:500}\" data-widget_type=\"image-carousel.default\">\n\t\t\t\t<div class=\"elementor-widget-container\">\n\t\t\t<style>\/*! elementor - v3.21.0 - 26-05-2024 *\/\n.elementor-widget-image-carousel .swiper,.elementor-widget-image-carousel .swiper-container{position:static}.elementor-widget-image-carousel .swiper-container .swiper-slide figure,.elementor-widget-image-carousel .swiper .swiper-slide figure{line-height:inherit}.elementor-widget-image-carousel .swiper-slide{text-align:center}.elementor-image-carousel-wrapper:not(.swiper-container-initialized):not(.swiper-initialized) .swiper-slide{max-width:calc(100% \/ var(--e-image-carousel-slides-to-show, 3))}<\/style>\t\t<div class=\"elementor-image-carousel-wrapper swiper\" dir=\"ltr\">\n\t\t\t<div class=\"elementor-image-carousel swiper-wrapper\" aria-live=\"off\">\n\t\t\t\t\t\t\t\t<div class=\"swiper-slide\" role=\"group\" aria-roledescription=\"slide\" aria-label=\"1 von 4\"><figure class=\"swiper-slide-inner\"><img decoding=\"async\" class=\"swiper-slide-image\" src=\"https:\/\/angelverein-griesheim.de\/wp-content\/uploads\/2024\/09\/IMG-20240928-WA0000.jpg\" alt=\"IMG-20240928-WA0000\" \/><\/figure><\/div><div class=\"swiper-slide\" role=\"group\" aria-roledescription=\"slide\" aria-label=\"2 von 4\"><figure class=\"swiper-slide-inner\"><img decoding=\"async\" class=\"swiper-slide-image\" src=\"https:\/\/angelverein-griesheim.de\/wp-content\/uploads\/2024\/09\/20240928_083250-scaled.jpg\" alt=\"20240928_083250\" \/><\/figure><\/div><div class=\"swiper-slide\" role=\"group\" aria-roledescription=\"slide\" aria-label=\"3 von 4\"><figure class=\"swiper-slide-inner\"><img decoding=\"async\" class=\"swiper-slide-image\" src=\"https:\/\/angelverein-griesheim.de\/wp-content\/uploads\/2024\/09\/20240928_092154-scaled.jpg\" alt=\"20240928_092154\" \/><\/figure><\/div><div class=\"swiper-slide\" role=\"group\" aria-roledescription=\"slide\" aria-label=\"4 von 4\"><figure class=\"swiper-slide-inner\"><img decoding=\"async\" class=\"swiper-slide-image\" src=\"https:\/\/angelverein-griesheim.de\/wp-content\/uploads\/2024\/09\/IMG-20240928-WA0001.jpg\" alt=\"IMG-20240928-WA0001\" \/><\/figure><\/div>\t\t\t<\/div>\n\t\t\t\t\t\t\t\t\t\t\t\t<div class=\"elementor-swiper-button elementor-swiper-button-prev\" role=\"button\" tabindex=\"0\">\n\t\t\t\t\t\t<svg aria-hidden=\"true\" class=\"e-font-icon-svg e-eicon-chevron-left\" viewBox=\"0 0 1000 1000\" xmlns=\"http:\/\/www.w3.org\/2000\/svg\"><path d=\"M646 125C629 125 613 133 604 142L308 442C296 454 292 471 292 487 292 504 296 521 308 533L604 854C617 867 629 875 646 875 663 875 679 871 692 858 704 846 713 829 713 812 713 796 708 779 692 767L438 487 692 225C700 217 708 204 708 187 708 171 704 154 692 142 675 129 663 125 646 125Z\"><\/path><\/svg>\t\t\t\t\t<\/div>\n\t\t\t\t\t<div class=\"elementor-swiper-button elementor-swiper-button-next\" role=\"button\" tabindex=\"0\">\n\t\t\t\t\t\t<svg aria-hidden=\"true\" class=\"e-font-icon-svg e-eicon-chevron-right\" viewBox=\"0 0 1000 1000\" xmlns=\"http:\/\/www.w3.org\/2000\/svg\"><path d=\"M696 533C708 521 713 504 713 487 713 471 708 454 696 446L400 146C388 133 375 125 354 125 338 125 325 129 313 142 300 154 292 171 292 187 292 204 296 221 308 233L563 492 304 771C292 783 288 800 288 817 288 833 296 850 308 863 321 871 338 875 354 875 371 875 388 867 400 854L696 533Z\"><\/path><\/svg>\t\t\t\t\t<\/div>\n\t\t\t\t\n\t\t\t\t\t\t\t\t\t<div class=\"swiper-pagination\"><\/div>\n\t\t\t\t\t\t\t\t\t<\/div>\n\t\t\t\t<\/div>\n\t\t\t\t<\/div>\n\t\t\t\t\t<\/div>\n\t\t\t\t<\/div>\n\t\t\t\t<\/div>\n\t\t","protected":false},"excerpt":{"rendered":"<p>Der Catch and Clean Day des Deutschen Angelfischerverbandes (DAV) am 28. September 2024 ist eine bundesweite Aktion, die dem Umweltschutz und der Gew\u00e4sserreinigung dient. Freiwillige Angler sammeln dabei M\u00fcll an Fl\u00fcssen, Seen und K\u00fcsten, um zur Erhaltung der nat\u00fcrlichen Lebensr\u00e4ume beizutragen. Diese Aktion soll das Bewusstsein f\u00fcr den verantwortungsvollen Umgang mit der Natur f\u00f6rdern. Neben [&hellip;]<\/p>\n","protected":false},"author":3,"featured_media":0,"parent":0,"menu_order":0,"comment_status":"closed","ping_status":"closed","template":"","meta":{"inline_featured_image":false,"footnotes":""},"class_list":["post-10592","page","type-page","status-publish","hentry"],"yoast_head":"<!-- This site is optimized with the Yoast SEO plugin v22.8 - https:\/\/yoast.com\/wordpress\/plugins\/seo\/ -->\n<title>Catch and Clean Day 2024 - Angelsportverein<\/title>\n<meta name=\"robots\" content=\"index, follow, max-snippet:-1, max-image-preview:large, max-video-preview:-1\" \/>\n<link rel=\"canonical\" href=\"https:\/\/angelverein-griesheim.de\/?page_id=10592\" \/>\n<meta property=\"og:locale\" content=\"de_DE\" \/>\n<meta property=\"og:type\" content=\"article\" \/>\n<meta property=\"og:title\" content=\"Catch and Clean Day 2024 - Angelsportverein\" \/>\n<meta property=\"og:description\" content=\"Der Catch and Clean Day des Deutschen Angelfischerverbandes (DAV) am 28. September 2024 ist eine bundesweite Aktion, die dem Umweltschutz und der Gew\u00e4sserreinigung dient. Freiwillige Angler sammeln dabei M\u00fcll an Fl\u00fcssen, Seen und K\u00fcsten, um zur Erhaltung der nat\u00fcrlichen Lebensr\u00e4ume beizutragen. Diese Aktion soll das Bewusstsein f\u00fcr den verantwortungsvollen Umgang mit der Natur f\u00f6rdern. Neben [&hellip;]\" \/>\n<meta property=\"og:url\" content=\"https:\/\/angelverein-griesheim.de\/?page_id=10592\" \/>\n<meta property=\"og:site_name\" content=\"Angelsportverein\" \/>\n<meta property=\"article:modified_time\" content=\"2024-09-28T10:36:04+00:00\" \/>\n<meta property=\"og:image\" content=\"https:\/\/angelverein-griesheim.de\/wp-content\/uploads\/2024\/09\/IMG-20240928-WA0000.jpg\" \/>\n<meta name=\"twitter:card\" content=\"summary_large_image\" \/>\n<meta name=\"twitter:label1\" content=\"Gesch\u00e4tzte Lesezeit\" \/>\n\t<meta name=\"twitter:data1\" content=\"2\u00a0Minuten\" \/>\n<script type=\"application\/ld+json\" class=\"yoast-schema-graph\">{\"@context\":\"https:\/\/schema.org\",\"@graph\":[{\"@type\":\"WebPage\",\"@id\":\"https:\/\/angelverein-griesheim.de\/?page_id=10592\",\"url\":\"https:\/\/angelverein-griesheim.de\/?page_id=10592\",\"name\":\"Catch and Clean Day 2024 - Angelsportverein\",\"isPartOf\":{\"@id\":\"https:\/\/angelverein-griesheim.de\/#website\"},\"primaryImageOfPage\":{\"@id\":\"https:\/\/angelverein-griesheim.de\/?page_id=10592#primaryimage\"},\"image\":{\"@id\":\"https:\/\/angelverein-griesheim.de\/?page_id=10592#primaryimage\"},\"thumbnailUrl\":\"https:\/\/angelverein-griesheim.de\/wp-content\/uploads\/2024\/09\/IMG-20240928-WA0000.jpg\",\"datePublished\":\"2024-09-28T10:34:08+00:00\",\"dateModified\":\"2024-09-28T10:36:04+00:00\",\"breadcrumb\":{\"@id\":\"https:\/\/angelverein-griesheim.de\/?page_id=10592#breadcrumb\"},\"inLanguage\":\"de\",\"potentialAction\":[{\"@type\":\"ReadAction\",\"target\":[\"https:\/\/angelverein-griesheim.de\/?page_id=10592\"]}]},{\"@type\":\"ImageObject\",\"inLanguage\":\"de\",\"@id\":\"https:\/\/angelverein-griesheim.de\/?page_id=10592#primaryimage\",\"url\":\"https:\/\/angelverein-griesheim.de\/wp-content\/uploads\/2024\/09\/IMG-20240928-WA0000.jpg\",\"contentUrl\":\"https:\/\/angelverein-griesheim.de\/wp-content\/uploads\/2024\/09\/IMG-20240928-WA0000.jpg\",\"width\":1296,\"height\":972},{\"@type\":\"BreadcrumbList\",\"@id\":\"https:\/\/angelverein-griesheim.de\/?page_id=10592#breadcrumb\",\"itemListElement\":[{\"@type\":\"ListItem\",\"position\":1,\"name\":\"Startseite\",\"item\":\"https:\/\/angelverein-griesheim.de\/\"},{\"@type\":\"ListItem\",\"position\":2,\"name\":\"Catch and Clean Day 2024\"}]},{\"@type\":\"WebSite\",\"@id\":\"https:\/\/angelverein-griesheim.de\/#website\",\"url\":\"https:\/\/angelverein-griesheim.de\/\",\"name\":\"Angelsportverein\",\"description\":\"Angelsportverein\",\"publisher\":{\"@id\":\"https:\/\/angelverein-griesheim.de\/#organization\"},\"potentialAction\":[{\"@type\":\"SearchAction\",\"target\":{\"@type\":\"EntryPoint\",\"urlTemplate\":\"https:\/\/angelverein-griesheim.de\/?s={search_term_string}\"},\"query-input\":\"required name=search_term_string\"}],\"inLanguage\":\"de\"},{\"@type\":\"Organization\",\"@id\":\"https:\/\/angelverein-griesheim.de\/#organization\",\"name\":\"Angelsportverein\",\"url\":\"https:\/\/angelverein-griesheim.de\/\",\"logo\":{\"@type\":\"ImageObject\",\"inLanguage\":\"de\",\"@id\":\"https:\/\/angelverein-griesheim.de\/#\/schema\/logo\/image\/\",\"url\":\"https:\/\/angelverein-griesheim.de\/wp-content\/uploads\/2024\/06\/logo_angelverein.png\",\"contentUrl\":\"https:\/\/angelverein-griesheim.de\/wp-content\/uploads\/2024\/06\/logo_angelverein.png\",\"width\":1200,\"height\":1200,\"caption\":\"Angelsportverein\"},\"image\":{\"@id\":\"https:\/\/angelverein-griesheim.de\/#\/schema\/logo\/image\/\"}}]}<\/script>\n<!-- \/ Yoast SEO plugin. -->","yoast_head_json":{"title":"Catch and Clean Day 2024 - Angelsportverein","robots":{"index":"index","follow":"follow","max-snippet":"max-snippet:-1","max-image-preview":"max-image-preview:large","max-video-preview":"max-video-preview:-1"},"canonical":"https:\/\/angelverein-griesheim.de\/?page_id=10592","og_locale":"de_DE","og_type":"article","og_title":"Catch and Clean Day 2024 - Angelsportverein","og_description":"Der Catch and Clean Day des Deutschen Angelfischerverbandes (DAV) am 28. September 2024 ist eine bundesweite Aktion, die dem Umweltschutz und der Gew\u00e4sserreinigung dient. Freiwillige Angler sammeln dabei M\u00fcll an Fl\u00fcssen, Seen und K\u00fcsten, um zur Erhaltung der nat\u00fcrlichen Lebensr\u00e4ume beizutragen. Diese Aktion soll das Bewusstsein f\u00fcr den verantwortungsvollen Umgang mit der Natur f\u00f6rdern. Neben [&hellip;]","og_url":"https:\/\/angelverein-griesheim.de\/?page_id=10592","og_site_name":"Angelsportverein","article_modified_time":"2024-09-28T10:36:04+00:00","og_image":[{"url":"https:\/\/angelverein-griesheim.de\/wp-content\/uploads\/2024\/09\/IMG-20240928-WA0000.jpg"}],"twitter_card":"summary_large_image","twitter_misc":{"Gesch\u00e4tzte Lesezeit":"2\u00a0Minuten"},"schema":{"@context":"https:\/\/schema.org","@graph":[{"@type":"WebPage","@id":"https:\/\/angelverein-griesheim.de\/?page_id=10592","url":"https:\/\/angelverein-griesheim.de\/?page_id=10592","name":"Catch and Clean Day 2024 - Angelsportverein","isPartOf":{"@id":"https:\/\/angelverein-griesheim.de\/#website"},"primaryImageOfPage":{"@id":"https:\/\/angelverein-griesheim.de\/?page_id=10592#primaryimage"},"image":{"@id":"https:\/\/angelverein-griesheim.de\/?page_id=10592#primaryimage"},"thumbnailUrl":"https:\/\/angelverein-griesheim.de\/wp-content\/uploads\/2024\/09\/IMG-20240928-WA0000.jpg","datePublished":"2024-09-28T10:34:08+00:00","dateModified":"2024-09-28T10:36:04+00:00","breadcrumb":{"@id":"https:\/\/angelverein-griesheim.de\/?page_id=10592#breadcrumb"},"inLanguage":"de","potentialAction":[{"@type":"ReadAction","target":["https:\/\/angelverein-griesheim.de\/?page_id=10592"]}]},{"@type":"ImageObject","inLanguage":"de","@id":"https:\/\/angelverein-griesheim.de\/?page_id=10592#primaryimage","url":"https:\/\/angelverein-griesheim.de\/wp-content\/uploads\/2024\/09\/IMG-20240928-WA0000.jpg","contentUrl":"https:\/\/angelverein-griesheim.de\/wp-content\/uploads\/2024\/09\/IMG-20240928-WA0000.jpg","width":1296,"height":972},{"@type":"BreadcrumbList","@id":"https:\/\/angelverein-griesheim.de\/?page_id=10592#breadcrumb","itemListElement":[{"@type":"ListItem","position":1,"name":"Startseite","item":"https:\/\/angelverein-griesheim.de\/"},{"@type":"ListItem","position":2,"name":"Catch and Clean Day 2024"}]},{"@type":"WebSite","@id":"https:\/\/angelverein-griesheim.de\/#website","url":"https:\/\/angelverein-griesheim.de\/","name":"Angelsportverein","description":"Angelsportverein","publisher":{"@id":"https:\/\/angelverein-griesheim.de\/#organization"},"potentialAction":[{"@type":"SearchAction","target":{"@type":"EntryPoint","urlTemplate":"https:\/\/angelverein-griesheim.de\/?s={search_term_string}"},"query-input":"required name=search_term_string"}],"inLanguage":"de"},{"@type":"Organization","@id":"https:\/\/angelverein-griesheim.de\/#organization","name":"Angelsportverein","url":"https:\/\/angelverein-griesheim.de\/","logo":{"@type":"ImageObject","inLanguage":"de","@id":"https:\/\/angelverein-griesheim.de\/#\/schema\/logo\/image\/","url":"https:\/\/angelverein-griesheim.de\/wp-content\/uploads\/2024\/06\/logo_angelverein.png","contentUrl":"https:\/\/angelverein-griesheim.de\/wp-content\/uploads\/2024\/06\/logo_angelverein.png","width":1200,"height":1200,"caption":"Angelsportverein"},"image":{"@id":"https:\/\/angelverein-griesheim.de\/#\/schema\/logo\/image\/"}}]}},"_links":{"self":[{"href":"https:\/\/angelverein-griesheim.de\/index.php?rest_route=\/wp\/v2\/pages\/10592","targetHints":{"allow":["GET"]}}],"collection":[{"href":"https:\/\/angelverein-griesheim.de\/index.php?rest_route=\/wp\/v2\/pages"}],"about":[{"href":"https:\/\/angelverein-griesheim.de\/index.php?rest_route=\/wp\/v2\/types\/page"}],"author":[{"embeddable":true,"href":"https:\/\/angelverein-griesheim.de\/index.php?rest_route=\/wp\/v2\/users\/3"}],"replies":[{"embeddable":true,"href":"https:\/\/angelverein-griesheim.de\/index.php?rest_route=%2Fwp%2Fv2%2Fcomments&post=10592"}],"version-history":[{"count":5,"href":"https:\/\/angelverein-griesheim.de\/index.php?rest_route=\/wp\/v2\/pages\/10592\/revisions"}],"predecessor-version":[{"id":10601,"href":"https:\/\/angelverein-griesheim.de\/index.php?rest_route=\/wp\/v2\/pages\/10592\/revisions\/10601"}],"wp:attachment":[{"href":"https:\/\/angelverein-griesheim.de\/index.php?rest_route=%2Fwp%2Fv2%2Fmedia&parent=10592"}],"curies":[{"name":"wp","href":"https:\/\/api.w.org\/{rel}","templated":true}]}}